{"id":309022,"date":"2023-09-04T19:43:28","date_gmt":"2024-02-06T15:03:09","guid":{"rendered":"https:\/\/www.moskito.cz\/produkt\/schiessmesser-microtech-ultratech-od-green-cerakote-121-1cod\/"},"modified":"2025-05-07T11:00:37","modified_gmt":"2025-05-07T10:00:37","slug":"schiessmesser-microtech-ultratech-od-green-cerakote-121-1cod","status":"publish","type":"product","link":"https:\/\/www.moskito.cz\/de\/produkt\/schiessmesser-microtech-ultratech-od-green-cerakote-121-1cod\/","title":{"rendered":"Schie\u00dfmesser Microtech Ultratech OD Green Cerakote 121-1COD"},"content":{"rendered":"<p>Schie\u00dfmesser <strong>Microtech<\/strong> Ultratech OD Green Cerakote 121-1COD<\/p>\n<p>Ultratech wird f\u00fcr immer den Standard f\u00fcr alle Frontmesser setzen. Das Ultratech ist das urspr\u00fcngliche Double-Action-Frontmesser von Microtech und bildet die Grundlage unserer gesamten OTF-Linie. Im Laufe der Jahre wurde es mehrfach modifiziert und ist jedes Mal effizienter und zuverl\u00e4ssiger geworden. Die Ultratech-Feder bleibt immer in der \u201eRuhe\u201c-Position, au\u00dfer im gedehnten Zustand. Dadurch wird sichergestellt, dass die zusammengedr\u00fcckte Feder nicht erm\u00fcdet und der Benutzer sicherstellt, dass das Messer beim Abfeuern effektiv funktioniert. <strong>Ultratech<\/strong> kann viele verschiedene Formen annehmen; Es kann mit einer standardm\u00e4\u00dfig bearbeiteten Aluminiumplatte oder einem St\u00fcck Kohlefaser veredelt werden. Das leichte einh\u00e4ndige \u00d6ffnen und Schlie\u00dfen, das schlanke Design und die skalpellscharfe Klinge von Ultratech machen es zu einem einzigartigen Messer, das nur bei <strong>Microtech<\/strong> erh\u00e4ltlich ist. Dieses Messer hat immer wieder bewiesen, dass es jedem Hindernis standh\u00e4lt. Nur die Zeit wird zeigen, wie der n\u00e4chste Schritt f\u00fcr die Ultratech-Linie aussehen wird.<\/p>\n<p>Spezifikationen<br \/>\nAutomatisches \u00d6ffnen\/Schlie\u00dfen \u2013 Front\u00f6ffner<br \/>\nAktion: Doppelte Aktion \u2013 Automatisches Feuern\/Einfahren<br \/>\nStahl: M390<br \/>\nKlingenstil: Drop Point<br \/>\nKlingenl\u00e4nge: 8,45 cm<br \/>\nGriffl\u00e4nge: 12,5 cm<br \/>\nGriffmaterial: 6061-T6-Aluminium mit OD Green Cerakote<br \/>\nMaterial des Taschenclips: 301 Edelstahl, vollhart<br \/>\nStandard-Obermaterial: 6061-T6 AL-Legierung<br \/>\nAbzug: 303 Edelstahl<br \/>\nHergestellt in den USA<\/p>\n<p><iframe title=\"Microtech Combat Troodon Torture Test\" width=\"800\" height=\"450\" src=\"https:\/\/www.youtube.com\/embed\/xE9TeOFYEjg?feature=oembed\" frameborder=\"0\" allow=\"accelerometer; autoplay; clipboard-write; encrypted-media; gyroscope; picture-in-picture; web-share\" allowfullscreen><\/iframe><\/p>\n<p>&nbsp;<\/p>\n","protected":false},"excerpt":{"rendered":"<p><strong>Microtechs Ultratech ist eines ihrer beliebtesten Modelle und bietet definitiv das beste Preis-Leistungs-Verh\u00e4ltnis.<\/strong><\/p>\n<p><strong>F\u00fcr alle Microtech-Messer gilt eine lebenslange Garantie. Kostenloser Transport.<\/strong><\/p>\n","protected":false},"featured_media":309056,"comment_status":"open","ping_status":"closed","template":"","meta":[],"pwb-brand":[3278],"product_brand":[],"product_cat":[3285,3343],"product_tag":[3669],"class_list":{"0":"post-309022","1":"product","2":"type-product","3":"status-publish","4":"has-post-thumbnail","6":"pwb-brand-microtech-de","7":"product_cat-messer","8":"product_cat-schiesmesser","9":"product_tag-b2b-de","11":"first","12":"outofstock","13":"taxable","14":"shipping-taxable","15":"purchasable","16":"product-type-simple"},"brands":[{"id":3278,"name":"Microtech","slug":"microtech-de"}],"_links":{"self":[{"href":"https:\/\/www.moskito.cz\/de\/wp-json\/wp\/v2\/product\/309022","targetHints":{"allow":["GET"]}}],"collection":[{"href":"https:\/\/www.moskito.cz\/de\/wp-json\/wp\/v2\/product"}],"about":[{"href":"https:\/\/www.moskito.cz\/de\/wp-json\/wp\/v2\/types\/product"}],"replies":[{"embeddable":true,"href":"https:\/\/www.moskito.cz\/de\/wp-json\/wp\/v2\/comments?post=309022"}],"wp:featuredmedia":[{"embeddable":true,"href":"https:\/\/www.moskito.cz\/de\/wp-json\/wp\/v2\/media\/309056"}],"wp:attachment":[{"href":"https:\/\/www.moskito.cz\/de\/wp-json\/wp\/v2\/media?parent=309022"}],"wp:term":[{"taxonomy":"pwb-brand","embeddable":true,"href":"https:\/\/www.moskito.cz\/de\/wp-json\/wp\/v2\/pwb-brand?post=309022"},{"taxonomy":"product_brand","embeddable":true,"href":"https:\/\/www.moskito.cz\/de\/wp-json\/wp\/v2\/product_brand?post=309022"},{"taxonomy":"product_cat","embeddable":true,"href":"https:\/\/www.moskito.cz\/de\/wp-json\/wp\/v2\/product_cat?post=309022"},{"taxonomy":"product_tag","embeddable":true,"href":"https:\/\/www.moskito.cz\/de\/wp-json\/wp\/v2\/product_tag?post=309022"}],"curies":[{"name":"wp","href":"https:\/\/api.w.org\/{rel}","templated":true}]}}