{"id":309024,"date":"2023-10-06T19:56:16","date_gmt":"2024-02-06T15:03:09","guid":{"rendered":"https:\/\/www.moskito.cz\/produkt\/microtech-hera-signature-stonewashed-hellhound-919-10s-schiessmesser\/"},"modified":"2025-05-07T11:00:38","modified_gmt":"2025-05-07T10:00:38","slug":"microtech-hera-signature-stonewashed-hellhound-919-10s-schiessmesser","status":"publish","type":"product","link":"https:\/\/www.moskito.cz\/de\/produkt\/microtech-hera-signature-stonewashed-hellhound-919-10s-schiessmesser\/","title":{"rendered":"Microtech Hera Signature Stonewashed Hellhound 919-10S Schie\u00dfmesser"},"content":{"rendered":"<p><strong>Microtech<\/strong> Hera Signature Stonewashed Hellhound 919-10S Schie\u00dfmesser<\/p>\n<p>Das Hera ist ein wundersch\u00f6nes Double-Action-Frontauto mit einer Rahmenform, die lose an das Troodon-Design angelehnt ist. Allerdings ist es ergonomischer, mit maschinell bearbeiteten Endst\u00fccken f\u00fcr einen besseren Halt und, unserer Meinung nach, einer verbesserten Optik. Alles an diesem Design schreit sowohl nach Raffinesse als auch nach Funktionalit\u00e4t. Es ist eines der besten Allround-Automatik-OTF-Designs in einem extrem \u00fcberf\u00fcllten Bereich und hat genau die richtige Gr\u00f6\u00dfe f\u00fcr den t\u00e4glichen Transport.<\/p>\n<p>Spezifikationen<br \/>\nKlingenl\u00e4nge: 8 cm<br \/>\nGesamtl\u00e4nge: 19 cm<br \/>\nStahl: M390<br \/>\nKlingenstil: Hellhound Tanto<br \/>\nKlingenschliff: Flach<br \/>\nOberfl\u00e4chenbehandlung der Klinge: Stonewash<br \/>\nGriffmaterial: Schwarz eloxiertes Flugzeugaluminium<br \/>\nVerriegelungsmechanismus: Daumenschieber<br \/>\nTaschenclip: Titan (nach unten klappen, rechts tragen)<br \/>\nGewicht: 3,10 Unzen.<br \/>\nDesigner: Tony und Sean Marfione<br \/>\nHergestellt in den USA<\/p>\n<p><iframe title=\"Microtech Combat Troodon Torture Test\" width=\"800\" height=\"450\" src=\"https:\/\/www.youtube.com\/embed\/xE9TeOFYEjg?feature=oembed\" frameborder=\"0\" allow=\"accelerometer; autoplay; clipboard-write; encrypted-media; gyroscope; picture-in-picture; web-share\" allowfullscreen><\/iframe><\/p>\n<p>&nbsp;<\/p>\n","protected":false},"excerpt":{"rendered":"<p><strong>Im Laufe der Jahre hat Microtech\u00ae Knives Messer mit Leidenschaft und K\u00f6nnen gef\u00fcllt, um nahezu Kunstwerke zu schaffen, die den Gipfel der Funktionalit\u00e4t darstellen. Alle Teile werden in den USA hergestellt.<\/strong><br \/>\n<strong>Alle Microtech-Messer haben eine lebenslange Garantie (mindestens 80.000 Zyklen, \u00d6ffnen und Schlie\u00dfen).<\/strong><\/p>\n<p><strong>Kostenloser Transport.<\/strong><\/p>\n","protected":false},"featured_media":309050,"comment_status":"open","ping_status":"closed","template":"","meta":[],"pwb-brand":[3278],"product_brand":[],"product_cat":[3285,3343],"product_tag":[3669],"class_list":{"0":"post-309024","1":"product","2":"type-product","3":"status-publish","4":"has-post-thumbnail","6":"pwb-brand-microtech-de","7":"product_cat-messer","8":"product_cat-schiesmesser","9":"product_tag-b2b-de","11":"first","12":"instock","13":"taxable","14":"shipping-taxable","15":"purchasable","16":"product-type-simple"},"brands":[{"id":3278,"name":"Microtech","slug":"microtech-de"}],"_links":{"self":[{"href":"https:\/\/www.moskito.cz\/de\/wp-json\/wp\/v2\/product\/309024","targetHints":{"allow":["GET"]}}],"collection":[{"href":"https:\/\/www.moskito.cz\/de\/wp-json\/wp\/v2\/product"}],"about":[{"href":"https:\/\/www.moskito.cz\/de\/wp-json\/wp\/v2\/types\/product"}],"replies":[{"embeddable":true,"href":"https:\/\/www.moskito.cz\/de\/wp-json\/wp\/v2\/comments?post=309024"}],"wp:featuredmedia":[{"embeddable":true,"href":"https:\/\/www.moskito.cz\/de\/wp-json\/wp\/v2\/media\/309050"}],"wp:attachment":[{"href":"https:\/\/www.moskito.cz\/de\/wp-json\/wp\/v2\/media?parent=309024"}],"wp:term":[{"taxonomy":"pwb-brand","embeddable":true,"href":"https:\/\/www.moskito.cz\/de\/wp-json\/wp\/v2\/pwb-brand?post=309024"},{"taxonomy":"product_brand","embeddable":true,"href":"https:\/\/www.moskito.cz\/de\/wp-json\/wp\/v2\/product_brand?post=309024"},{"taxonomy":"product_cat","embeddable":true,"href":"https:\/\/www.moskito.cz\/de\/wp-json\/wp\/v2\/product_cat?post=309024"},{"taxonomy":"product_tag","embeddable":true,"href":"https:\/\/www.moskito.cz\/de\/wp-json\/wp\/v2\/product_tag?post=309024"}],"curies":[{"name":"wp","href":"https:\/\/api.w.org\/{rel}","templated":true}]}}