{"id":309082,"date":"2023-08-31T21:07:08","date_gmt":"2024-02-06T15:03:12","guid":{"rendered":"https:\/\/www.moskito.cz\/produkt\/feststehendes-messer-microtech-bee-apocalyptic-218-10apgtbks\/"},"modified":"2025-05-07T11:00:39","modified_gmt":"2025-05-07T10:00:39","slug":"feststehendes-messer-microtech-bee-apocalyptic-218-10apgtbks","status":"publish","type":"product","link":"https:\/\/www.moskito.cz\/de\/produkt\/feststehendes-messer-microtech-bee-apocalyptic-218-10apgtbks\/","title":{"rendered":"Feststehendes Messer Microtech Bee Apocalyptic 218-10APGTBKS"},"content":{"rendered":"<p>Feststehendes Messer <strong>Microtech<\/strong> Bee Apocalyptic 218-10APGTBKS<\/p>\n<p><strong>Der Microtech<\/strong> 218-10APGTBKS Bee ist ein kollaborativer Sto\u00dfdolch, der in Zusammenarbeit mit <strong>Bastinelli Knives<\/strong> entwickelt wurde. Dieses Messer ist stilvoll und \u00e4u\u00dferst effektiv gestaltet und zeichnet sich hervorragend im Nahkampf (CQC) aus. Der Bee ist auf die spezifischen Anforderungen von CQC ausgerichtet und bietet einen schnellen und zuverl\u00e4ssigen Einsatz, hervorragende Schneid- und Durchdringungseigenschaften, ein niedriges Sichtprofil, modulare Trageoptionen und eine robuste Konstruktion. Ob f\u00fcr taktische Zwecke oder zum t\u00e4glichen Tragen, dieses Messer erweist sich als vielseitige und zuverl\u00e4ssige solide Klinge. Der BEE Tactical Push Dagger von Microtech bietet viel Schneidkraft in einem kleinen Paket. Wenn Sie Ihre taktische Ausr\u00fcstung auf sinnvolle, einzigartige und praktische Weise erg\u00e4nzen m\u00f6chten, ist die BEE-Klinge genau das Richtige f\u00fcr Sie!<\/p>\n<p><strong>Die Bee<\/strong> zeichnet sich durch taktische Szenarien aus, die schnelle und effektive Angriffe mit minimalem Training oder Aufwand erm\u00f6glichen. Seine geraden Schl\u00e4ge, St\u00f6\u00dfe und Hammerf\u00e4uste bieten ein enormes Schneidpotenzial. Die mitgelieferte Friction-Fit-Kydex-Scheide verf\u00fcgt \u00fcber einen diskreten Trageclip (IWB), der daf\u00fcr sorgt, dass das Messer immer griffbereit und einsatzbereit ist. W\u00e4hrend es in taktischen Situationen in letzter Minute wirklich gl\u00e4nzt, eignet sich dieses Messer ebenso gut f\u00fcr den t\u00e4glichen Gebrauch.<\/p>\n<p>Gesamtl\u00e4nge: 11,25 cm<br \/>\nKlingenl\u00e4nge: 6,25 cm<br \/>\nKlingenmaterial: B\u00f6hler M390<br \/>\nKlingenstil: Hawkbill<br \/>\nFinish: Bead Blast, Stonewash<br \/>\nRandtyp: Uni<br \/>\nGriffl\u00e4nge: 7,17 cm<br \/>\nGriffmaterial: G-10<br \/>\nSchwarze Farbe<br \/>\nGewicht: 1,40 Unzen<br \/>\nBenutzer: Rechte Hand<br \/>\nScheide: Kydex<br \/>\nMessertyp: Feste Klinge<br \/>\nMarke: Microtech<br \/>\nModellnummer: 218-10APGTBKS<br \/>\nHerkunftsland: USA<br \/>\nBeste Verwendung: Taktisch<br \/>\nProdukttyp: Messer<\/p>\n<p><iframe title=\"Microtech Combat Troodon Torture Test\" width=\"800\" height=\"450\" src=\"https:\/\/www.youtube.com\/embed\/xE9TeOFYEjg?feature=oembed\" frameborder=\"0\" allow=\"accelerometer; autoplay; clipboard-write; encrypted-media; gyroscope; picture-in-picture; web-share\" allowfullscreen><\/iframe><\/p>\n<p>&nbsp;<\/p>\n","protected":false},"excerpt":{"rendered":"<p><strong>Im Laufe der Jahre hat Microtech\u00ae Knives Messer mit Leidenschaft und K\u00f6nnen gef\u00fcllt, um nahezu Kunstwerke zu schaffen, die den Gipfel der Funktionalit\u00e4t darstellen. Alle Teile werden in den USA hergestellt.<\/strong><br \/>\n<strong>F\u00fcr alle Microtech-Messer gilt eine lebenslange Garantie.<\/strong><\/p>\n","protected":false},"featured_media":309103,"comment_status":"open","ping_status":"closed","template":"","meta":[],"pwb-brand":[3278],"product_brand":[],"product_cat":[3285,3287],"product_tag":[3669],"class_list":{"0":"post-309082","1":"product","2":"type-product","3":"status-publish","4":"has-post-thumbnail","6":"pwb-brand-microtech-de","7":"product_cat-messer","8":"product_cat-solide-messer","9":"product_tag-b2b-de","11":"first","12":"outofstock","13":"taxable","14":"shipping-taxable","15":"purchasable","16":"product-type-simple"},"brands":[{"id":3278,"name":"Microtech","slug":"microtech-de"}],"_links":{"self":[{"href":"https:\/\/www.moskito.cz\/de\/wp-json\/wp\/v2\/product\/309082","targetHints":{"allow":["GET"]}}],"collection":[{"href":"https:\/\/www.moskito.cz\/de\/wp-json\/wp\/v2\/product"}],"about":[{"href":"https:\/\/www.moskito.cz\/de\/wp-json\/wp\/v2\/types\/product"}],"replies":[{"embeddable":true,"href":"https:\/\/www.moskito.cz\/de\/wp-json\/wp\/v2\/comments?post=309082"}],"wp:featuredmedia":[{"embeddable":true,"href":"https:\/\/www.moskito.cz\/de\/wp-json\/wp\/v2\/media\/309103"}],"wp:attachment":[{"href":"https:\/\/www.moskito.cz\/de\/wp-json\/wp\/v2\/media?parent=309082"}],"wp:term":[{"taxonomy":"pwb-brand","embeddable":true,"href":"https:\/\/www.moskito.cz\/de\/wp-json\/wp\/v2\/pwb-brand?post=309082"},{"taxonomy":"product_brand","embeddable":true,"href":"https:\/\/www.moskito.cz\/de\/wp-json\/wp\/v2\/product_brand?post=309082"},{"taxonomy":"product_cat","embeddable":true,"href":"https:\/\/www.moskito.cz\/de\/wp-json\/wp\/v2\/product_cat?post=309082"},{"taxonomy":"product_tag","embeddable":true,"href":"https:\/\/www.moskito.cz\/de\/wp-json\/wp\/v2\/product_tag?post=309082"}],"curies":[{"name":"wp","href":"https:\/\/api.w.org\/{rel}","templated":true}]}}