{"id":309372,"date":"2023-07-06T16:14:05","date_gmt":"2024-02-06T15:03:51","guid":{"rendered":"https:\/\/www.moskito.cz\/produkt\/feststehendes-messer-microtech-arbiter-apocalyptic-double-edge-104-10\/"},"modified":"2025-05-07T11:00:48","modified_gmt":"2025-05-07T10:00:48","slug":"feststehendes-messer-microtech-arbiter-apocalyptic-double-edge-104-10","status":"publish","type":"product","link":"https:\/\/www.moskito.cz\/de\/produkt\/feststehendes-messer-microtech-arbiter-apocalyptic-double-edge-104-10\/","title":{"rendered":"Feststehendes Messer Microtech Arbiter Apocalyptic Double Edge 104-10"},"content":{"rendered":"<p>Feststehendes Messer <strong>Microtech<\/strong> Arbiter Apocalyptic Double Edge 104-10<\/p>\n<p>Das Konzept f\u00fcr Arbiter wurde urspr\u00fcnglich 2012 von Adam Marfione entworfen. Microtech freut sich, dieses St\u00fcck in Produktion zu bringen, da Adam sich zunehmend zu einem integralen Bestandteil ihres Teams entwickelt. Das Arbiter war bisher nur als Custom-Messer erh\u00e4ltlich und verf\u00fcgt \u00fcber eine 23 cm lange Bowie-Klinge zum Anstecken mit einer elegant geschwungenen Prim\u00e4rkante und einer sekund\u00e4ren Oberkante. Beide laufen zu einem erhabenen Dorn mit verheerender Durchschlagskraft zusammen. Die G10-Schalen verf\u00fcgen \u00fcber eine kreuz und quer gemusterte Textur und Rillen entlang der Griffkante, die einen beeindruckenden Halt bieten und eine perfekte Harmonie zwischen Benutzer und Werkzeug schaffen. Der Arbiter wird mit einem eigenen Tragesystem geliefert, das an einem geformten Verbundgeh\u00e4use befestigt ist.<br \/>\nSpezifikationen<\/p>\n<p>Klingenl\u00e4nge: 23 cm<br \/>\nStahl: M390<br \/>\nGesamtl\u00e4nge: 35 cm<br \/>\nSchalenmaterial: Verbundwerkstoff mit eigenem St\u00fctzsystem<br \/>\nGriffmaterial: G10\/FR4-Verbundwerkstoff<br \/>\nGewicht: 18 Unzen.<br \/>\nHergestellt in den USA<\/p>\n<p><iframe title=\"Microtech Combat Troodon Torture Test\" width=\"800\" height=\"450\" src=\"https:\/\/www.youtube.com\/embed\/xE9TeOFYEjg?feature=oembed\" frameborder=\"0\" allow=\"accelerometer; autoplay; clipboard-write; encrypted-media; gyroscope; picture-in-picture; web-share\" allowfullscreen><\/iframe><\/p>\n<p>&nbsp;<\/p>\n<p>&nbsp;<\/p>\n","protected":false},"excerpt":{"rendered":"<p><strong>Im Laufe der Jahre hat Microtech\u00ae Knives Messer mit Leidenschaft und K\u00f6nnen gef\u00fcllt, um nahezu Kunstwerke zu schaffen, die den Gipfel der Funktionalit\u00e4t darstellen. Alle Teile werden in den USA hergestellt.<\/strong><br \/>\n<strong>F\u00fcr alle Microtech-Messer gilt eine lebenslange Garantie.<\/strong><\/p>\n<p><strong>Kostenloser Transport.<\/strong><\/p>\n","protected":false},"featured_media":309397,"comment_status":"open","ping_status":"closed","template":"","meta":[],"pwb-brand":[3278],"product_brand":[],"product_cat":[3285,3287],"product_tag":[3669],"class_list":{"0":"post-309372","1":"product","2":"type-product","3":"status-publish","4":"has-post-thumbnail","6":"pwb-brand-microtech-de","7":"product_cat-messer","8":"product_cat-solide-messer","9":"product_tag-b2b-de","11":"first","12":"outofstock","13":"taxable","14":"shipping-taxable","15":"purchasable","16":"product-type-simple"},"brands":[{"id":3278,"name":"Microtech","slug":"microtech-de"}],"_links":{"self":[{"href":"https:\/\/www.moskito.cz\/de\/wp-json\/wp\/v2\/product\/309372","targetHints":{"allow":["GET"]}}],"collection":[{"href":"https:\/\/www.moskito.cz\/de\/wp-json\/wp\/v2\/product"}],"about":[{"href":"https:\/\/www.moskito.cz\/de\/wp-json\/wp\/v2\/types\/product"}],"replies":[{"embeddable":true,"href":"https:\/\/www.moskito.cz\/de\/wp-json\/wp\/v2\/comments?post=309372"}],"wp:featuredmedia":[{"embeddable":true,"href":"https:\/\/www.moskito.cz\/de\/wp-json\/wp\/v2\/media\/309397"}],"wp:attachment":[{"href":"https:\/\/www.moskito.cz\/de\/wp-json\/wp\/v2\/media?parent=309372"}],"wp:term":[{"taxonomy":"pwb-brand","embeddable":true,"href":"https:\/\/www.moskito.cz\/de\/wp-json\/wp\/v2\/pwb-brand?post=309372"},{"taxonomy":"product_brand","embeddable":true,"href":"https:\/\/www.moskito.cz\/de\/wp-json\/wp\/v2\/product_brand?post=309372"},{"taxonomy":"product_cat","embeddable":true,"href":"https:\/\/www.moskito.cz\/de\/wp-json\/wp\/v2\/product_cat?post=309372"},{"taxonomy":"product_tag","embeddable":true,"href":"https:\/\/www.moskito.cz\/de\/wp-json\/wp\/v2\/product_tag?post=309372"}],"curies":[{"name":"wp","href":"https:\/\/api.w.org\/{rel}","templated":true}]}}