{"id":309406,"date":"2023-07-09T10:35:40","date_gmt":"2024-02-06T15:04:02","guid":{"rendered":"https:\/\/www.moskito.cz\/produkt\/heretic-knives-manticore-e-bounty-hunter-h027-8a-bounty-klappmesser\/"},"modified":"2025-05-07T11:00:48","modified_gmt":"2025-05-07T10:00:48","slug":"heretic-knives-manticore-e-bounty-hunter-h027-8a-bounty-klappmesser","status":"publish","type":"product","link":"https:\/\/www.moskito.cz\/de\/produkt\/heretic-knives-manticore-e-bounty-hunter-h027-8a-bounty-klappmesser\/","title":{"rendered":"Heretic Knives Manticore E Bounty Hunter H027-8A-BOUNTY Klappmesser"},"content":{"rendered":"<p><strong>Heretic<\/strong> Knives Manticore E Bounty Hunter H027-8A-BOUNTY Klappmesser<\/p>\n<p>Das Manticore E von <strong>Heretic Knives<\/strong> f\u00e4llt genau in die Manticore-Reihe und liegt in der Gr\u00f6\u00dfe genau zwischen den Modellen S und ber\u00fchmte Microtech Ultratech. Dieses Messer wird zu 100 % in den USA hergestellt und zusammengebaut und verf\u00fcgt \u00fcber eine lebenslange Garantie, sodass Sie sicher sein k\u00f6nnen, dass dieses OTF lange h\u00e4lt. Es verf\u00fcgt \u00fcber eine seidenweiche, einh\u00e4ndige Passform und Zugkraft, die im gesamten Manticore-Sortiment Standard ist. Die E-Variante verf\u00fcgt \u00fcber eine ideale 3-Zoll-Klinge, eine integrierte Fangriemen\u00f6se, einen Glasbrecher aus geh\u00e4rtetem Stahl und eine tiefe Schnalle. Durch sein schlankes Profil und seine leichte Beschaffenheit l\u00e4sst es sich leicht in der Hand tragen und ist jederzeit einsatzbereit. Die Action macht s\u00fcchtig, die Ergonomie stimmt und die Verarbeitungsqualit\u00e4t ist erstklassig. Sie werden nicht entt\u00e4uscht sein.<br \/>\nSpezifikationen<\/p>\n<p>Klingenl\u00e4nge: <span id=\"cwos\" class=\"qv3Wpe\">7,62<\/span> cm<br \/>\nL\u00e4nge geschlossen: <span id=\"cwos\" class=\"qv3Wpe\">11,75<\/span> cm<br \/>\nGesamtl\u00e4nge: <span id=\"cwos\" class=\"qv3Wpe\">19,37<\/span> cm<br \/>\nKlingenmaterial: CPM-MagnaCut Edelstahl<br \/>\nKlingenst\u00e4rke: 0,31 cm<br \/>\nKlingenstil: Tanto<br \/>\nKlingenschliff: Flach<br \/>\nKlingenfinish: Battle Black<br \/>\nGriffmaterial: Gr\u00fcnes Aluminium mit CamoCarbon-Oberseite<br \/>\nGriffst\u00e4rke: 0,47 Zoll<br \/>\nVerriegelungsmechanismus: Schiebend<br \/>\nTaschenclip: Battle Red Titanium (nach unten klappen, rechts tragen)<br \/>\nGewicht: 3,30 Unzen.<br \/>\nDesigner: Tony Marfione Jr.<br \/>\nHergestellt in den USA<\/p>\n<p><iframe title=\"Microtech Combat Troodon Torture Test\" width=\"800\" height=\"450\" src=\"https:\/\/www.youtube.com\/embed\/xE9TeOFYEjg?feature=oembed\" frameborder=\"0\" allow=\"accelerometer; autoplay; clipboard-write; encrypted-media; gyroscope; picture-in-picture; web-share\" allowfullscreen><\/iframe><\/p>\n<p>&nbsp;<\/p>\n<p>&nbsp;<\/p>\n","protected":false},"excerpt":{"rendered":"<p>Das Manticore E von Heretic Knives geh\u00f6rt genau zur Manticore-Reihe und liegt in der Gr\u00f6\u00dfe genau zwischen den S- und X-Modellen.<\/p>\n","protected":false},"featured_media":309453,"comment_status":"open","ping_status":"closed","template":"","meta":[],"pwb-brand":[3665],"product_brand":[],"product_cat":[3285,3343],"product_tag":[3669],"class_list":{"0":"post-309406","1":"product","2":"type-product","3":"status-publish","4":"has-post-thumbnail","6":"pwb-brand-ketzermesser","7":"product_cat-messer","8":"product_cat-schiesmesser","9":"product_tag-b2b-de","11":"first","12":"instock","13":"taxable","14":"shipping-taxable","15":"purchasable","16":"product-type-simple"},"brands":[{"id":3665,"name":"Ketzermesser","slug":"ketzermesser"}],"_links":{"self":[{"href":"https:\/\/www.moskito.cz\/de\/wp-json\/wp\/v2\/product\/309406","targetHints":{"allow":["GET"]}}],"collection":[{"href":"https:\/\/www.moskito.cz\/de\/wp-json\/wp\/v2\/product"}],"about":[{"href":"https:\/\/www.moskito.cz\/de\/wp-json\/wp\/v2\/types\/product"}],"replies":[{"embeddable":true,"href":"https:\/\/www.moskito.cz\/de\/wp-json\/wp\/v2\/comments?post=309406"}],"wp:featuredmedia":[{"embeddable":true,"href":"https:\/\/www.moskito.cz\/de\/wp-json\/wp\/v2\/media\/309453"}],"wp:attachment":[{"href":"https:\/\/www.moskito.cz\/de\/wp-json\/wp\/v2\/media?parent=309406"}],"wp:term":[{"taxonomy":"pwb-brand","embeddable":true,"href":"https:\/\/www.moskito.cz\/de\/wp-json\/wp\/v2\/pwb-brand?post=309406"},{"taxonomy":"product_brand","embeddable":true,"href":"https:\/\/www.moskito.cz\/de\/wp-json\/wp\/v2\/product_brand?post=309406"},{"taxonomy":"product_cat","embeddable":true,"href":"https:\/\/www.moskito.cz\/de\/wp-json\/wp\/v2\/product_cat?post=309406"},{"taxonomy":"product_tag","embeddable":true,"href":"https:\/\/www.moskito.cz\/de\/wp-json\/wp\/v2\/product_tag?post=309406"}],"curies":[{"name":"wp","href":"https:\/\/api.w.org\/{rel}","templated":true}]}}