{"id":309494,"date":"2023-07-09T11:18:28","date_gmt":"2024-02-06T15:04:06","guid":{"rendered":"https:\/\/www.moskito.cz\/produkt\/heretic-knives-custom-cleric-ii-schiessmesser-mit-damastklinge\/"},"modified":"2025-05-07T11:00:52","modified_gmt":"2025-05-07T10:00:52","slug":"heretic-knives-custom-cleric-ii-schiessmesser-mit-damastklinge","status":"publish","type":"product","link":"https:\/\/www.moskito.cz\/de\/produkt\/heretic-knives-custom-cleric-ii-schiessmesser-mit-damastklinge\/","title":{"rendered":"Heretic Knives Custom Cleric II Schie\u00dfmesser mit Damastklinge"},"content":{"rendered":"<p>Heretic Knives Custom Cleric II Schie\u00dfmesser mit Damastklinge.<\/p>\n<p>Custom Cleric II D\/E Schwarz mit Carbon-Silber-Inlay, Schlangenleder, Baker Forge Damastklinge<\/p>\n<p>Das Heretic Knives Cleric II ist ein Double-Action-Frontauto mit hochwertigem Schnitt und Finish und einer superweichen D\/A-OTF-Aktion! F\u00fcr eine einfache Bedienung ist es mit einer vorderen Schiebeabdeckung ausgestattet. Es ist eines der l\u00e4ngsten OTF-Double-Action-Messer in der Produktion und ein starker Konkurrent des alten Microtech Makora II. Es wird Ihnen sicher gefallen. Komplett mit gefr\u00e4stem Titan-Rolltaschenclip.<\/p>\n<p>Dieses ma\u00dfgeschneiderte Modell verf\u00fcgt \u00fcber einen schwarzen Griff mit auff\u00e4lligen Schlangenhauteinlagen in Carbon-Silber. Baker Forge zweischneidige Damast-Dolchklinge. Auf der Seite des Rahmens sind das Heretic-Logo, Modellinformationen und die Seriennummer eingraviert. Limitiertes Modell von der Blade Show 2023. Ganz neu im Karton mit Etui und Echtheitszertifikat.<\/p>\n<p>Herkunftsland: USA<br \/>\nEntstehungsdatum: 2023<br \/>\nZustand: brandneu<br \/>\nGriffmaterial: Carbon<br \/>\nKlingenmaterial: Damast<br \/>\nKlingenstil: Doppelschneidiger Dolch<br \/>\nKlingenfinish: Baker Forge Damaskus<br \/>\nKantentyp: Standard<br \/>\nModell\/Muster: Cleric II<br \/>\nMessertyp: Double-Action-Automatik-OTF<br \/>\nSchlosstyp: Vorne<br \/>\nKlingenl\u00e4nge: <span id=\"cwos\" class=\"qv3Wpe\">10,62<\/span> cm<br \/>\nGriffl\u00e4nge: <span id=\"cwos\" class=\"qv3Wpe\">13,62<\/span> cm<br \/>\nGesamtl\u00e4nge: 25 cm<br \/>\nGewicht: 4 Unzen<\/p>\n<p><iframe title=\"Microtech Combat Troodon Torture Test\" width=\"800\" height=\"450\" src=\"https:\/\/www.youtube.com\/embed\/xE9TeOFYEjg?feature=oembed\" frameborder=\"0\" allow=\"accelerometer; autoplay; clipboard-write; encrypted-media; gyroscope; picture-in-picture; web-share\" allowfullscreen><\/iframe><\/p>\n<p>&nbsp;<\/p>\n<p>&nbsp;<\/p>\n<p>&nbsp;<\/p>\n","protected":false},"excerpt":{"rendered":"<p><strong>Das Heretic Knives Cleric II ist ein Double-Action-Frontauto mit hochwertigem Schnitt und Finish und einer superweichen D\/A-OTF-Aktion!<\/strong><\/p>\n","protected":false},"featured_media":309504,"comment_status":"open","ping_status":"closed","template":"","meta":[],"pwb-brand":[3665],"product_brand":[],"product_cat":[3285,3343],"product_tag":[3669],"class_list":{"0":"post-309494","1":"product","2":"type-product","3":"status-publish","4":"has-post-thumbnail","6":"pwb-brand-ketzermesser","7":"product_cat-messer","8":"product_cat-schiesmesser","9":"product_tag-b2b-de","11":"first","12":"outofstock","13":"taxable","14":"shipping-taxable","15":"purchasable","16":"product-type-simple"},"brands":[{"id":3665,"name":"Ketzermesser","slug":"ketzermesser"}],"_links":{"self":[{"href":"https:\/\/www.moskito.cz\/de\/wp-json\/wp\/v2\/product\/309494","targetHints":{"allow":["GET"]}}],"collection":[{"href":"https:\/\/www.moskito.cz\/de\/wp-json\/wp\/v2\/product"}],"about":[{"href":"https:\/\/www.moskito.cz\/de\/wp-json\/wp\/v2\/types\/product"}],"replies":[{"embeddable":true,"href":"https:\/\/www.moskito.cz\/de\/wp-json\/wp\/v2\/comments?post=309494"}],"wp:featuredmedia":[{"embeddable":true,"href":"https:\/\/www.moskito.cz\/de\/wp-json\/wp\/v2\/media\/309504"}],"wp:attachment":[{"href":"https:\/\/www.moskito.cz\/de\/wp-json\/wp\/v2\/media?parent=309494"}],"wp:term":[{"taxonomy":"pwb-brand","embeddable":true,"href":"https:\/\/www.moskito.cz\/de\/wp-json\/wp\/v2\/pwb-brand?post=309494"},{"taxonomy":"product_brand","embeddable":true,"href":"https:\/\/www.moskito.cz\/de\/wp-json\/wp\/v2\/product_brand?post=309494"},{"taxonomy":"product_cat","embeddable":true,"href":"https:\/\/www.moskito.cz\/de\/wp-json\/wp\/v2\/product_cat?post=309494"},{"taxonomy":"product_tag","embeddable":true,"href":"https:\/\/www.moskito.cz\/de\/wp-json\/wp\/v2\/product_tag?post=309494"}],"curies":[{"name":"wp","href":"https:\/\/api.w.org\/{rel}","templated":true}]}}