{"id":309501,"date":"2023-07-07T13:41:32","date_gmt":"2024-02-06T15:04:07","guid":{"rendered":"https:\/\/www.moskito.cz\/produkt\/feststehendes-messer-microtech-borka-apocalyptic-stonewash-blade-201-12ap\/"},"modified":"2025-05-07T11:00:52","modified_gmt":"2025-05-07T10:00:52","slug":"feststehendes-messer-microtech-borka-apocalyptic-stonewash-blade-201-12ap","status":"publish","type":"product","link":"https:\/\/www.moskito.cz\/de\/produkt\/feststehendes-messer-microtech-borka-apocalyptic-stonewash-blade-201-12ap\/","title":{"rendered":"Feststehendes Messer Microtech\/Borka Apocalyptic Stonewash Blade 201-12AP"},"content":{"rendered":"<p>Feststehendes Messer <strong>Microtech<\/strong> \/ Borka Apocalyptic Stonewash Blade 201-12AP<\/p>\n<p>Das SBD Fixed Blade ist ein bedrohliches St\u00fcck des Messermachers Sebastjan Berenji (Borka Blades), das auf seinem eigenen SBD-Design basiert, einer Version seines ber\u00fchmten SBK-Messers mit persischer Klingenform. Es hat eine quadratische Spitze mit einer Blutrinne und L\u00f6chern. Der SBD-Griff besteht aus \u00e4sthetisch ansprechendem G10, das f\u00fcr eine optimale Griffergonomie perfekt gefr\u00e4st ist. Wird mit einer Kydexscheide geliefert.<\/p>\n<p>Designer: Sebastijan Berenji \u2013 Borka Blades<br \/>\nGesamtl\u00e4nge: 22,5 cm<br \/>\nKlinge: 11 cm Doppelschneide, Apocalyptic Stonewash, gezahnt<br \/>\nGriff: <span id=\"cwos\" class=\"qv3Wpe\">11,25<\/span> cm G10 schwarz (gefr\u00e4st)<br \/>\nScheide: Kydex<br \/>\nGewicht: 6,5 Unzen<br \/>\nGewicht mit Jacke: 10,1 Unzen<br \/>\nHergestellt in den USA<br \/>\nModell: 201-12AP<\/p>\n<p><iframe title=\"Microtech Combat Troodon Torture Test\" width=\"800\" height=\"450\" src=\"https:\/\/www.youtube.com\/embed\/xE9TeOFYEjg?feature=oembed\" frameborder=\"0\" allow=\"accelerometer; autoplay; clipboard-write; encrypted-media; gyroscope; picture-in-picture; web-share\" allowfullscreen><\/iframe><\/p>\n<p>&nbsp;<\/p>\n","protected":false},"excerpt":{"rendered":"<div class=\"elementor-element elementor-element-bbb542b elementor-widget elementor-widget-woocommerce-product-short-description\" data-id=\"bbb542b\" data-element_type=\"widget\" data-widget_type=\"woocommerce-product-short-description.default\">\n<div class=\"elementor-widget-container\">\n<div class=\"woocommerce-product-details__short-description\">\n<p><strong>Im Laufe der Jahre hat Microtech\u00ae Knives Messer mit Leidenschaft und K\u00f6nnen gef\u00fcllt, um nahezu Kunstwerke zu schaffen, die den Gipfel der Funktionalit\u00e4t darstellen. Alle Teile werden in den USA hergestellt.<\/strong><br \/>\n<strong>F\u00fcr alle Microtech-Messer gilt eine lebenslange Garantie.<\/strong><\/p>\n<p><strong>Kostenloser Transport.<\/strong><\/p>\n<\/div>\n<\/div>\n<\/div>\n","protected":false},"featured_media":309522,"comment_status":"open","ping_status":"closed","template":"","meta":[],"pwb-brand":[3278],"product_brand":[],"product_cat":[3285,3287],"product_tag":[3669],"class_list":{"0":"post-309501","1":"product","2":"type-product","3":"status-publish","4":"has-post-thumbnail","6":"pwb-brand-microtech-de","7":"product_cat-messer","8":"product_cat-solide-messer","9":"product_tag-b2b-de","11":"first","12":"instock","13":"taxable","14":"shipping-taxable","15":"purchasable","16":"product-type-simple"},"brands":[{"id":3278,"name":"Microtech","slug":"microtech-de"}],"_links":{"self":[{"href":"https:\/\/www.moskito.cz\/de\/wp-json\/wp\/v2\/product\/309501","targetHints":{"allow":["GET"]}}],"collection":[{"href":"https:\/\/www.moskito.cz\/de\/wp-json\/wp\/v2\/product"}],"about":[{"href":"https:\/\/www.moskito.cz\/de\/wp-json\/wp\/v2\/types\/product"}],"replies":[{"embeddable":true,"href":"https:\/\/www.moskito.cz\/de\/wp-json\/wp\/v2\/comments?post=309501"}],"wp:featuredmedia":[{"embeddable":true,"href":"https:\/\/www.moskito.cz\/de\/wp-json\/wp\/v2\/media\/309522"}],"wp:attachment":[{"href":"https:\/\/www.moskito.cz\/de\/wp-json\/wp\/v2\/media?parent=309501"}],"wp:term":[{"taxonomy":"pwb-brand","embeddable":true,"href":"https:\/\/www.moskito.cz\/de\/wp-json\/wp\/v2\/pwb-brand?post=309501"},{"taxonomy":"product_brand","embeddable":true,"href":"https:\/\/www.moskito.cz\/de\/wp-json\/wp\/v2\/product_brand?post=309501"},{"taxonomy":"product_cat","embeddable":true,"href":"https:\/\/www.moskito.cz\/de\/wp-json\/wp\/v2\/product_cat?post=309501"},{"taxonomy":"product_tag","embeddable":true,"href":"https:\/\/www.moskito.cz\/de\/wp-json\/wp\/v2\/product_tag?post=309501"}],"curies":[{"name":"wp","href":"https:\/\/api.w.org\/{rel}","templated":true}]}}