{"id":309516,"date":"2023-08-11T16:10:09","date_gmt":"2024-02-06T15:04:08","guid":{"rendered":"https:\/\/www.moskito.cz\/produkt\/microtech-kyroh-403-ti-dlctri-fuellfederhalter\/"},"modified":"2025-05-07T11:00:53","modified_gmt":"2025-05-07T10:00:53","slug":"microtech-kyroh-403-ti-dlctri-fuellfederhalter","status":"publish","type":"product","link":"https:\/\/www.moskito.cz\/de\/produkt\/microtech-kyroh-403-ti-dlctri-fuellfederhalter\/","title":{"rendered":"Microtech Kyroh 403-TI-DLCTRI F\u00fcllfederhalter"},"content":{"rendered":"<p><strong>Microtech<\/strong> Kyroh 403-TI-DLCTRI F\u00fcllfederhalter<\/p>\n<p><strong>Der Kyroh<\/strong> ist ein Schraubstift, der sich dreht und arretiert und den Austausch von Fisher Space Pen-Patronen erm\u00f6glicht. Der Stift verf\u00fcgt \u00fcber einen strukturierten Griff, bruchsicheres Glas, einen stabilen Taschenclip und eine austauschbare Fisher Space Pen-Tintenpatrone. Der Kyroh ist mit Sicherheit eine solide Erg\u00e4nzung f\u00fcr Ihren Alltag und ist in zwei Gr\u00f6\u00dfen erh\u00e4ltlich \u2013 Standard und Mini. Es ist das erste seiner Art, das einen Taschenclip als Schraubmechanismus verwendet, und wir glauben, dass es nicht das letzte sein wird.<br \/>\nSpezifikationen<\/p>\n<p>Gesamtl\u00e4nge: <span id=\"cwos\" class=\"qv3Wpe\">14,67<\/span> cm<br \/>\nDurchmesser: <span id=\"cwos\" class=\"qv3Wpe\">1,25<\/span> cm<br \/>\nMaterial: 6Al4V-Titan und Kohlefaser<br \/>\nFinish: Schwarz DLC<br \/>\nFarbe der Einlage: Schwarz<br \/>\nSetzen Sie die Tritiumkappe ein<br \/>\nGewicht: 1,8 Unzen.<\/p>\n<p><iframe title=\"Microtech Combat Troodon Torture Test\" width=\"800\" height=\"450\" src=\"https:\/\/www.youtube.com\/embed\/xE9TeOFYEjg?feature=oembed\" frameborder=\"0\" allow=\"accelerometer; autoplay; clipboard-write; encrypted-media; gyroscope; picture-in-picture; web-share\" allowfullscreen><\/iframe><\/p>\n<p>&nbsp;<\/p>\n<p>&nbsp;<\/p>\n","protected":false},"excerpt":{"rendered":"<p><strong>Microtech Kyroh Standard Black DLC Repetierstift aus Titan mit Taschenclip.<\/strong><\/p>\n","protected":false},"featured_media":309541,"comment_status":"open","ping_status":"closed","template":"","meta":[],"pwb-brand":[3278],"product_brand":[],"product_cat":[3285,3303],"product_tag":[3669],"class_list":{"0":"post-309516","1":"product","2":"type-product","3":"status-publish","4":"has-post-thumbnail","6":"pwb-brand-microtech-de","7":"product_cat-messer","8":"product_cat-schliesmesser","9":"product_tag-b2b-de","11":"first","12":"outofstock","13":"taxable","14":"shipping-taxable","15":"purchasable","16":"product-type-simple"},"brands":[{"id":3278,"name":"Microtech","slug":"microtech-de"}],"_links":{"self":[{"href":"https:\/\/www.moskito.cz\/de\/wp-json\/wp\/v2\/product\/309516","targetHints":{"allow":["GET"]}}],"collection":[{"href":"https:\/\/www.moskito.cz\/de\/wp-json\/wp\/v2\/product"}],"about":[{"href":"https:\/\/www.moskito.cz\/de\/wp-json\/wp\/v2\/types\/product"}],"replies":[{"embeddable":true,"href":"https:\/\/www.moskito.cz\/de\/wp-json\/wp\/v2\/comments?post=309516"}],"wp:featuredmedia":[{"embeddable":true,"href":"https:\/\/www.moskito.cz\/de\/wp-json\/wp\/v2\/media\/309541"}],"wp:attachment":[{"href":"https:\/\/www.moskito.cz\/de\/wp-json\/wp\/v2\/media?parent=309516"}],"wp:term":[{"taxonomy":"pwb-brand","embeddable":true,"href":"https:\/\/www.moskito.cz\/de\/wp-json\/wp\/v2\/pwb-brand?post=309516"},{"taxonomy":"product_brand","embeddable":true,"href":"https:\/\/www.moskito.cz\/de\/wp-json\/wp\/v2\/product_brand?post=309516"},{"taxonomy":"product_cat","embeddable":true,"href":"https:\/\/www.moskito.cz\/de\/wp-json\/wp\/v2\/product_cat?post=309516"},{"taxonomy":"product_tag","embeddable":true,"href":"https:\/\/www.moskito.cz\/de\/wp-json\/wp\/v2\/product_tag?post=309516"}],"curies":[{"name":"wp","href":"https:\/\/api.w.org\/{rel}","templated":true}]}}