{"id":309610,"date":"2023-07-03T21:30:54","date_gmt":"2024-02-06T15:04:35","guid":{"rendered":"https:\/\/www.moskito.cz\/produkt\/microtech-bastinelli-creations-brachial-268a-3t-schiessmesser\/"},"modified":"2025-05-07T11:00:55","modified_gmt":"2025-05-07T10:00:55","slug":"microtech-bastinelli-creations-brachial-268a-3t-schiessmesser","status":"publish","type":"product","link":"https:\/\/www.moskito.cz\/de\/produkt\/microtech-bastinelli-creations-brachial-268a-3t-schiessmesser\/","title":{"rendered":"Microtech\/Bastinelli Creations Brachial 268A-3T Schie\u00dfmesser"},"content":{"rendered":"<p><strong>Microtech\/Bastinelli<\/strong> Creations Brachial 268A-3T Schie\u00dfmesser<\/p>\n<p>Das Brachial ist eine Designkooperation im persischen Stil mit Bastinelli Knives, die der Microtech-Reihe ein einzigartiges Stilst\u00fcck hinzuf\u00fcgt. Wir lieben alles an diesem Messer. Von seinem Aussehen bis hin zu seiner Ergonomie, seiner \u00fcberlegenen Wirkungsweise und seinen Materialien; es wird Ihnen viele Jahre lang gute Dienste leisten. Es eignet sich auch f\u00fcr eine Vielzahl von Anwendungen, von EDC bis hin zu taktischen Anwendungen und buchst\u00e4blich allem dazwischen. Es verf\u00fcgt \u00fcber eine bearbeitete Oberfl\u00e4che mit Fragmentmuster f\u00fcr besseren Halt, einen wundersch\u00f6n gestalteten Taschenclip und eine versteckte Fangriemen\u00f6se, die 550 Paracord aufnehmen kann. Das ist ein verdammt gutes Messer, holen Sie es sich, solange Sie k\u00f6nnen!<\/p>\n<p>Spezifikationen<br \/>\nKlingenl\u00e4nge: 9 cm<br \/>\nL\u00e4nge geschlossen: 12 cm<br \/>\nGesamtl\u00e4nge: 21 cm<br \/>\nStahl: M390<br \/>\nKlingenst\u00e4rke: 0,40 cm<br \/>\nKlingenstil: Trailing Point<br \/>\nKlingenschliff: Flach<br \/>\nKlingenfinish: Schwarz<br \/>\nGriffmaterial: Gefr\u00e4stes schwarzes Aluminium 6061-T6<br \/>\nGriffst\u00e4rke: 0,545 Zoll<br \/>\nVerriegelungsmechanismus: Knopf<br \/>\nTaschenclip: Edelstahl (herausklappbar, rechtsh\u00e4ndig zu tragen)<br \/>\nGewicht: 4,37 Unzen.<br \/>\nDesigner: Bastien Coves und Tony Marfione<br \/>\nHergestellt in den USA<\/p>\n<p><iframe title=\"Microtech Combat Troodon Torture Test\" width=\"800\" height=\"450\" src=\"https:\/\/www.youtube.com\/embed\/xE9TeOFYEjg?feature=oembed\" frameborder=\"0\" allow=\"accelerometer; autoplay; clipboard-write; encrypted-media; gyroscope; picture-in-picture; web-share\" allowfullscreen><\/iframe><\/p>\n<p>&nbsp;<\/p>\n","protected":false},"excerpt":{"rendered":"<p>Im Laufe der Jahre hat <strong>Microtech\u00ae<\/strong> Knives Messer mit Leidenschaft und K\u00f6nnen gef\u00fcllt, um nahezu Kunstwerke zu schaffen, die den Gipfel der Funktionalit\u00e4t darstellen. Alle Teile werden in den USA hergestellt.<br \/>\n<strong>Alle Microtech-Messer haben eine lebenslange Garantie (mindestens 80.000 Zyklen, \u00d6ffnen und Schlie\u00dfen).<\/strong><\/p>\n<p><strong>Kostenloser Transport.<\/strong><\/p>\n","protected":false},"featured_media":309612,"comment_status":"open","ping_status":"closed","template":"","meta":[],"pwb-brand":[3278],"product_brand":[],"product_cat":[3285,3343],"product_tag":[3669],"class_list":{"0":"post-309610","1":"product","2":"type-product","3":"status-publish","4":"has-post-thumbnail","6":"pwb-brand-microtech-de","7":"product_cat-messer","8":"product_cat-schiesmesser","9":"product_tag-b2b-de","11":"first","12":"instock","13":"taxable","14":"shipping-taxable","15":"purchasable","16":"product-type-simple"},"brands":[{"id":3278,"name":"Microtech","slug":"microtech-de"}],"_links":{"self":[{"href":"https:\/\/www.moskito.cz\/de\/wp-json\/wp\/v2\/product\/309610","targetHints":{"allow":["GET"]}}],"collection":[{"href":"https:\/\/www.moskito.cz\/de\/wp-json\/wp\/v2\/product"}],"about":[{"href":"https:\/\/www.moskito.cz\/de\/wp-json\/wp\/v2\/types\/product"}],"replies":[{"embeddable":true,"href":"https:\/\/www.moskito.cz\/de\/wp-json\/wp\/v2\/comments?post=309610"}],"wp:featuredmedia":[{"embeddable":true,"href":"https:\/\/www.moskito.cz\/de\/wp-json\/wp\/v2\/media\/309612"}],"wp:attachment":[{"href":"https:\/\/www.moskito.cz\/de\/wp-json\/wp\/v2\/media?parent=309610"}],"wp:term":[{"taxonomy":"pwb-brand","embeddable":true,"href":"https:\/\/www.moskito.cz\/de\/wp-json\/wp\/v2\/pwb-brand?post=309610"},{"taxonomy":"product_brand","embeddable":true,"href":"https:\/\/www.moskito.cz\/de\/wp-json\/wp\/v2\/product_brand?post=309610"},{"taxonomy":"product_cat","embeddable":true,"href":"https:\/\/www.moskito.cz\/de\/wp-json\/wp\/v2\/product_cat?post=309610"},{"taxonomy":"product_tag","embeddable":true,"href":"https:\/\/www.moskito.cz\/de\/wp-json\/wp\/v2\/product_tag?post=309610"}],"curies":[{"name":"wp","href":"https:\/\/api.w.org\/{rel}","templated":true}]}}