{"id":309646,"date":"2023-05-06T21:06:56","date_gmt":"2024-02-06T15:04:39","guid":{"rendered":"https:\/\/www.moskito.cz\/produkt\/schiessmesser-microtech-ultratech-satin-red-121-5rd\/"},"modified":"2025-05-07T11:00:57","modified_gmt":"2025-05-07T10:00:57","slug":"schiessmesser-microtech-ultratech-satin-red-121-5rd","status":"publish","type":"product","link":"https:\/\/www.moskito.cz\/de\/produkt\/schiessmesser-microtech-ultratech-satin-red-121-5rd\/","title":{"rendered":"Schie\u00dfmesser Microtech Ultratech Satin Red 121-5RD"},"content":{"rendered":"<p>Schie\u00dfmesser <strong>Microtech<\/strong> Ultratech Satin Red 121-5RD<\/p>\n<p>Als Flaggschiffmodell <strong>der Microtech\u00ae<\/strong> OTF-Reihe setzt <strong>Ultratech\u00ae<\/strong> den Standard f\u00fcr Out-The-Front-Technologie. Das patentierte Design erm\u00f6glicht, dass die Abzugsfeder sowohl in der offenen als auch in der geschlossenen Position ruht, wodurch der Verschlei\u00df der internen Abzugsmechanismen erheblich reduziert wird. Der geformte Geh\u00e4usegriff sorgt f\u00fcr ein leichteres und ergonomischeres Gef\u00fchl und verf\u00fcgt \u00fcber eine glatte, flache Oberfl\u00e4che.<\/p>\n<p>Klingenl\u00e4nge: 8,37 cm<\/p>\n<p>Klingenstahl: M390<\/p>\n<p>Gesamtl\u00e4nge: 21 cm<\/p>\n<p>Griffmaterial: Premium-Flugzeugaluminium 6061 T6<\/p>\n<p>Gewicht: 3,5 Unzen<\/p>\n<p>&nbsp;<\/p>\n<p>&nbsp;<\/p>\n","protected":false},"excerpt":{"rendered":"<p>Im Laufe der Jahre hat <strong>Microtech\u00ae<\/strong> Knives Messer mit Leidenschaft und K\u00f6nnen gef\u00fcllt, um nahezu Kunstwerke zu schaffen, die den Gipfel der Funktionalit\u00e4t darstellen. Alle Teile werden in den USA hergestellt.<br \/>\n<strong>F\u00fcr alle Microtech-Messer gilt eine lebenslange Garantie.<\/strong><\/p>\n<p><strong>Kostenloser Transport.<\/strong><\/p>\n","protected":false},"featured_media":347409,"comment_status":"open","ping_status":"closed","template":"","meta":[],"pwb-brand":[3278],"product_brand":[],"product_cat":[3285,3343],"product_tag":[3669],"class_list":{"0":"post-309646","1":"product","2":"type-product","3":"status-publish","4":"has-post-thumbnail","6":"pwb-brand-microtech-de","7":"product_cat-messer","8":"product_cat-schiesmesser","9":"product_tag-b2b-de","11":"first","12":"outofstock","13":"taxable","14":"shipping-taxable","15":"purchasable","16":"product-type-simple"},"brands":[{"id":3278,"name":"Microtech","slug":"microtech-de"}],"_links":{"self":[{"href":"https:\/\/www.moskito.cz\/de\/wp-json\/wp\/v2\/product\/309646","targetHints":{"allow":["GET"]}}],"collection":[{"href":"https:\/\/www.moskito.cz\/de\/wp-json\/wp\/v2\/product"}],"about":[{"href":"https:\/\/www.moskito.cz\/de\/wp-json\/wp\/v2\/types\/product"}],"replies":[{"embeddable":true,"href":"https:\/\/www.moskito.cz\/de\/wp-json\/wp\/v2\/comments?post=309646"}],"wp:featuredmedia":[{"embeddable":true,"href":"https:\/\/www.moskito.cz\/de\/wp-json\/wp\/v2\/media\/347409"}],"wp:attachment":[{"href":"https:\/\/www.moskito.cz\/de\/wp-json\/wp\/v2\/media?parent=309646"}],"wp:term":[{"taxonomy":"pwb-brand","embeddable":true,"href":"https:\/\/www.moskito.cz\/de\/wp-json\/wp\/v2\/pwb-brand?post=309646"},{"taxonomy":"product_brand","embeddable":true,"href":"https:\/\/www.moskito.cz\/de\/wp-json\/wp\/v2\/product_brand?post=309646"},{"taxonomy":"product_cat","embeddable":true,"href":"https:\/\/www.moskito.cz\/de\/wp-json\/wp\/v2\/product_cat?post=309646"},{"taxonomy":"product_tag","embeddable":true,"href":"https:\/\/www.moskito.cz\/de\/wp-json\/wp\/v2\/product_tag?post=309646"}],"curies":[{"name":"wp","href":"https:\/\/api.w.org\/{rel}","templated":true}]}}