{"id":309673,"date":"2023-05-06T21:41:32","date_gmt":"2024-02-06T15:04:52","guid":{"rendered":"https:\/\/www.moskito.cz\/produkt\/schiessmesser-microtech-ultratech-od-gruenbronze-121-13od\/"},"modified":"2025-05-07T11:00:58","modified_gmt":"2025-05-07T10:00:58","slug":"schiessmesser-microtech-ultratech-od-gruenbronze-121-13od","status":"publish","type":"product","link":"https:\/\/www.moskito.cz\/de\/produkt\/schiessmesser-microtech-ultratech-od-gruenbronze-121-13od\/","title":{"rendered":"Schie\u00dfmesser Microtech Ultratech OD Gr\u00fcnbronze 121-13OD"},"content":{"rendered":"<p>Schie\u00dfmesser <strong>Microtech<\/strong> Ultratech OD Gr\u00fcnbronze 121-13OD<\/p>\n<p>Der Ultratech ist ein Microtech- Klassiker und seit seiner Einf\u00fchrung der Archetyp f\u00fchrender Automaten. Die Feder basiert auf der gleichen bew\u00e4hrten Mechanik und bleibt sowohl in der ge\u00f6ffneten als auch in der geschlossenen Position still, um den Verschlei\u00df zu reduzieren. Mit der leistungsstarken automatischen Klingen\u00f6ffnung\/-zur\u00fcckhaltung auf Knopfdruck und der soliden Klingenverriegelung bleibt Microtechs Ultratech der Standard in der Automatikwelt.<\/p>\n<p>Gesamtl\u00e4nge: 21,2 cm<br \/>\nL\u00e4nge geschlossen: 12,7 cm<br \/>\nKlingenl\u00e4nge: 8,5 cm<br \/>\nKlingenst\u00e4rke: 0,32 cm<br \/>\nKlingenfinish: Bronze<br \/>\nKlingenstil: Drop Point<br \/>\nRandstil: einfarbig<br \/>\nGriffmaterial: OD gr\u00fcnes Aluminium<br \/>\nGriffst\u00e4rke: 1,2 cm<br \/>\nTaschenclip: Tip-Down<br \/>\nGewicht: 3,5 oz (99,23 g)<br \/>\nHersteller Ref. #: 121-13OD<br \/>\nHerkunftsland: USA<\/p>\n<p><iframe title=\"Microtech Combat Troodon Torture Test\" width=\"800\" height=\"450\" src=\"https:\/\/www.youtube.com\/embed\/xE9TeOFYEjg?feature=oembed\" frameborder=\"0\" allow=\"accelerometer; autoplay; clipboard-write; encrypted-media; gyroscope; picture-in-picture; web-share\" allowfullscreen><\/iframe><\/p>\n<p>&nbsp;<\/p>\n","protected":false},"excerpt":{"rendered":"<p>Im Laufe der Jahre hat <strong>Microtech\u00ae Knives<\/strong> Messer mit Leidenschaft und K\u00f6nnen gef\u00fcllt, um nahezu Kunstwerke zu schaffen, die den Gipfel der Funktionalit\u00e4t darstellen. Alle Teile werden in den USA hergestellt.<br \/>\n<strong>F\u00fcr alle Microtech-Messer gilt eine lebenslange Garantie.<\/strong><\/p>\n<p><strong>Kostenloser Transport.<\/strong><\/p>\n","protected":false},"featured_media":309688,"comment_status":"open","ping_status":"closed","template":"","meta":[],"pwb-brand":[3278],"product_brand":[],"product_cat":[3285,3343],"product_tag":[3669],"class_list":{"0":"post-309673","1":"product","2":"type-product","3":"status-publish","4":"has-post-thumbnail","6":"pwb-brand-microtech-de","7":"product_cat-messer","8":"product_cat-schiesmesser","9":"product_tag-b2b-de","11":"first","12":"outofstock","13":"taxable","14":"shipping-taxable","15":"purchasable","16":"product-type-simple"},"brands":[{"id":3278,"name":"Microtech","slug":"microtech-de"}],"_links":{"self":[{"href":"https:\/\/www.moskito.cz\/de\/wp-json\/wp\/v2\/product\/309673","targetHints":{"allow":["GET"]}}],"collection":[{"href":"https:\/\/www.moskito.cz\/de\/wp-json\/wp\/v2\/product"}],"about":[{"href":"https:\/\/www.moskito.cz\/de\/wp-json\/wp\/v2\/types\/product"}],"replies":[{"embeddable":true,"href":"https:\/\/www.moskito.cz\/de\/wp-json\/wp\/v2\/comments?post=309673"}],"wp:featuredmedia":[{"embeddable":true,"href":"https:\/\/www.moskito.cz\/de\/wp-json\/wp\/v2\/media\/309688"}],"wp:attachment":[{"href":"https:\/\/www.moskito.cz\/de\/wp-json\/wp\/v2\/media?parent=309673"}],"wp:term":[{"taxonomy":"pwb-brand","embeddable":true,"href":"https:\/\/www.moskito.cz\/de\/wp-json\/wp\/v2\/pwb-brand?post=309673"},{"taxonomy":"product_brand","embeddable":true,"href":"https:\/\/www.moskito.cz\/de\/wp-json\/wp\/v2\/product_brand?post=309673"},{"taxonomy":"product_cat","embeddable":true,"href":"https:\/\/www.moskito.cz\/de\/wp-json\/wp\/v2\/product_cat?post=309673"},{"taxonomy":"product_tag","embeddable":true,"href":"https:\/\/www.moskito.cz\/de\/wp-json\/wp\/v2\/product_tag?post=309673"}],"curies":[{"name":"wp","href":"https:\/\/api.w.org\/{rel}","templated":true}]}}