{"id":309676,"date":"2023-06-08T20:34:47","date_gmt":"2024-02-06T15:04:52","guid":{"rendered":"https:\/\/www.moskito.cz\/produkt\/microtech-signature-series-daytona-stonewashed-126-10bis-schiessmesser\/"},"modified":"2025-05-07T11:00:58","modified_gmt":"2025-05-07T10:00:58","slug":"microtech-signature-series-daytona-stonewashed-126-10bis-schiessmesser","status":"publish","type":"product","link":"https:\/\/www.moskito.cz\/de\/produkt\/microtech-signature-series-daytona-stonewashed-126-10bis-schiessmesser\/","title":{"rendered":"Microtech Signature Series Daytona Stonewashed 126-10BIS Schie\u00dfmesser"},"content":{"rendered":"<p><strong>Microtech<\/strong> Signature Series Daytona Stonewashed 126-10BIS Schie\u00dfmesser<\/p>\n<p><strong>Das Microtech Daytona<\/strong> Out-the-Front-Automatikmesser war 2009 der Star der Microtech Knives-Reihe und erwies sich als hei\u00dfes Produkt, als es erh\u00e4ltlich war. Der Microtech Daytona ist 85 % so gro\u00df wie der Microtech Ultratech und wird aus denselben Materialien, auf denselben Maschinen und mit demselben Einfallsreichtum wie sein Vorg\u00e4nger hergestellt. Verschiedene Griffe verleihen diesem Messer ausreichend Stil. <strong>Das Microtech Daytona<\/strong> ist das perfekte Messer f\u00fcr alle Situationen, egal um welche Aufgabe es sich handelt, es passt perfekt zu Ihrem Lebensstil. Dank des schnellen \u00d6ffnens und Schlie\u00dfens mit einer Hand ist die Arbeit in Sekundenschnelle erledigt.<\/p>\n<p>Spezifikationen:<br \/>\nKlingenl\u00e4nge: 8 cm<br \/>\nL\u00e4nge geschlossen: 11,25 cm<br \/>\nGesamtl\u00e4nge: 19 cm<br \/>\nStahl: M390<br \/>\nKlingenst\u00e4rke: 0,31 cm<br \/>\nKlingenstil: Doppelschneidiger Dolch<br \/>\nKlingenschliff: Flach<br \/>\nOberfl\u00e4chenbehandlung der Klinge: Stonewash<br \/>\nGriffmaterial: schwarzes Aluminium mit Bubble-Titan-Eins\u00e4tzen<br \/>\nGriffst\u00e4rke: 0,565 Zoll<br \/>\nVerriegelungsmechanismus: Schiebend<br \/>\nTaschenclip: Edelstahl (klappbar, rechts\/links tragend)<br \/>\nGewicht: 3,53 Unzen.<br \/>\nDesigner: Tony Marfione<br \/>\nHergestellt in den USA<\/p>\n","protected":false},"excerpt":{"rendered":"<p>Im Laufe der Jahre hat <strong>Microtech\u00ae Knives<\/strong> Messer mit Leidenschaft und K\u00f6nnen gef\u00fcllt, um nahezu Kunstwerke zu schaffen, die den Gipfel der Funktionalit\u00e4t darstellen. Alle Teile werden in den USA hergestellt.<br \/>\n<strong>F\u00fcr alle Microtech-Messer gilt eine lebenslange Garantie.<\/strong><\/p>\n<p><strong>Kostenloser Transport<\/strong><\/p>\n","protected":false},"featured_media":309689,"comment_status":"open","ping_status":"closed","template":"","meta":[],"pwb-brand":[3278],"product_brand":[],"product_cat":[3285,3343],"product_tag":[3669],"class_list":{"0":"post-309676","1":"product","2":"type-product","3":"status-publish","4":"has-post-thumbnail","6":"pwb-brand-microtech-de","7":"product_cat-messer","8":"product_cat-schiesmesser","9":"product_tag-b2b-de","11":"first","12":"instock","13":"taxable","14":"shipping-taxable","15":"purchasable","16":"product-type-simple"},"brands":[{"id":3278,"name":"Microtech","slug":"microtech-de"}],"_links":{"self":[{"href":"https:\/\/www.moskito.cz\/de\/wp-json\/wp\/v2\/product\/309676","targetHints":{"allow":["GET"]}}],"collection":[{"href":"https:\/\/www.moskito.cz\/de\/wp-json\/wp\/v2\/product"}],"about":[{"href":"https:\/\/www.moskito.cz\/de\/wp-json\/wp\/v2\/types\/product"}],"replies":[{"embeddable":true,"href":"https:\/\/www.moskito.cz\/de\/wp-json\/wp\/v2\/comments?post=309676"}],"wp:featuredmedia":[{"embeddable":true,"href":"https:\/\/www.moskito.cz\/de\/wp-json\/wp\/v2\/media\/309689"}],"wp:attachment":[{"href":"https:\/\/www.moskito.cz\/de\/wp-json\/wp\/v2\/media?parent=309676"}],"wp:term":[{"taxonomy":"pwb-brand","embeddable":true,"href":"https:\/\/www.moskito.cz\/de\/wp-json\/wp\/v2\/pwb-brand?post=309676"},{"taxonomy":"product_brand","embeddable":true,"href":"https:\/\/www.moskito.cz\/de\/wp-json\/wp\/v2\/product_brand?post=309676"},{"taxonomy":"product_cat","embeddable":true,"href":"https:\/\/www.moskito.cz\/de\/wp-json\/wp\/v2\/product_cat?post=309676"},{"taxonomy":"product_tag","embeddable":true,"href":"https:\/\/www.moskito.cz\/de\/wp-json\/wp\/v2\/product_tag?post=309676"}],"curies":[{"name":"wp","href":"https:\/\/api.w.org\/{rel}","templated":true}]}}