{"id":309855,"date":"2023-04-12T22:21:24","date_gmt":"2024-02-06T15:06:26","guid":{"rendered":"https:\/\/www.moskito.cz\/produkt\/schiessmesser-microtech-utx-85-bronze-drop-point-231-14\/"},"modified":"2025-05-07T11:01:05","modified_gmt":"2025-05-07T10:01:05","slug":"schiessmesser-microtech-utx-85-bronze-drop-point-231-14","status":"publish","type":"product","link":"https:\/\/www.moskito.cz\/de\/produkt\/schiessmesser-microtech-utx-85-bronze-drop-point-231-14\/","title":{"rendered":"Schie\u00dfmesser Microtech UTX-85 Bronze Drop Point 231-14"},"content":{"rendered":"<p>Schie\u00dfmesser <strong>Microtech<\/strong> UTX-85 Bronze Drop Point 231-14<\/p>\n<p><strong>Das Microtech UTX-85<\/strong> OTF-Messer ist die perfekte Kombination aus kompakter Gr\u00f6\u00dfe und gro\u00dfartiger Leistung. Mit einer Gr\u00f6\u00dfe von 85 % Ultratech wird der Microtech UTX-85 aus den gleichen Materialien, auf den gleichen Maschinen und mit dem gleichen Einfallsreichtum wie sein Vorg\u00e4nger hergestellt. Das Microtech UTX-85 ist das perfekte Messer f\u00fcr alle Situationen \u2013 egal f\u00fcr welche Aufgabe. Dank des schnellen \u00d6ffnens und Schlie\u00dfens mit einer Hand ist die Arbeit in Sekundenschnelle erledigt. Ausgestattet mit einem doppelseitigen Taschenclip und einer kompakten Gr\u00f6\u00dfe ist das Messer die perfekte Wahl f\u00fcr den t\u00e4glichen Gebrauch und das Tragen.<\/p>\n<p>Spezifikationen<br \/>\nAktion: Doppelte Aktion \u2013 automatisches Ausl\u00f6sen\/automatischer R\u00fcckzug<br \/>\nDicke: 0,31 cm<br \/>\nKlingenl\u00e4nge: 7,5<br \/>\nStahl: M390<br \/>\nKlingenstil: Drop Point, Bronze<br \/>\nChassis: 6061-T6 AL-Legierung, schwarze Mil-Spec-Hartbeschichtung eloxiert<br \/>\nGriffmaterial: Aluminium<br \/>\nGriffst\u00e4rke: 1,15 cm<br \/>\nL\u00e4nge geschlossen: 10,95 cm<br \/>\nGesamtl\u00e4nge: 18,75 cm<br \/>\nTaschenclip: Edelstahl 301<br \/>\nStandard-Obermaterial: 6061-T6 AL-Legierung<br \/>\nAbzug: Edelstahl 303<br \/>\nGewicht: 2,8 Unzen.<br \/>\nHergestellt in den USA<\/p>\n<p><iframe title=\"Microtech Combat Troodon Torture Test\" width=\"800\" height=\"450\" src=\"https:\/\/www.youtube.com\/embed\/xE9TeOFYEjg?feature=oembed\" frameborder=\"0\" allow=\"accelerometer; autoplay; clipboard-write; encrypted-media; gyroscope; picture-in-picture; web-share\" allowfullscreen><\/iframe><\/p>\n<p>&nbsp;<\/p>\n","protected":false},"excerpt":{"rendered":"<p>Im Laufe der Jahre hat <strong>Microtech\u00ae Knives<\/strong> Messer mit Leidenschaft und K\u00f6nnen gef\u00fcllt, um nahezu Kunstwerke zu schaffen, die den Gipfel der Funktionalit\u00e4t darstellen. Alle Teile werden in den USA hergestellt.<br \/>\n<strong>F\u00fcr alle Microtech-Messer gilt eine lebenslange Garantie.<\/strong><\/p>\n<p><strong>Kostenloser Transport.<\/strong><\/p>\n","protected":false},"featured_media":309856,"comment_status":"open","ping_status":"closed","template":"","meta":[],"pwb-brand":[3278],"product_brand":[],"product_cat":[3285,3343],"product_tag":[3669],"class_list":{"0":"post-309855","1":"product","2":"type-product","3":"status-publish","4":"has-post-thumbnail","6":"pwb-brand-microtech-de","7":"product_cat-messer","8":"product_cat-schiesmesser","9":"product_tag-b2b-de","11":"first","12":"instock","13":"taxable","14":"shipping-taxable","15":"purchasable","16":"product-type-simple"},"brands":[{"id":3278,"name":"Microtech","slug":"microtech-de"}],"_links":{"self":[{"href":"https:\/\/www.moskito.cz\/de\/wp-json\/wp\/v2\/product\/309855","targetHints":{"allow":["GET"]}}],"collection":[{"href":"https:\/\/www.moskito.cz\/de\/wp-json\/wp\/v2\/product"}],"about":[{"href":"https:\/\/www.moskito.cz\/de\/wp-json\/wp\/v2\/types\/product"}],"replies":[{"embeddable":true,"href":"https:\/\/www.moskito.cz\/de\/wp-json\/wp\/v2\/comments?post=309855"}],"wp:featuredmedia":[{"embeddable":true,"href":"https:\/\/www.moskito.cz\/de\/wp-json\/wp\/v2\/media\/309856"}],"wp:attachment":[{"href":"https:\/\/www.moskito.cz\/de\/wp-json\/wp\/v2\/media?parent=309855"}],"wp:term":[{"taxonomy":"pwb-brand","embeddable":true,"href":"https:\/\/www.moskito.cz\/de\/wp-json\/wp\/v2\/pwb-brand?post=309855"},{"taxonomy":"product_brand","embeddable":true,"href":"https:\/\/www.moskito.cz\/de\/wp-json\/wp\/v2\/product_brand?post=309855"},{"taxonomy":"product_cat","embeddable":true,"href":"https:\/\/www.moskito.cz\/de\/wp-json\/wp\/v2\/product_cat?post=309855"},{"taxonomy":"product_tag","embeddable":true,"href":"https:\/\/www.moskito.cz\/de\/wp-json\/wp\/v2\/product_tag?post=309855"}],"curies":[{"name":"wp","href":"https:\/\/api.w.org\/{rel}","templated":true}]}}