{"id":309908,"date":"2023-05-08T18:27:28","date_gmt":"2024-02-06T15:10:46","guid":{"rendered":"https:\/\/www.moskito.cz\/produkt\/feststehendes-messer-microtech-borka-klingen-stonewashed-201-11-sbd\/"},"modified":"2025-05-07T11:01:06","modified_gmt":"2025-05-07T10:01:06","slug":"feststehendes-messer-microtech-borka-klingen-stonewashed-201-11-sbd","status":"publish","type":"product","link":"https:\/\/www.moskito.cz\/de\/produkt\/feststehendes-messer-microtech-borka-klingen-stonewashed-201-11-sbd\/","title":{"rendered":"Feststehendes Messer Microtech\/Borka-Klingen Stonewashed 201-11 SBD"},"content":{"rendered":"<p>Feststehendes Messer <strong>Microtech<\/strong> \/Borka Blades Stonewashed 201-11 SBD<\/p>\n<p>Das SBD Fixed Blade ist ein bedrohliches St\u00fcck des ma\u00dfgeschneiderten Messermachers Sebastjan Berenji, alias Bork, basierend auf seinem SBK-Design. Es ist eine Weiterentwicklung des SBK, das die erhabene Form der persischen Klinge hatte und diese durch einen breiten zweischneidigen Dolch ersetzte, daher das D im Namen. Es verf\u00fcgt \u00fcber vier wundersch\u00f6ne Abschr\u00e4gungen, die in einer perfekten Spitze, einem sch\u00f6nen Zehenschutz und einer blutigen Rille mit Blitzl\u00f6chern gipfeln. Der Griff besteht aus sch\u00f6n gefr\u00e4stem G10 f\u00fcr einen angenehmen ergonomischen Griff und schafft eine perfekte Harmonie zwischen Benutzer und Werkzeug. Es ist an den richtigen Stellen so geformt, dass Sie das Messer in mehreren Griffen bewegen k\u00f6nnen. Das kompakte SBD strahlt taktisches K\u00f6nnen mit dem Stil aus, der den Grundstein der Borka-Klingen bildet, und verf\u00fcgt \u00fcber eine Kydex-Kohlefaser-Reibungsgleitoberfl\u00e4che mit einem soliden G\u00fcrtelclip. Hergestellt in den USA von Microtech Knives.<\/p>\n<p>Spezifikationen<br \/>\nKlingenl\u00e4nge: 11 cm<br \/>\nGesamtl\u00e4nge: 23 cm<br \/>\nKlingenmaterial: Der Klingenstahl wird dieses Jahr M390 sein \u2013 solange der Vorrat reicht, k\u00f6nnen die Klingen auch aus Elmax oder CTS-240P sein<br \/>\nKlingenstil: Doppelschneidiger Dolch<br \/>\nKlingenschliff: Flach<br \/>\nOberfl\u00e4chenbehandlung der Klinge: Stonewash<br \/>\nGriffmaterial: Gefr\u00e4stes schwarzes G10<br \/>\nMantelmaterial: Kydex mit Karbonfaser-Finish<br \/>\nGewicht: 6,4 Unzen.<br \/>\nGewicht mit Koffer: 10,1 Unzen.<br \/>\nDesigner: Sebastijan Berenji<br \/>\nHergestellt in den USA<\/p>\n<p><iframe title=\"Microtech Combat Troodon Torture Test\" width=\"800\" height=\"450\" src=\"https:\/\/www.youtube.com\/embed\/xE9TeOFYEjg?feature=oembed\" frameborder=\"0\" allow=\"accelerometer; autoplay; clipboard-write; encrypted-media; gyroscope; picture-in-picture; web-share\" allowfullscreen><\/iframe><\/p>\n<p>&nbsp;<\/p>\n","protected":false},"excerpt":{"rendered":"<p>Im Laufe der Jahre hat <strong>Microtech\u00ae Knives<\/strong> Messer mit Leidenschaft und K\u00f6nnen gef\u00fcllt, um nahezu Kunstwerke zu schaffen, die den Gipfel der Funktionalit\u00e4t darstellen. Alle Teile werden in den USA hergestellt.<br \/>\n<strong>F\u00fcr alle Microtech-Messer gilt eine lebenslange Garantie.<\/strong><\/p>\n<p><strong>Kostenloser Transport.<\/strong><\/p>\n","protected":false},"featured_media":309910,"comment_status":"open","ping_status":"closed","template":"","meta":[],"pwb-brand":[3278],"product_brand":[],"product_cat":[3285,3287],"product_tag":[3669],"class_list":{"0":"post-309908","1":"product","2":"type-product","3":"status-publish","4":"has-post-thumbnail","6":"pwb-brand-microtech-de","7":"product_cat-messer","8":"product_cat-solide-messer","9":"product_tag-b2b-de","11":"first","12":"outofstock","13":"taxable","14":"shipping-taxable","15":"purchasable","16":"product-type-simple"},"brands":[{"id":3278,"name":"Microtech","slug":"microtech-de"}],"_links":{"self":[{"href":"https:\/\/www.moskito.cz\/de\/wp-json\/wp\/v2\/product\/309908","targetHints":{"allow":["GET"]}}],"collection":[{"href":"https:\/\/www.moskito.cz\/de\/wp-json\/wp\/v2\/product"}],"about":[{"href":"https:\/\/www.moskito.cz\/de\/wp-json\/wp\/v2\/types\/product"}],"replies":[{"embeddable":true,"href":"https:\/\/www.moskito.cz\/de\/wp-json\/wp\/v2\/comments?post=309908"}],"wp:featuredmedia":[{"embeddable":true,"href":"https:\/\/www.moskito.cz\/de\/wp-json\/wp\/v2\/media\/309910"}],"wp:attachment":[{"href":"https:\/\/www.moskito.cz\/de\/wp-json\/wp\/v2\/media?parent=309908"}],"wp:term":[{"taxonomy":"pwb-brand","embeddable":true,"href":"https:\/\/www.moskito.cz\/de\/wp-json\/wp\/v2\/pwb-brand?post=309908"},{"taxonomy":"product_brand","embeddable":true,"href":"https:\/\/www.moskito.cz\/de\/wp-json\/wp\/v2\/product_brand?post=309908"},{"taxonomy":"product_cat","embeddable":true,"href":"https:\/\/www.moskito.cz\/de\/wp-json\/wp\/v2\/product_cat?post=309908"},{"taxonomy":"product_tag","embeddable":true,"href":"https:\/\/www.moskito.cz\/de\/wp-json\/wp\/v2\/product_tag?post=309908"}],"curies":[{"name":"wp","href":"https:\/\/api.w.org\/{rel}","templated":true}]}}