{"id":309931,"date":"2023-04-16T20:27:27","date_gmt":"2024-02-06T15:11:41","guid":{"rendered":"https:\/\/www.moskito.cz\/produkt\/feststehendes-messer-microtech-socom-alpha-mini-apocalyptic-kydexscheide-113m-11ap\/"},"modified":"2025-05-07T11:01:08","modified_gmt":"2025-05-07T10:01:08","slug":"feststehendes-messer-microtech-socom-alpha-mini-apocalyptic-kydexscheide-113m-11ap","status":"publish","type":"product","link":"https:\/\/www.moskito.cz\/de\/produkt\/feststehendes-messer-microtech-socom-alpha-mini-apocalyptic-kydexscheide-113m-11ap\/","title":{"rendered":"Feststehendes Messer Microtech Socom Alpha Mini Apocalyptic Kydexscheide 113M-11AP"},"content":{"rendered":"<p>Feststehendes Messer <strong>Microtech<\/strong> Socom Alpha Mini Apocalyptic Kydexscheide 113M-11AP<\/p>\n<p><strong>Das Socom Alpha Mini<\/strong> ist ein Elite-Klappmesser mit feststehender Klinge, das auf dem beliebten Socom-Klappmesser basiert. Der Griff ist ungef\u00e4hr gleich gro\u00df, aber die solide Klinge des Socom Alpha hat eine etwas k\u00fcrzere Klinge, wodurch ein perfekt ausbalanciertes Messer entsteht. Es richtet sich an taktische Benutzer, Sammler und alle, die eine Klinge von h\u00f6chster Qualit\u00e4t sch\u00e4tzen.<\/p>\n<p>Dieses Full-Tang-Design ist rund um den Griff gekantet, um Ihnen die sicherste Handhabung dieser taktischen feststehenden Klinge zu erm\u00f6glichen. Die gefr\u00e4sten G10-Schalen haben eine konturierte Form f\u00fcr maximalen ergonomischen Halt und schaffen eine perfekte Harmonie zwischen Benutzer und Instrument. Die Clip-Point-Klinge ist flach geschliffen, hat einen abgerundeten R\u00fccken und ein robustes apokalyptisches Finish. Das Socom Alpha mini strahlt sowohl als taktisches als auch als praktisches feststehendes Messer die Aura eines Top-Benutzers aus. Es wird mit absolut engen Toleranzen hergestellt, sodass Sie sicher sein k\u00f6nnen, dass es alles aush\u00e4lt, was Ihnen entgegengeworfen wird. Wird mit einer kohlefaserbeschichteten Kydex-Scheide mit MOLLE LOK f\u00fcr mehrere Trageoptionen geliefert, die Ihren spezifischen Vorlieben entsprechen.<\/p>\n<p>Spezifikationen<br \/>\nKlingenl\u00e4nge: 9,3 cm<br \/>\nSchnittkante: 9,12 cm<br \/>\nGriffl\u00e4nge: 11 cm<br \/>\nGesamtl\u00e4nge: 20,42 cm<br \/>\nStahl: M390<br \/>\nKlingenst\u00e4rke: 0,157 Zoll<br \/>\nKlingenstil: Clip Point<br \/>\nKlingenschliff: Flach<br \/>\nKlingenfinish: Apokalyptisch<br \/>\nGriffmaterial: schwarzes G10<br \/>\nGriffst\u00e4rke: 1,67 cm<br \/>\nMantelmaterial: Kydex mit Karbonfaser-Finish<br \/>\nGewicht: 6,4 Unzen.<br \/>\nGewicht mit Koffer: 9,9 Unzen.<br \/>\nDesigner: Tony Marfione<br \/>\nHergestellt in den USA<\/p>\n<p><iframe title=\"Microtech Combat Troodon Torture Test\" width=\"800\" height=\"450\" src=\"https:\/\/www.youtube.com\/embed\/xE9TeOFYEjg?feature=oembed\" frameborder=\"0\" allow=\"accelerometer; autoplay; clipboard-write; encrypted-media; gyroscope; picture-in-picture; web-share\" allowfullscreen><\/iframe><\/p>\n<p>&nbsp;<\/p>\n","protected":false},"excerpt":{"rendered":"<p>Im Laufe der Jahre hat Microtech\u00ae Knives Messer mit Leidenschaft und K\u00f6nnen gef\u00fcllt, um nahezu Kunstwerke zu schaffen, die den Gipfel der Funktionalit\u00e4t darstellen. Alle Teile werden in den USA hergestellt.<br \/>\n<strong>F\u00fcr alle Microtech-Messer gilt eine lebenslange Garantie.<\/strong><\/p>\n<p><strong>Kostenloser Transport.<\/strong><\/p>\n","protected":false},"featured_media":309952,"comment_status":"open","ping_status":"closed","template":"","meta":[],"pwb-brand":[3278],"product_brand":[],"product_cat":[3285,3287],"product_tag":[3669],"class_list":{"0":"post-309931","1":"product","2":"type-product","3":"status-publish","4":"has-post-thumbnail","6":"pwb-brand-microtech-de","7":"product_cat-messer","8":"product_cat-solide-messer","9":"product_tag-b2b-de","11":"first","12":"instock","13":"taxable","14":"shipping-taxable","15":"purchasable","16":"product-type-simple"},"brands":[{"id":3278,"name":"Microtech","slug":"microtech-de"}],"_links":{"self":[{"href":"https:\/\/www.moskito.cz\/de\/wp-json\/wp\/v2\/product\/309931","targetHints":{"allow":["GET"]}}],"collection":[{"href":"https:\/\/www.moskito.cz\/de\/wp-json\/wp\/v2\/product"}],"about":[{"href":"https:\/\/www.moskito.cz\/de\/wp-json\/wp\/v2\/types\/product"}],"replies":[{"embeddable":true,"href":"https:\/\/www.moskito.cz\/de\/wp-json\/wp\/v2\/comments?post=309931"}],"wp:featuredmedia":[{"embeddable":true,"href":"https:\/\/www.moskito.cz\/de\/wp-json\/wp\/v2\/media\/309952"}],"wp:attachment":[{"href":"https:\/\/www.moskito.cz\/de\/wp-json\/wp\/v2\/media?parent=309931"}],"wp:term":[{"taxonomy":"pwb-brand","embeddable":true,"href":"https:\/\/www.moskito.cz\/de\/wp-json\/wp\/v2\/pwb-brand?post=309931"},{"taxonomy":"product_brand","embeddable":true,"href":"https:\/\/www.moskito.cz\/de\/wp-json\/wp\/v2\/product_brand?post=309931"},{"taxonomy":"product_cat","embeddable":true,"href":"https:\/\/www.moskito.cz\/de\/wp-json\/wp\/v2\/product_cat?post=309931"},{"taxonomy":"product_tag","embeddable":true,"href":"https:\/\/www.moskito.cz\/de\/wp-json\/wp\/v2\/product_tag?post=309931"}],"curies":[{"name":"wp","href":"https:\/\/api.w.org\/{rel}","templated":true}]}}