{"id":310098,"date":"2023-05-03T19:21:46","date_gmt":"2024-02-06T15:12:05","guid":{"rendered":"https:\/\/www.moskito.cz\/produkt\/schiessmesser-microtech-dirac-delta-tactical-schwarz-227-3t\/"},"modified":"2025-05-07T11:01:12","modified_gmt":"2025-05-07T10:01:12","slug":"schiessmesser-microtech-dirac-delta-tactical-schwarz-227-3t","status":"publish","type":"product","link":"https:\/\/www.moskito.cz\/de\/produkt\/schiessmesser-microtech-dirac-delta-tactical-schwarz-227-3t\/","title":{"rendered":"Schie\u00dfmesser Microtech Dirac Delta Tactical Schwarz 227-3T"},"content":{"rendered":"<p>Schie\u00dfmesser <strong>Microtech<\/strong> Dirac Delta Tactical Schwarz 227-3T<\/p>\n<p>Das Dirac ist Microtechs erstes Double-Action-Messer mit Seitenschieber. Der \u00e4u\u00dferst ergonomische Griff zeichnet sich durch geschwungene HALO-\u00e4hnliche Linien aus, die sich im Vergleich zu anderen Griffen etwas anders anf\u00fchlen. Sie haben dieses spezielle OTF-Design erforscht und ihre charakteristischen Mikrotechnologiefunktionen mit ultrahoher Toleranz wie propriet\u00e4re Hardware, innovative interne Mechanismen und Glasbrecher verwendet. Mit der Gesamtl\u00e4nge ist das Dirac genau das Richtige f\u00fcr ein Alltags- oder Einsatzmesser.<\/p>\n<p>Spezifikationen<br \/>\nKlingenl\u00e4nge: 9,47 cm<br \/>\nGesamtl\u00e4nge: 24 cm<br \/>\nStahl: M390<br \/>\nKlingenst\u00e4rke: 0,425 cm<br \/>\nKlingenstil: Doppelschneidiger Dolch<br \/>\nKlingenschliff: Flach<br \/>\nKlingenfinish: Schwarz DLC<br \/>\nGriffmaterial: 6061-T6-Aluminium, schwarz eloxierte Mil-Spec-Hartbeschichtung<br \/>\nGriffst\u00e4rke: 1,05 cm<br \/>\nVerriegelungsmechanismus: Deckelschieber<br \/>\nTaschenclip: Edelstahl 301 (zusammenklappbar)<br \/>\nGewicht: 4,1 Unzen.<br \/>\nDesigner: Tony Marfione<br \/>\nHergestellt in den USA<\/p>\n<p><iframe title=\"Microtech Combat Troodon Torture Test\" width=\"800\" height=\"450\" src=\"https:\/\/www.youtube.com\/embed\/xE9TeOFYEjg?feature=oembed\" frameborder=\"0\" allow=\"accelerometer; autoplay; clipboard-write; encrypted-media; gyroscope; picture-in-picture; web-share\" allowfullscreen><\/iframe><\/p>\n<p>&nbsp;<\/p>\n","protected":false},"excerpt":{"rendered":"<p><strong>Im Laufe der Jahre hat Microtech\u00ae Knives Messer mit Leidenschaft und K\u00f6nnen gef\u00fcllt, um nahezu Kunstwerke zu schaffen, die den Gipfel der Funktionalit\u00e4t darstellen. Alle Teile werden in den USA hergestellt.<\/strong><br \/>\n<strong>F\u00fcr alle Microtech-Messer gilt eine lebenslange Garantie.<\/strong><\/p>\n<p><strong>Kostenloser Transport.<\/strong><\/p>\n","protected":false},"featured_media":310104,"comment_status":"open","ping_status":"closed","template":"","meta":[],"pwb-brand":[3278],"product_brand":[],"product_cat":[3285,3343],"product_tag":[3669],"class_list":{"0":"post-310098","1":"product","2":"type-product","3":"status-publish","4":"has-post-thumbnail","6":"pwb-brand-microtech-de","7":"product_cat-messer","8":"product_cat-schiesmesser","9":"product_tag-b2b-de","11":"first","12":"outofstock","13":"taxable","14":"shipping-taxable","15":"purchasable","16":"product-type-simple"},"brands":[{"id":3278,"name":"Microtech","slug":"microtech-de"}],"_links":{"self":[{"href":"https:\/\/www.moskito.cz\/de\/wp-json\/wp\/v2\/product\/310098","targetHints":{"allow":["GET"]}}],"collection":[{"href":"https:\/\/www.moskito.cz\/de\/wp-json\/wp\/v2\/product"}],"about":[{"href":"https:\/\/www.moskito.cz\/de\/wp-json\/wp\/v2\/types\/product"}],"replies":[{"embeddable":true,"href":"https:\/\/www.moskito.cz\/de\/wp-json\/wp\/v2\/comments?post=310098"}],"wp:featuredmedia":[{"embeddable":true,"href":"https:\/\/www.moskito.cz\/de\/wp-json\/wp\/v2\/media\/310104"}],"wp:attachment":[{"href":"https:\/\/www.moskito.cz\/de\/wp-json\/wp\/v2\/media?parent=310098"}],"wp:term":[{"taxonomy":"pwb-brand","embeddable":true,"href":"https:\/\/www.moskito.cz\/de\/wp-json\/wp\/v2\/pwb-brand?post=310098"},{"taxonomy":"product_brand","embeddable":true,"href":"https:\/\/www.moskito.cz\/de\/wp-json\/wp\/v2\/product_brand?post=310098"},{"taxonomy":"product_cat","embeddable":true,"href":"https:\/\/www.moskito.cz\/de\/wp-json\/wp\/v2\/product_cat?post=310098"},{"taxonomy":"product_tag","embeddable":true,"href":"https:\/\/www.moskito.cz\/de\/wp-json\/wp\/v2\/product_tag?post=310098"}],"curies":[{"name":"wp","href":"https:\/\/api.w.org\/{rel}","templated":true}]}}