{"id":310238,"date":"2023-03-17T20:48:49","date_gmt":"2024-02-06T17:56:48","guid":{"rendered":"https:\/\/www.moskito.cz\/produkt\/microtech-klappmesser-set-signature-series-ultratech-molon-labe-bronze-apocalyptic-hellhound-tanto-und-warhound\/"},"modified":"2025-05-07T11:01:15","modified_gmt":"2025-05-07T10:01:15","slug":"microtech-klappmesser-set-signature-series-ultratech-molon-labe-bronze-apocalyptic-hellhound-tanto-und-warhound","status":"publish","type":"product","link":"https:\/\/www.moskito.cz\/de\/produkt\/microtech-klappmesser-set-signature-series-ultratech-molon-labe-bronze-apocalyptic-hellhound-tanto-und-warhound\/","title":{"rendered":"Microtech Klappmesser-Set Signature Series Ultratech Molon Labe Bronze Apocalyptic Hellhound Tanto und Warhound"},"content":{"rendered":"<p><strong>Microtech<\/strong> Klappmesser-Set Signature Series Ultratech Molon Labe Bronze Apocalyptic Hellhound Tanto und Warhound<\/p>\n<p><strong>Ultratech<\/strong> wird f\u00fcr immer den Standard f\u00fcr alle Frontmesser setzen. Das Ultratech ist das urspr\u00fcngliche Double-Action-Frontmesser von Microtech und bildete die Basis der gesamten OTF-Linie. Im Laufe der Jahre wurde es mehrfach modifiziert und ist jedes Mal effizienter und zuverl\u00e4ssiger geworden. Diese Version verf\u00fcgt \u00fcber eine verbesserte Tri-Grip-Textur am Daumenschieber f\u00fcr einen besseren Halt und einen abgerundeten, aber funktionellen Glasbrecher. Die Ultratech-Feder bleibt immer in der \u201eRuhe\u201c-Position, au\u00dfer im gedehnten Zustand. Dadurch wird sichergestellt, dass die zusammengedr\u00fcckte Feder nicht erm\u00fcdet und der Benutzer sicherstellt, dass das Messer beim Abfeuern effektiv funktioniert. Auf den schwarzen Aluminiumgriffen befindet sich jeweils eine H\u00e4lfte eines spartanischen Helms mit dem griechischen Zitat \u201eMolon Labe\u201c, das durch K\u00f6nig Leonidas in den Thermopylen ber\u00fchmt wurde, auf einer bronzenen apokalyptischen Drop-Point-Klinge, was \u00fcbersetzt \u201eKomm und nimm\u201c bedeutet. Das leichte einh\u00e4ndige \u00d6ffnen und Schlie\u00dfen von Ultratech, das schlanke Design und die skalpellscharfe Klinge machen es zu einem einzigartigen Messer, das nur bei Microtech erh\u00e4ltlich ist. Dieses Messer hat immer wieder bewiesen, dass es jedem Hindernis standh\u00e4lt.<\/p>\n<p>Spezifikationen<br \/>\nAutomatisches \u00d6ffnen\/Schlie\u00dfen \u2013 Front\u00f6ffner<br \/>\nAktion: Dual Action \u2013 Automatisches Feuern\/Einfahren<br \/>\nStahl: M390<br \/>\nKlingenl\u00e4nge: 8,65 cm<br \/>\nKlingenstile: Hellhound Tanto und Warhound<br \/>\nKlingenfinish: Apokalyptische Bronze<br \/>\nGriffst\u00e4rke: 1,6 cm<br \/>\nGriffmaterial: Schwarz eloxiertes Mil-Spec-Hartbeschichtungsaluminium 6061-T6, Molon Labe<br \/>\nL\u00e4nge im ge\u00f6ffneten Zustand: 21 cm<br \/>\nMaterial des Taschenclips: Edelstahl 301<br \/>\nStandard-Obermaterial: 6061-T6 AL-Legierung<br \/>\nAbzug: 303 Edelstahl<br \/>\nGewicht: 3,4 Unzen.<br \/>\nFensterbrecher<br \/>\nHergestellt in den USA<\/p>\n<p><iframe title=\"Microtech Combat Troodon Torture Test\" width=\"800\" height=\"450\" src=\"https:\/\/www.youtube.com\/embed\/xE9TeOFYEjg?feature=oembed\" frameborder=\"0\" allow=\"accelerometer; autoplay; clipboard-write; encrypted-media; gyroscope; picture-in-picture; web-share\" allowfullscreen><\/iframe><\/p>\n<p>&nbsp;<\/p>\n","protected":false},"excerpt":{"rendered":"<p>Im Laufe der Jahre hat <strong>Microtech\u00ae<\/strong> Knives Messer mit Leidenschaft und K\u00f6nnen gef\u00fcllt, um nahezu Kunstwerke zu schaffen, die den Gipfel der Funktionalit\u00e4t darstellen. Alle Teile werden in den USA hergestellt.<br \/>\n<strong>Alle Microtech-Messer haben eine lebenslange Garantie (mindestens 80.000 Zyklen, \u00d6ffnen und Schlie\u00dfen).<\/strong><\/p>\n<p><strong>Kostenloser Transport.<\/strong><\/p>\n","protected":false},"featured_media":310247,"comment_status":"open","ping_status":"closed","template":"","meta":[],"pwb-brand":[3278],"product_brand":[],"product_cat":[3285,3343],"product_tag":[3669],"class_list":{"0":"post-310238","1":"product","2":"type-product","3":"status-publish","4":"has-post-thumbnail","6":"pwb-brand-microtech-de","7":"product_cat-messer","8":"product_cat-schiesmesser","9":"product_tag-b2b-de","11":"first","12":"instock","13":"taxable","14":"shipping-taxable","15":"purchasable","16":"product-type-simple"},"brands":[{"id":3278,"name":"Microtech","slug":"microtech-de"}],"_links":{"self":[{"href":"https:\/\/www.moskito.cz\/de\/wp-json\/wp\/v2\/product\/310238","targetHints":{"allow":["GET"]}}],"collection":[{"href":"https:\/\/www.moskito.cz\/de\/wp-json\/wp\/v2\/product"}],"about":[{"href":"https:\/\/www.moskito.cz\/de\/wp-json\/wp\/v2\/types\/product"}],"replies":[{"embeddable":true,"href":"https:\/\/www.moskito.cz\/de\/wp-json\/wp\/v2\/comments?post=310238"}],"wp:featuredmedia":[{"embeddable":true,"href":"https:\/\/www.moskito.cz\/de\/wp-json\/wp\/v2\/media\/310247"}],"wp:attachment":[{"href":"https:\/\/www.moskito.cz\/de\/wp-json\/wp\/v2\/media?parent=310238"}],"wp:term":[{"taxonomy":"pwb-brand","embeddable":true,"href":"https:\/\/www.moskito.cz\/de\/wp-json\/wp\/v2\/pwb-brand?post=310238"},{"taxonomy":"product_brand","embeddable":true,"href":"https:\/\/www.moskito.cz\/de\/wp-json\/wp\/v2\/product_brand?post=310238"},{"taxonomy":"product_cat","embeddable":true,"href":"https:\/\/www.moskito.cz\/de\/wp-json\/wp\/v2\/product_cat?post=310238"},{"taxonomy":"product_tag","embeddable":true,"href":"https:\/\/www.moskito.cz\/de\/wp-json\/wp\/v2\/product_tag?post=310238"}],"curies":[{"name":"wp","href":"https:\/\/api.w.org\/{rel}","templated":true}]}}