{"id":310464,"date":"2023-03-15T21:51:45","date_gmt":"2024-02-06T19:15:43","guid":{"rendered":"https:\/\/www.moskito.cz\/produkt\/schlussmesser-microtech-anax-combo-blade-titangriff-mit-carbon-190c-2dlctcfiti\/"},"modified":"2025-05-07T11:01:21","modified_gmt":"2025-05-07T10:01:21","slug":"schlussmesser-microtech-anax-combo-blade-titangriff-mit-carbon-190c-2dlctcfiti","status":"publish","type":"product","link":"https:\/\/www.moskito.cz\/de\/produkt\/schlussmesser-microtech-anax-combo-blade-titangriff-mit-carbon-190c-2dlctcfiti\/","title":{"rendered":"Schlussmesser Microtech Anax Combo Blade Titangriff mit Carbon 190C-2DLCTCFITI"},"content":{"rendered":"<p>Schlussmesser <strong>Microtech<\/strong> Anax Combo Blade Titangriff mit Carbon 190C-2DLCTCFITI<\/p>\n<p>Der von Microtech entworfene und von Rike Knife hergestellte <strong>Anax<\/strong> ist immer noch ein vollst\u00e4ndig integriertes Teil. Es hat eine erstaunliche Klingengr\u00f6\u00dfe und ein erstaunliches Verh\u00e4ltnis von Breite zu Griff und liefert viel Schneidkraft in einem d\u00fcnnen, schlanken und dennoch robusten Paket. Die Drop-Point-Klingenform ist ausgezeichnet \u2013 sie bietet viel Bauch zum Schneiden und verf\u00fcgt \u00fcber eine au\u00dfergew\u00f6hnlich starke Spitze f\u00fcr Stichkraft. Es besteht aus rostfreiem M390-Stahl, der ebenso \u00e4sthetisch sch\u00f6n ist wie jede Klinge. Die Anax-Gr\u00f6\u00dfe ist ideal, wenn Sie eine gr\u00f6\u00dfere EDC-Klinge bevorzugen, die sich problemlos in eine taktische Rolle integrieren l\u00e4sst. Der Griff besteht aus einem einzigen massiven St\u00fcck Titan und ist mit einem Carbonfasereinsatz in Pr\u00e4sentationsgr\u00f6\u00dfe akzentuiert. Alles an diesem Messer schreit nach Qualit\u00e4t und Sie m\u00f6chten es jeden Tag bei sich tragen. Sicherlich wird es im Handumdrehen zu einem Favoriten in der Sammlung. Wird mit einem Paar abnehmbarer Kabel und Bits f\u00fcr den Stift und die Hardware geliefert.<\/p>\n<p>Gesamtl\u00e4nge: 21,8 cm<br \/>\nKlingenl\u00e4nge: 9,4 cm<br \/>\nKlingenst\u00e4rke: 0,4 cm<br \/>\nKlingenstahl: M390<br \/>\nKlingenoberfl\u00e4chenbehandlung: DLC<br \/>\nGriffmaterial: Titan \u2013 Kohlefaser<br \/>\nTaschenclip: Ja, nur f\u00fcr Rechtsh\u00e4nder, Spitze nach oben<br \/>\nSchlosstyp: Rahmenschloss<\/p>\n<p><iframe title=\"Microtech Combat Troodon Torture Test\" width=\"800\" height=\"450\" src=\"https:\/\/www.youtube.com\/embed\/xE9TeOFYEjg?feature=oembed\" frameborder=\"0\" allow=\"accelerometer; autoplay; clipboard-write; encrypted-media; gyroscope; picture-in-picture; web-share\" allowfullscreen><\/iframe><\/p>\n<p>&nbsp;<\/p>\n","protected":false},"excerpt":{"rendered":"<p>Im Laufe der Jahre hat <strong>Microtech\u00ae<\/strong> Knives Messer mit Leidenschaft und K\u00f6nnen gef\u00fcllt, um nahezu Kunstwerke zu schaffen, die den Gipfel der Funktionalit\u00e4t darstellen. Alle Teile werden in den USA hergestellt.<br \/>\n<strong>Alle Microtech-Messer haben eine lebenslange Garantie (mindestens 80.000 Zyklen, \u00d6ffnen und Schlie\u00dfen).<\/strong><\/p>\n<p><strong>Kostenloser Transport.<\/strong><\/p>\n","protected":false},"featured_media":310465,"comment_status":"open","ping_status":"closed","template":"","meta":[],"pwb-brand":[3278],"product_brand":[],"product_cat":[3285,3303],"product_tag":[3669],"class_list":{"0":"post-310464","1":"product","2":"type-product","3":"status-publish","4":"has-post-thumbnail","6":"pwb-brand-microtech-de","7":"product_cat-messer","8":"product_cat-schliesmesser","9":"product_tag-b2b-de","11":"first","12":"instock","13":"taxable","14":"shipping-taxable","15":"purchasable","16":"product-type-simple"},"brands":[{"id":3278,"name":"Microtech","slug":"microtech-de"}],"_links":{"self":[{"href":"https:\/\/www.moskito.cz\/de\/wp-json\/wp\/v2\/product\/310464","targetHints":{"allow":["GET"]}}],"collection":[{"href":"https:\/\/www.moskito.cz\/de\/wp-json\/wp\/v2\/product"}],"about":[{"href":"https:\/\/www.moskito.cz\/de\/wp-json\/wp\/v2\/types\/product"}],"replies":[{"embeddable":true,"href":"https:\/\/www.moskito.cz\/de\/wp-json\/wp\/v2\/comments?post=310464"}],"wp:featuredmedia":[{"embeddable":true,"href":"https:\/\/www.moskito.cz\/de\/wp-json\/wp\/v2\/media\/310465"}],"wp:attachment":[{"href":"https:\/\/www.moskito.cz\/de\/wp-json\/wp\/v2\/media?parent=310464"}],"wp:term":[{"taxonomy":"pwb-brand","embeddable":true,"href":"https:\/\/www.moskito.cz\/de\/wp-json\/wp\/v2\/pwb-brand?post=310464"},{"taxonomy":"product_brand","embeddable":true,"href":"https:\/\/www.moskito.cz\/de\/wp-json\/wp\/v2\/product_brand?post=310464"},{"taxonomy":"product_cat","embeddable":true,"href":"https:\/\/www.moskito.cz\/de\/wp-json\/wp\/v2\/product_cat?post=310464"},{"taxonomy":"product_tag","embeddable":true,"href":"https:\/\/www.moskito.cz\/de\/wp-json\/wp\/v2\/product_tag?post=310464"}],"curies":[{"name":"wp","href":"https:\/\/api.w.org\/{rel}","templated":true}]}}