{"id":310615,"date":"2023-03-14T19:41:19","date_gmt":"2024-02-06T19:19:12","guid":{"rendered":"https:\/\/www.moskito.cz\/produkt\/microtech-dirac-delta-urban-camo-cerakote-227-1ucs-schiessmesser\/"},"modified":"2025-05-07T11:01:28","modified_gmt":"2025-05-07T10:01:28","slug":"microtech-dirac-delta-urban-camo-cerakote-227-1ucs-schiessmesser","status":"publish","type":"product","link":"https:\/\/www.moskito.cz\/de\/produkt\/microtech-dirac-delta-urban-camo-cerakote-227-1ucs-schiessmesser\/","title":{"rendered":"Microtech Dirac Delta Urban Camo Cerakote 227-1UCS Schie\u00dfmesser"},"content":{"rendered":"<p><strong>Microtech<\/strong> Dirac Delta Urban Camo Cerakote 227-1UCS Schie\u00dfmesser<\/p>\n<p>Das Dirac ist Microtechs erstes Double-Action-Messer mit einem Cover-Firing-Schieber. Das \u00e4u\u00dferst ergonomische Geh\u00e4use zeichnet sich durch geschwungene HALO-\u00e4hnliche Linien aus, die im Vergleich zu anderen Griffen ein etwas anderes Gef\u00fchl vermitteln. Sie haben dieses spezielle OTF-Design erforscht und ihre charakteristischen Mikrotechnologiefunktionen mit ultrahoher Toleranz wie propriet\u00e4re Hardware, innovative interne Mechanismen und Glasbrecher verwendet. Mit einer Gesamtl\u00e4nge von 9,4 Zoll hat das Dirac genau die richtige Gr\u00f6\u00dfe f\u00fcr ein Alltags- oder Einsatzmesser.<\/p>\n<p><strong>Spezifikationen:<\/strong><br \/>\nKlingenl\u00e4nge: 9,5 cm<br \/>\nGesamtl\u00e4nge: 23,5 cm<br \/>\nStahl: M390<br \/>\nKlingenstil: Doppelschneidiger Dolch<br \/>\nKlingenschliff: Flach<br \/>\nKlingenfinish: Urban Camo<br \/>\nGriffmaterial: 6061-T6-Aluminium, Urban Camo Mil-Spec Hard Coat eloxiert<br \/>\nVerriegelungsmechanismus: Deckelschieber<br \/>\nTaschenclip: Edelstahl 301 (zusammenklappbar)<br \/>\nGewicht: 4,1 Unzen.<br \/>\nDesigner: Tony Marfione<br \/>\nHergestellt in den USA<\/p>\n<p><iframe title=\"Microtech Combat Troodon Torture Test\" width=\"800\" height=\"450\" src=\"https:\/\/www.youtube.com\/embed\/xE9TeOFYEjg?feature=oembed\" frameborder=\"0\" allow=\"accelerometer; autoplay; clipboard-write; encrypted-media; gyroscope; picture-in-picture; web-share\" allowfullscreen><\/iframe><\/p>\n","protected":false},"excerpt":{"rendered":"<p>Im Laufe der Jahre hat <strong>Microtech\u00ae Knives<\/strong> Messer mit Leidenschaft und K\u00f6nnen gef\u00fcllt, um nahezu Kunstwerke zu schaffen, die den Gipfel der Funktionalit\u00e4t darstellen. Alle Teile werden in den USA hergestellt.<br \/>\n<strong>F\u00fcr alle Microtech-Messer gilt eine lebenslange Garantie.<\/strong><\/p>\n<p><strong>Kostenloser Transport.<\/strong><\/p>\n","protected":false},"featured_media":310619,"comment_status":"open","ping_status":"closed","template":"","meta":[],"pwb-brand":[3278],"product_brand":[],"product_cat":[3343,3285],"product_tag":[3669],"class_list":{"0":"post-310615","1":"product","2":"type-product","3":"status-publish","4":"has-post-thumbnail","6":"pwb-brand-microtech-de","7":"product_cat-schiesmesser","8":"product_cat-messer","9":"product_tag-b2b-de","11":"first","12":"outofstock","13":"taxable","14":"shipping-taxable","15":"purchasable","16":"product-type-simple"},"brands":[{"id":3278,"name":"Microtech","slug":"microtech-de"}],"_links":{"self":[{"href":"https:\/\/www.moskito.cz\/de\/wp-json\/wp\/v2\/product\/310615","targetHints":{"allow":["GET"]}}],"collection":[{"href":"https:\/\/www.moskito.cz\/de\/wp-json\/wp\/v2\/product"}],"about":[{"href":"https:\/\/www.moskito.cz\/de\/wp-json\/wp\/v2\/types\/product"}],"replies":[{"embeddable":true,"href":"https:\/\/www.moskito.cz\/de\/wp-json\/wp\/v2\/comments?post=310615"}],"wp:featuredmedia":[{"embeddable":true,"href":"https:\/\/www.moskito.cz\/de\/wp-json\/wp\/v2\/media\/310619"}],"wp:attachment":[{"href":"https:\/\/www.moskito.cz\/de\/wp-json\/wp\/v2\/media?parent=310615"}],"wp:term":[{"taxonomy":"pwb-brand","embeddable":true,"href":"https:\/\/www.moskito.cz\/de\/wp-json\/wp\/v2\/pwb-brand?post=310615"},{"taxonomy":"product_brand","embeddable":true,"href":"https:\/\/www.moskito.cz\/de\/wp-json\/wp\/v2\/product_brand?post=310615"},{"taxonomy":"product_cat","embeddable":true,"href":"https:\/\/www.moskito.cz\/de\/wp-json\/wp\/v2\/product_cat?post=310615"},{"taxonomy":"product_tag","embeddable":true,"href":"https:\/\/www.moskito.cz\/de\/wp-json\/wp\/v2\/product_tag?post=310615"}],"curies":[{"name":"wp","href":"https:\/\/api.w.org\/{rel}","templated":true}]}}