{"id":310718,"date":"2023-02-23T21:54:03","date_gmt":"2024-02-06T19:20:55","guid":{"rendered":"https:\/\/www.moskito.cz\/produkt\/microtech-utx-70-spartan-signature-series-schiessmesser-249-1dlcts\/"},"modified":"2025-05-07T11:01:30","modified_gmt":"2025-05-07T10:01:30","slug":"microtech-utx-70-spartan-signature-series-schiessmesser-249-1dlcts","status":"publish","type":"product","link":"https:\/\/www.moskito.cz\/de\/produkt\/microtech-utx-70-spartan-signature-series-schiessmesser-249-1dlcts\/","title":{"rendered":"Microtech UTX-70 Spartan Signature Series Schie\u00dfmesser 249-1DLCTS"},"content":{"rendered":"<p><strong>Microtech<\/strong> UTX-70 Spartan Signature Series Schie\u00dfmesser 249-1DLCTS<\/p>\n<p>Suchen Sie nach dem kompaktesten automatischen Frontmesser auf dem Markt? Sie haben es also gefunden! Der Microtech UTX-70 feuert automatisch \u00fcber einen Schiebeknopf auf der rechten Seite der Klinge ein und aus. Super klein. Tolles kleines Messer!<\/p>\n<p>Dieses Modell verf\u00fcgt \u00fcber einen DLC-beschichteten Aluminiumgriff. DLC-veredelte zweischneidige Spartan-Edelstahlklinge aus M390. DLC-Hardware, Taschenclip und Glasbrecher. Die Klinge verf\u00fcgt \u00fcber Modellinformationen. Der Taschenclip tr\u00e4gt das <strong>Microtech-<\/strong> Logo, das Signature Series-Logo, die Seriennummer und das Herstellungsdatum.<\/p>\n<p>Griffmaterial: Aluminium<br \/>\nKlingenmaterial: M390<br \/>\nKlingenstil: Spartan Double Edge<br \/>\nKlingenoberfl\u00e4chenbehandlung: DLC<br \/>\nKantentyp: Standard<br \/>\nModell\/Muster: UTX-70<br \/>\nMessertyp: Double-Action-Automatik-OTF<br \/>\nGesamtl\u00e4nge: 14,07 cm<br \/>\nKlingenl\u00e4nge: 6,02 cm<br \/>\nKlingenst\u00e4rke: 0,2 cm<\/p>\n<p>&nbsp;<\/p>\n","protected":false},"excerpt":{"rendered":"<p>Im Laufe der Jahre hat <strong>Microtech\u00ae Knives<\/strong> Messer mit Leidenschaft und K\u00f6nnen gef\u00fcllt, um nahezu Kunstwerke zu schaffen, die den Gipfel der Funktionalit\u00e4t darstellen. Alle Teile werden in den USA hergestellt.<br \/>\n<strong>F\u00fcr alle Microtech-Messer gilt eine lebenslange Garantie.<\/strong><\/p>\n<p><strong>Kostenloser Transport<\/strong><\/p>\n","protected":false},"featured_media":310720,"comment_status":"open","ping_status":"closed","template":"","meta":[],"pwb-brand":[3278],"product_brand":[],"product_cat":[3285,3343],"product_tag":[3669],"class_list":{"0":"post-310718","1":"product","2":"type-product","3":"status-publish","4":"has-post-thumbnail","6":"pwb-brand-microtech-de","7":"product_cat-messer","8":"product_cat-schiesmesser","9":"product_tag-b2b-de","11":"first","12":"outofstock","13":"taxable","14":"shipping-taxable","15":"purchasable","16":"product-type-simple"},"brands":[{"id":3278,"name":"Microtech","slug":"microtech-de"}],"_links":{"self":[{"href":"https:\/\/www.moskito.cz\/de\/wp-json\/wp\/v2\/product\/310718","targetHints":{"allow":["GET"]}}],"collection":[{"href":"https:\/\/www.moskito.cz\/de\/wp-json\/wp\/v2\/product"}],"about":[{"href":"https:\/\/www.moskito.cz\/de\/wp-json\/wp\/v2\/types\/product"}],"replies":[{"embeddable":true,"href":"https:\/\/www.moskito.cz\/de\/wp-json\/wp\/v2\/comments?post=310718"}],"wp:featuredmedia":[{"embeddable":true,"href":"https:\/\/www.moskito.cz\/de\/wp-json\/wp\/v2\/media\/310720"}],"wp:attachment":[{"href":"https:\/\/www.moskito.cz\/de\/wp-json\/wp\/v2\/media?parent=310718"}],"wp:term":[{"taxonomy":"pwb-brand","embeddable":true,"href":"https:\/\/www.moskito.cz\/de\/wp-json\/wp\/v2\/pwb-brand?post=310718"},{"taxonomy":"product_brand","embeddable":true,"href":"https:\/\/www.moskito.cz\/de\/wp-json\/wp\/v2\/product_brand?post=310718"},{"taxonomy":"product_cat","embeddable":true,"href":"https:\/\/www.moskito.cz\/de\/wp-json\/wp\/v2\/product_cat?post=310718"},{"taxonomy":"product_tag","embeddable":true,"href":"https:\/\/www.moskito.cz\/de\/wp-json\/wp\/v2\/product_tag?post=310718"}],"curies":[{"name":"wp","href":"https:\/\/api.w.org\/{rel}","templated":true}]}}