{"id":310742,"date":"2023-02-22T21:08:19","date_gmt":"2023-02-22T20:08:19","guid":{"rendered":"https:\/\/www.moskito.cz\/produkt\/microtech-borka-stitch-coyote-signature-series-169-1ccs-schiessmesser\/"},"modified":"2025-05-07T11:01:31","modified_gmt":"2025-05-07T10:01:31","slug":"microtech-borka-stitch-coyote-signature-series-169-1ccs-schiessmesser","status":"publish","type":"product","link":"https:\/\/www.moskito.cz\/de\/produkt\/microtech-borka-stitch-coyote-signature-series-169-1ccs-schiessmesser\/","title":{"rendered":"Microtech Borka Stitch Coyote Signature Series 169-1CCS Schie\u00dfmesser"},"content":{"rendered":"<p><strong>Microtech<\/strong> Borka Stitch Coyote Signature Series 169-1CCS Schie\u00dfmesser<\/p>\n<p>Dieses erstaunliche St\u00fcck Hardware nutzt das Designgenie von Anthony Marfione und Sebastian Berenji von Borka Blades. Es nimmt das herausragende Design von Sebastijans Stitch und kombiniert es mit Tonys erstklassigem Automatikmechanismus, um eine der schlechtesten Produktionskollaborationen des Jahres zu schaffen.<\/p>\n<p>Dieses Modell der Signature-Serie verf\u00fcgt \u00fcber eine M390-Klinge mit Coyote-Camo-Cerakote-Finish, einen flachen Schliff, eine sch\u00f6ne Klinge f\u00fcr gro\u00dfe Finger und Finger- und Daumenband f\u00fcr hervorragenden Halt. Der Aluminiumgriff ist ebenfalls in Coyote Camo gehalten und weist eine stark gefr\u00e4ste Textur auf. Der Backspacer aus Aluminium ist zus\u00e4tzlich mit Riffelungen versehen. Wie zu erwarten, schie\u00dft dieses Ding wie eine Rakete und die Verriegelung ist absolut stabil, was bei diesem gro\u00dfen Messer beeindruckend ist! Komplett aus apokalyptischer Bronze gefertigte Hardware, Taschenclip und Fangriemen\u00f6se. Der Taschenclip ist mit dem Logo der Signature Series, Modellinformationen und der Seriennummer versehen.<\/p>\n<p>SPEZIFIKATIONEN<br \/>\nHerkunftsland: USA<br \/>\nEntstehungsdatum: 2023<br \/>\nKlingenmaterial: M390<br \/>\nGriffmaterial: Aluminium<br \/>\nKlingenstil: Wharncliffe<br \/>\nKlingenfinish: Coyote Camo<br \/>\nKantentyp: Standard<br \/>\nModell\/Muster: Stich<br \/>\nSchlosstyp: Tastenschloss<br \/>\nKlingenl\u00e4nge: 9,5 cm<br \/>\nGesamtl\u00e4nge: 21,5 cm<br \/>\nGewicht: 6,3 Unzen<\/p>\n<p><iframe title=\"Microtech Combat Troodon Torture Test\" width=\"800\" height=\"450\" src=\"https:\/\/www.youtube.com\/embed\/xE9TeOFYEjg?feature=oembed\" frameborder=\"0\" allow=\"accelerometer; autoplay; clipboard-write; encrypted-media; gyroscope; picture-in-picture; web-share\" allowfullscreen><\/iframe><\/p>\n<p>&nbsp;<\/p>\n","protected":false},"excerpt":{"rendered":"<p>Im Laufe der Jahre hat <strong>Microtech\u00ae Knives<\/strong> Messer mit Leidenschaft und K\u00f6nnen gef\u00fcllt, um nahezu Kunstwerke zu schaffen, die den Gipfel der Funktionalit\u00e4t darstellen. Alle Teile werden in den USA hergestellt.<br \/>\n<strong>F\u00fcr alle Microtech-Messer gilt eine lebenslange Garantie.<\/strong><\/p>\n<p><strong>Kostenloser Transport.<\/strong><\/p>\n","protected":false},"featured_media":310754,"comment_status":"open","ping_status":"closed","template":"","meta":[],"pwb-brand":[3278],"product_brand":[],"product_cat":[3343,3285],"product_tag":[3669],"class_list":{"0":"post-310742","1":"product","2":"type-product","3":"status-publish","4":"has-post-thumbnail","6":"pwb-brand-microtech-de","7":"product_cat-schiesmesser","8":"product_cat-messer","9":"product_tag-b2b-de","11":"first","12":"outofstock","13":"taxable","14":"shipping-taxable","15":"purchasable","16":"product-type-simple"},"brands":[{"id":3278,"name":"Microtech","slug":"microtech-de"}],"_links":{"self":[{"href":"https:\/\/www.moskito.cz\/de\/wp-json\/wp\/v2\/product\/310742","targetHints":{"allow":["GET"]}}],"collection":[{"href":"https:\/\/www.moskito.cz\/de\/wp-json\/wp\/v2\/product"}],"about":[{"href":"https:\/\/www.moskito.cz\/de\/wp-json\/wp\/v2\/types\/product"}],"replies":[{"embeddable":true,"href":"https:\/\/www.moskito.cz\/de\/wp-json\/wp\/v2\/comments?post=310742"}],"wp:featuredmedia":[{"embeddable":true,"href":"https:\/\/www.moskito.cz\/de\/wp-json\/wp\/v2\/media\/310754"}],"wp:attachment":[{"href":"https:\/\/www.moskito.cz\/de\/wp-json\/wp\/v2\/media?parent=310742"}],"wp:term":[{"taxonomy":"pwb-brand","embeddable":true,"href":"https:\/\/www.moskito.cz\/de\/wp-json\/wp\/v2\/pwb-brand?post=310742"},{"taxonomy":"product_brand","embeddable":true,"href":"https:\/\/www.moskito.cz\/de\/wp-json\/wp\/v2\/product_brand?post=310742"},{"taxonomy":"product_cat","embeddable":true,"href":"https:\/\/www.moskito.cz\/de\/wp-json\/wp\/v2\/product_cat?post=310742"},{"taxonomy":"product_tag","embeddable":true,"href":"https:\/\/www.moskito.cz\/de\/wp-json\/wp\/v2\/product_tag?post=310742"}],"curies":[{"name":"wp","href":"https:\/\/api.w.org\/{rel}","templated":true}]}}