{"id":310878,"date":"2023-01-28T23:06:23","date_gmt":"2024-02-06T19:21:42","guid":{"rendered":"https:\/\/www.moskito.cz\/produkt\/microtech-signature-makora-otf-auto-bronze-schiessmesser-206-13rds\/"},"modified":"2025-05-07T11:01:35","modified_gmt":"2025-05-07T10:01:35","slug":"microtech-signature-makora-otf-auto-bronze-schiessmesser-206-13rds","status":"publish","type":"product","link":"https:\/\/www.moskito.cz\/de\/produkt\/microtech-signature-makora-otf-auto-bronze-schiessmesser-206-13rds\/","title":{"rendered":"Microtech Signature Makora OTF AUTO Bronze Schie\u00dfmesser 206-13RDS"},"content":{"rendered":"<p><strong>Microtech<\/strong> Signature Makora OTF AUTO Bronze Schie\u00dfmesser 206-13RDS<\/p>\n<p>Das Makora-Konzept entwickelte sich aus dem ber\u00fchmten Microtech-Ultratech-Design. Es ist seit mehreren Jahren praxiserprobt und bew\u00e4hrt. Dieses Design umfasst viele Funktionen, die von Benutzern angefordert und spezifiziert wurden, die dieses hochwirksame Tool jedem anderen vorziehen. Die Makora-Feder bleibt immer in der \u201eRuhe\u201c-Position, au\u00dfer im ausgefahrenen Zustand. Die komprimierte Feder erm\u00fcdet nicht, wenn das Messer nicht verwendet wird. Dies gibt dem Benutzer die Gewissheit, dass das Messer funktioniert, wenn die Entriegelung gedr\u00fcckt wird. Zu den weiteren Merkmalen geh\u00f6ren schnelles und effizientes \u00d6ffnen und Schlie\u00dfen mit einer Hand, eine hochwertige Stahlklinge, ein doppelseitiger Taschenclip und manipulationssichere Schrauben.<\/p>\n<p>Spezifikationen<br \/>\nKlingenl\u00e4nge: 8,25 cm<br \/>\nGesamtl\u00e4nge: 21,12 cm<br \/>\nBitte beachten Sie, dass der Klingenstahl nicht angegeben werden kann, da dieser je nach Verf\u00fcgbarkeit variieren kann (Informationen von Microtech).<br \/>\nKlingenst\u00e4rke: 0,31 cm<br \/>\nKlingenstil: Doppelschneidiger Dolch<br \/>\nKlingenschliff: Flach<br \/>\nKlingenfinish: Bronze<br \/>\nGriffmaterial: Rotes Flugzeugaluminium mit schwarzen Traktionseins\u00e4tzen<br \/>\nGriffst\u00e4rke: 1,38 cm<br \/>\nVerriegelungsmechanismus: Schiebend<br \/>\nTaschenclip: Titan (klappbar, rechts\/links tragbar)<br \/>\nGewicht: 3,32 Unzen.<br \/>\nDesigner: Tony Marfione<br \/>\nInneres Nickel-Bor<br \/>\nHergestellt in den USA<\/p>\n<p><iframe title=\"Microtech Combat Troodon Torture Test\" width=\"800\" height=\"450\" src=\"https:\/\/www.youtube.com\/embed\/xE9TeOFYEjg?feature=oembed\" frameborder=\"0\" allow=\"accelerometer; autoplay; clipboard-write; encrypted-media; gyroscope; picture-in-picture; web-share\" allowfullscreen><\/iframe><\/p>\n<p>&nbsp;<\/p>\n","protected":false},"excerpt":{"rendered":"<p>Im Laufe der Jahre hat <strong>Microtech\u00ae Knives<\/strong> Messer mit Leidenschaft und K\u00f6nnen gef\u00fcllt, um nahezu Kunstwerke zu schaffen, die den Gipfel der Funktionalit\u00e4t darstellen. Alle Teile werden in den USA hergestellt.<br \/>\n<strong>F\u00fcr alle Microtech-Messer gilt eine lebenslange Garantie.<\/strong><\/p>\n<p><strong>Kostenloser Transport.<\/strong><\/p>\n","protected":false},"featured_media":310888,"comment_status":"open","ping_status":"closed","template":"","meta":[],"pwb-brand":[3278],"product_brand":[],"product_cat":[3285,3343],"product_tag":[3669],"class_list":{"0":"post-310878","1":"product","2":"type-product","3":"status-publish","4":"has-post-thumbnail","6":"pwb-brand-microtech-de","7":"product_cat-messer","8":"product_cat-schiesmesser","9":"product_tag-b2b-de","11":"first","12":"instock","13":"taxable","14":"shipping-taxable","15":"purchasable","16":"product-type-simple"},"brands":[{"id":3278,"name":"Microtech","slug":"microtech-de"}],"_links":{"self":[{"href":"https:\/\/www.moskito.cz\/de\/wp-json\/wp\/v2\/product\/310878","targetHints":{"allow":["GET"]}}],"collection":[{"href":"https:\/\/www.moskito.cz\/de\/wp-json\/wp\/v2\/product"}],"about":[{"href":"https:\/\/www.moskito.cz\/de\/wp-json\/wp\/v2\/types\/product"}],"replies":[{"embeddable":true,"href":"https:\/\/www.moskito.cz\/de\/wp-json\/wp\/v2\/comments?post=310878"}],"wp:featuredmedia":[{"embeddable":true,"href":"https:\/\/www.moskito.cz\/de\/wp-json\/wp\/v2\/media\/310888"}],"wp:attachment":[{"href":"https:\/\/www.moskito.cz\/de\/wp-json\/wp\/v2\/media?parent=310878"}],"wp:term":[{"taxonomy":"pwb-brand","embeddable":true,"href":"https:\/\/www.moskito.cz\/de\/wp-json\/wp\/v2\/pwb-brand?post=310878"},{"taxonomy":"product_brand","embeddable":true,"href":"https:\/\/www.moskito.cz\/de\/wp-json\/wp\/v2\/product_brand?post=310878"},{"taxonomy":"product_cat","embeddable":true,"href":"https:\/\/www.moskito.cz\/de\/wp-json\/wp\/v2\/product_cat?post=310878"},{"taxonomy":"product_tag","embeddable":true,"href":"https:\/\/www.moskito.cz\/de\/wp-json\/wp\/v2\/product_tag?post=310878"}],"curies":[{"name":"wp","href":"https:\/\/api.w.org\/{rel}","templated":true}]}}