{"id":310900,"date":"2023-01-26T22:40:55","date_gmt":"2024-02-06T19:21:45","guid":{"rendered":"https:\/\/www.moskito.cz\/produkt\/microtech-troodon-138-10drd-schiessmesser\/"},"modified":"2025-05-07T11:01:35","modified_gmt":"2025-05-07T10:01:35","slug":"microtech-troodon-138-10drd-schiessmesser","status":"publish","type":"product","link":"https:\/\/www.moskito.cz\/de\/produkt\/microtech-troodon-138-10drd-schiessmesser\/","title":{"rendered":"Microtech Troodon 138-10DRD Schie\u00dfmesser"},"content":{"rendered":"<p><strong>Microtech<\/strong> Troodon 138-10DRD Schie\u00dfmesser<\/p>\n<p>Der Troodon ist 25 % kleiner als der Combat Troodon, verf\u00fcgt \u00fcber ein schlankes Design und einen einfacher abzufeuernden Aktionsmechanismus. Das Design richtet sich an ein breiteres Publikum, das die praktische Funktionalit\u00e4t eines OTF ben\u00f6tigt, jedoch ohne das Gewicht eines vollwertigen Combat Troodon.<\/p>\n<p>Das Microtech Troodon OTF-Messer (vorne) ist nach dem Dinosaurier Troodon (Troh O Don) benannt und verf\u00fcgt \u00fcber eine einschneidige Klinge. Die 3-Zoll-Klinge mit Scharnierspitze kann manuell mit einem Daumenschieber am Griff bedient werden. Der Microtech Troodon T6 6061-Aluminiumgriff misst 4,25\u2033 und verf\u00fcgt \u00fcber Fingerrillen f\u00fcr besseren Halt. Es verf\u00fcgt \u00fcber ein Ende zum Brechen von Glas und verf\u00fcgt \u00fcber einen Taschenclip und eine Tasche mit Kordelzug. Der Troodon brennt hart und liefert die Leistung, die Sie von einer Kreation von Microtech Knives erwarten w\u00fcrden. Eine ausgezeichnete Wahl f\u00fcr ein taktisches Messer f\u00fcr diejenigen, die Zuverl\u00e4ssigkeit und Leistungsf\u00e4higkeit im Feld w\u00fcnschen.<\/p>\n<p>Gesamtl\u00e4nge: 7,64\u2033 (194mm)<br \/>\nGeschlossene L\u00e4nge: 4,57\u2033 (116 mm)<br \/>\nKlingenl\u00e4nge: 3,08\u2033 (78mm)<br \/>\nSchneidenl\u00e4nge: 2,96\u2033 (75mm)<br \/>\nKlingenst\u00e4rke: 0,079\u2033 (2mm)\u2033<br \/>\nKlinge: Apocalyptic, D\/E<br \/>\nGriff: 4,2\u2033 ALUMINIUM<br \/>\n\u00d6ffner: OTF-Daumenschieber<br \/>\nGewicht: 3 Unzen.<br \/>\nModell: 138-10DRD<\/p>\n<p><iframe title=\"Microtech Combat Troodon Torture Test\" width=\"800\" height=\"450\" src=\"https:\/\/www.youtube.com\/embed\/xE9TeOFYEjg?feature=oembed\" frameborder=\"0\" allow=\"accelerometer; autoplay; clipboard-write; encrypted-media; gyroscope; picture-in-picture; web-share\" allowfullscreen><\/iframe><\/p>\n<p>&nbsp;<\/p>\n","protected":false},"excerpt":{"rendered":"<p>Im Laufe der Jahre hat <strong>Microtech\u00ae Knives<\/strong> Messer mit Leidenschaft und K\u00f6nnen gef\u00fcllt, um nahezu Kunstwerke zu schaffen, die den Gipfel der Funktionalit\u00e4t darstellen. Alle Teile werden in den USA hergestellt.<br \/>\n<strong>F\u00fcr alle Microtech-Messer gilt eine lebenslange Garantie.<\/strong><\/p>\n<p><strong>Kostenloser Transport.<\/strong><\/p>\n","protected":false},"featured_media":310909,"comment_status":"open","ping_status":"closed","template":"","meta":[],"pwb-brand":[3278],"product_brand":[],"product_cat":[3285,3343],"product_tag":[3669],"class_list":{"0":"post-310900","1":"product","2":"type-product","3":"status-publish","4":"has-post-thumbnail","6":"pwb-brand-microtech-de","7":"product_cat-messer","8":"product_cat-schiesmesser","9":"product_tag-b2b-de","11":"first","12":"instock","13":"taxable","14":"shipping-taxable","15":"purchasable","16":"product-type-simple"},"brands":[{"id":3278,"name":"Microtech","slug":"microtech-de"}],"_links":{"self":[{"href":"https:\/\/www.moskito.cz\/de\/wp-json\/wp\/v2\/product\/310900","targetHints":{"allow":["GET"]}}],"collection":[{"href":"https:\/\/www.moskito.cz\/de\/wp-json\/wp\/v2\/product"}],"about":[{"href":"https:\/\/www.moskito.cz\/de\/wp-json\/wp\/v2\/types\/product"}],"replies":[{"embeddable":true,"href":"https:\/\/www.moskito.cz\/de\/wp-json\/wp\/v2\/comments?post=310900"}],"wp:featuredmedia":[{"embeddable":true,"href":"https:\/\/www.moskito.cz\/de\/wp-json\/wp\/v2\/media\/310909"}],"wp:attachment":[{"href":"https:\/\/www.moskito.cz\/de\/wp-json\/wp\/v2\/media?parent=310900"}],"wp:term":[{"taxonomy":"pwb-brand","embeddable":true,"href":"https:\/\/www.moskito.cz\/de\/wp-json\/wp\/v2\/pwb-brand?post=310900"},{"taxonomy":"product_brand","embeddable":true,"href":"https:\/\/www.moskito.cz\/de\/wp-json\/wp\/v2\/product_brand?post=310900"},{"taxonomy":"product_cat","embeddable":true,"href":"https:\/\/www.moskito.cz\/de\/wp-json\/wp\/v2\/product_cat?post=310900"},{"taxonomy":"product_tag","embeddable":true,"href":"https:\/\/www.moskito.cz\/de\/wp-json\/wp\/v2\/product_tag?post=310900"}],"curies":[{"name":"wp","href":"https:\/\/api.w.org\/{rel}","templated":true}]}}