{"id":310930,"date":"2023-01-27T22:56:49","date_gmt":"2024-02-06T19:21:49","guid":{"rendered":"https:\/\/www.moskito.cz\/produkt\/schiessmesser-microtech-hera-double-edge-apocalyptic-702-12ap\/"},"modified":"2025-05-07T11:01:37","modified_gmt":"2025-05-07T10:01:37","slug":"schiessmesser-microtech-hera-double-edge-apocalyptic-702-12ap","status":"publish","type":"product","link":"https:\/\/www.moskito.cz\/de\/produkt\/schiessmesser-microtech-hera-double-edge-apocalyptic-702-12ap\/","title":{"rendered":"Schie\u00dfmesser Microtech Hera Double Edge Apocalyptic 702-12AP"},"content":{"rendered":"<p>Schie\u00dfmesser <strong>Microtech<\/strong> Hera Double Edge Apocalyptic 702-12AP<\/p>\n<p>Das Microtech Hera ist ein schnelles, kompaktes OTF-Messer, das die L\u00fccke zwischen EDC und Taktik schlie\u00dft. Es ist nicht so gro\u00df und schwer, dass es beim Tragen eines Taschenmessers unangenehm w\u00e4re, und es ist nicht so d\u00fcnn und verziert, dass man es nicht schlagen m\u00f6chte. Der Clou ist der einzigartige Taschenclip, der aus Titan gefr\u00e4st ist und \u00fcber eine glatte Kugel verf\u00fcgt, die leicht \u00fcber N\u00e4hte gleitet und nicht in die Tasche schneidet.<\/p>\n<p>Ma\u00dfgeschneiderte Marfione-Messer werden von einem oder mehreren Mitgliedern der Marfione-Familie, den Messergenies hinter Microtech, handgefertigt. Viele der Br\u00e4uche von Marfione sind von beliebten Microtech-Modellen inspiriert und alles, was sie herstellen, zeugt von herausragender Kreativit\u00e4t und Handwerkskunst.<br \/>\nFunktion:<br \/>\nTeilweise gezahnte Klinge aus hochwertigem Stahl.<br \/>\nDoppeltwirkendes automatisches OTF zum \u00d6ffnen\/Schlie\u00dfen.<br \/>\nGriff aus eloxiertem, glattem Aluminium.<br \/>\nGefr\u00e4ster Taschenclip aus Titan zum Zusammenklappen, rechtsh\u00e4ndig zu tragen.<\/p>\n<p>Spezifikationen<br \/>\nGesamtl\u00e4nge: 19 cm<br \/>\nKlingenl\u00e4nge: 8 cm<br \/>\nKlingenmaterial: Premiumstahl<br \/>\nKantenart: Teilweise gezahnt<br \/>\nGriffmaterial: Aluminium<br \/>\nGewicht: 3,10 Unzen<br \/>\nBenutzer: Rechte Hand<br \/>\nTaschenclip: Tip-Up<br \/>\nMessertyp: Double-Action-Automatik-OTF<br \/>\n\u00d6ffnung: Daumenschieber<br \/>\nMarke: Microtech<br \/>\nModell: Hera S\/E<br \/>\nHerkunftsland: USA<br \/>\nBeste Verwendung: Taktisches Tragen im Alltag<\/p>\n<p><iframe title=\"Microtech Combat Troodon Torture Test\" width=\"800\" height=\"450\" src=\"https:\/\/www.youtube.com\/embed\/xE9TeOFYEjg?feature=oembed\" frameborder=\"0\" allow=\"accelerometer; autoplay; clipboard-write; encrypted-media; gyroscope; picture-in-picture; web-share\" allowfullscreen><\/iframe><\/p>\n<p>&nbsp;<\/p>\n","protected":false},"excerpt":{"rendered":"<p>Im Laufe der Jahre hat <strong>Microtech\u00ae Knives<\/strong> Messer mit Leidenschaft und K\u00f6nnen gef\u00fcllt, um nahezu Kunstwerke zu schaffen, die den Gipfel der Funktionalit\u00e4t darstellen. Alle Teile werden in den USA hergestellt.<br \/>\n<strong>F\u00fcr alle Microtech-Messer gilt eine lebenslange Garantie.<\/strong><\/p>\n<p><strong>Kostenloser Transport.<\/strong><\/p>\n","protected":false},"featured_media":310939,"comment_status":"open","ping_status":"closed","template":"","meta":[],"pwb-brand":[3278],"product_brand":[],"product_cat":[3285,3343],"product_tag":[3669],"class_list":{"0":"post-310930","1":"product","2":"type-product","3":"status-publish","4":"has-post-thumbnail","6":"pwb-brand-microtech-de","7":"product_cat-messer","8":"product_cat-schiesmesser","9":"product_tag-b2b-de","11":"first","12":"outofstock","13":"taxable","14":"shipping-taxable","15":"purchasable","16":"product-type-simple"},"brands":[{"id":3278,"name":"Microtech","slug":"microtech-de"}],"_links":{"self":[{"href":"https:\/\/www.moskito.cz\/de\/wp-json\/wp\/v2\/product\/310930","targetHints":{"allow":["GET"]}}],"collection":[{"href":"https:\/\/www.moskito.cz\/de\/wp-json\/wp\/v2\/product"}],"about":[{"href":"https:\/\/www.moskito.cz\/de\/wp-json\/wp\/v2\/types\/product"}],"replies":[{"embeddable":true,"href":"https:\/\/www.moskito.cz\/de\/wp-json\/wp\/v2\/comments?post=310930"}],"wp:featuredmedia":[{"embeddable":true,"href":"https:\/\/www.moskito.cz\/de\/wp-json\/wp\/v2\/media\/310939"}],"wp:attachment":[{"href":"https:\/\/www.moskito.cz\/de\/wp-json\/wp\/v2\/media?parent=310930"}],"wp:term":[{"taxonomy":"pwb-brand","embeddable":true,"href":"https:\/\/www.moskito.cz\/de\/wp-json\/wp\/v2\/pwb-brand?post=310930"},{"taxonomy":"product_brand","embeddable":true,"href":"https:\/\/www.moskito.cz\/de\/wp-json\/wp\/v2\/product_brand?post=310930"},{"taxonomy":"product_cat","embeddable":true,"href":"https:\/\/www.moskito.cz\/de\/wp-json\/wp\/v2\/product_cat?post=310930"},{"taxonomy":"product_tag","embeddable":true,"href":"https:\/\/www.moskito.cz\/de\/wp-json\/wp\/v2\/product_tag?post=310930"}],"curies":[{"name":"wp","href":"https:\/\/api.w.org\/{rel}","templated":true}]}}