{"id":310954,"date":"2023-01-19T20:56:52","date_gmt":"2024-02-06T19:22:58","guid":{"rendered":"https:\/\/www.moskito.cz\/produkt\/microtech-signature-series-dirac-auto-otf-225-3ocs-schiessmesser\/"},"modified":"2025-05-07T11:01:37","modified_gmt":"2025-05-07T10:01:37","slug":"microtech-signature-series-dirac-auto-otf-225-3ocs-schiessmesser","status":"publish","type":"product","link":"https:\/\/www.moskito.cz\/de\/produkt\/microtech-signature-series-dirac-auto-otf-225-3ocs-schiessmesser\/","title":{"rendered":"Microtech Signature Series Dirac AUTO OTF 225-3OCS Schie\u00dfmesser"},"content":{"rendered":"<p><strong>Microtech<\/strong> Signature Series Dirac AUTO OTF 225-3OCS Schie\u00dfmesser.<\/p>\n<p>Das irac ist das erste Double-Action-Messer von Microtech mit einem Cover-Firing-Schieber. Das \u00e4u\u00dferst ergonomische Geh\u00e4use zeichnet sich durch geschwungene HALO-\u00e4hnliche Linien aus, die im Vergleich zu anderen Griffen ein etwas anderes Gef\u00fchl vermitteln. Sie haben dieses spezielle OTF-Design erforscht und ihre charakteristischen Mikrotechnologiefunktionen mit ultrahoher Toleranz wie propriet\u00e4re Hardware, innovative interne Mechanismen und Glasbrecher verwendet. Mit einer Gesamtl\u00e4nge von 18,12 cm ist das Dirac genau das Richtige f\u00fcr ein Alltagsmesser.<\/p>\n<p>Spezifikationen<br \/>\nKlingenl\u00e4nge: 7,5<br \/>\nGesamtl\u00e4nge: 18,5 cm<br \/>\nStahl: M390<br \/>\nKlingenstil: Doppelschneidiger Dolch, glatt\/gezahnt<br \/>\nKlingenschliff: Flach<br \/>\nKlingenfinish: OD Green Camo<br \/>\nGriffmaterial: Aluminium 6061-T6, OD Green Camo Mil-Spec Hartbeschichtung eloxiert<br \/>\nGriffst\u00e4rke: 1,05 cm<br \/>\nVerriegelungsmechanismus: Deckelschieber<br \/>\nTaschenclip: Edelstahl 301 (zusammenklappbar)<br \/>\nGewicht: 2,2 Unzen.<br \/>\nDesigner: Tony Marfione<br \/>\nHergestellt in den USA<\/p>\n<p><iframe title=\"Microtech Combat Troodon Torture Test\" width=\"800\" height=\"450\" src=\"https:\/\/www.youtube.com\/embed\/xE9TeOFYEjg?feature=oembed\" frameborder=\"0\" allow=\"accelerometer; autoplay; clipboard-write; encrypted-media; gyroscope; picture-in-picture; web-share\" allowfullscreen><\/iframe><\/p>\n<p>&nbsp;<\/p>\n<p>&nbsp;<\/p>\n","protected":false},"excerpt":{"rendered":"<p>Im Laufe der Jahre hat <strong>Microtech\u00ae<\/strong> Knives Messer mit Leidenschaft und K\u00f6nnen gef\u00fcllt, um nahezu Kunstwerke zu schaffen, die den Gipfel der Funktionalit\u00e4t darstellen. Alle Teile werden in den USA hergestellt.<br \/>\n<strong>Alle Microtech-Messer haben eine lebenslange Garantie (mindestens 80.000 Zyklen, \u00d6ffnen und Schlie\u00dfen).<\/strong><\/p>\n","protected":false},"featured_media":310955,"comment_status":"open","ping_status":"closed","template":"","meta":[],"pwb-brand":[3278],"product_brand":[],"product_cat":[3285,3343],"product_tag":[3669],"class_list":{"0":"post-310954","1":"product","2":"type-product","3":"status-publish","4":"has-post-thumbnail","6":"pwb-brand-microtech-de","7":"product_cat-messer","8":"product_cat-schiesmesser","9":"product_tag-b2b-de","11":"first","12":"instock","13":"taxable","14":"shipping-taxable","15":"purchasable","16":"product-type-simple"},"brands":[{"id":3278,"name":"Microtech","slug":"microtech-de"}],"_links":{"self":[{"href":"https:\/\/www.moskito.cz\/de\/wp-json\/wp\/v2\/product\/310954","targetHints":{"allow":["GET"]}}],"collection":[{"href":"https:\/\/www.moskito.cz\/de\/wp-json\/wp\/v2\/product"}],"about":[{"href":"https:\/\/www.moskito.cz\/de\/wp-json\/wp\/v2\/types\/product"}],"replies":[{"embeddable":true,"href":"https:\/\/www.moskito.cz\/de\/wp-json\/wp\/v2\/comments?post=310954"}],"wp:featuredmedia":[{"embeddable":true,"href":"https:\/\/www.moskito.cz\/de\/wp-json\/wp\/v2\/media\/310955"}],"wp:attachment":[{"href":"https:\/\/www.moskito.cz\/de\/wp-json\/wp\/v2\/media?parent=310954"}],"wp:term":[{"taxonomy":"pwb-brand","embeddable":true,"href":"https:\/\/www.moskito.cz\/de\/wp-json\/wp\/v2\/pwb-brand?post=310954"},{"taxonomy":"product_brand","embeddable":true,"href":"https:\/\/www.moskito.cz\/de\/wp-json\/wp\/v2\/product_brand?post=310954"},{"taxonomy":"product_cat","embeddable":true,"href":"https:\/\/www.moskito.cz\/de\/wp-json\/wp\/v2\/product_cat?post=310954"},{"taxonomy":"product_tag","embeddable":true,"href":"https:\/\/www.moskito.cz\/de\/wp-json\/wp\/v2\/product_tag?post=310954"}],"curies":[{"name":"wp","href":"https:\/\/api.w.org\/{rel}","templated":true}]}}