{"id":311021,"date":"2023-01-22T21:32:46","date_gmt":"2024-02-06T19:23:17","guid":{"rendered":"https:\/\/www.moskito.cz\/produkt\/schiessmesser-microtech-troodon-mini-otf-auto-bronze-tanto-240-13vi\/"},"modified":"2025-05-07T11:01:39","modified_gmt":"2025-05-07T10:01:39","slug":"schiessmesser-microtech-troodon-mini-otf-auto-bronze-tanto-240-13vi","status":"publish","type":"product","link":"https:\/\/www.moskito.cz\/de\/produkt\/schiessmesser-microtech-troodon-mini-otf-auto-bronze-tanto-240-13vi\/","title":{"rendered":"Schie\u00dfmesser Microtech Troodon Mini OTF AUTO Bronze Tanto 240-13VI"},"content":{"rendered":"<p>Schie\u00dfmesser <strong>Microtech<\/strong> Troodon Mini OTF AUTO Bronze Tanto 240-13VI<\/p>\n<p>Der Troodon Mini ist nur einen Bruchteil so gro\u00df wie ein normaler Troodon und verf\u00fcgt \u00fcber ein schlankes Design, einen Drei-Finger-Griff und einen einfacher abzufeuernden Aktionsmechanismus. Das Design richtet sich an ein breiteres Publikum, das die allt\u00e4gliche Funktionalit\u00e4t von OTF ohne die Last eines vollwertigen Troodon ben\u00f6tigt. Es ist sogar klein genug, um als Geldscheinklammer zu dienen, und dennoch so konstruiert, dass es bei Bedarf wie <strong>ein Microtech<\/strong> funktioniert.<\/p>\n<p>Spezifikationen<br \/>\nKlingenl\u00e4nge: 5 cm<br \/>\nGesamtl\u00e4nge: 14 cm<br \/>\nKlingenmaterial: Der Klingenstahl f\u00fcr dieses Jahr wird M390 sein \u2013 solange der Vorrat reicht, k\u00f6nnen die Klingen auch aus CTS-XHP, CTS-204P oder Elmax sein<br \/>\nKlingenstil: Tanto<br \/>\nKlingenschliff: Flach<br \/>\nKlingenfinish: Bronze<br \/>\nGriffmaterial: Violettes 6061-T6-Aluminium<br \/>\nGriffst\u00e4rke: 0,87 cm<br \/>\nVerriegelungsmechanismus: Schiebend<br \/>\nTaschenclip: Edelstahl (klappbar, rechts\/links tragend)<br \/>\nGewicht: 1,8 Unzen.<br \/>\nDesigner: Tony Marfione<br \/>\nHergestellt in den USA<\/p>\n<p><iframe title=\"Microtech Combat Troodon Torture Test\" width=\"800\" height=\"450\" src=\"https:\/\/www.youtube.com\/embed\/xE9TeOFYEjg?feature=oembed\" frameborder=\"0\" allow=\"accelerometer; autoplay; clipboard-write; encrypted-media; gyroscope; picture-in-picture; web-share\" allowfullscreen><\/iframe><\/p>\n<p>&nbsp;<\/p>\n","protected":false},"excerpt":{"rendered":"<p>Im Laufe der Jahre hat <strong>Microtech\u00ae Knives<\/strong> Messer mit Leidenschaft und K\u00f6nnen gef\u00fcllt, um nahezu Kunstwerke zu schaffen, die den Gipfel der Funktionalit\u00e4t darstellen. Alle Teile werden in den USA hergestellt.<br \/>\n<strong>F\u00fcr alle Microtech-Messer gilt eine lebenslange Garantie.<\/strong><\/p>\n<p><strong>Kostenloser Transport.<\/strong><\/p>\n","protected":false},"featured_media":311025,"comment_status":"open","ping_status":"closed","template":"","meta":[],"pwb-brand":[3278],"product_brand":[],"product_cat":[3285,3343],"product_tag":[3669],"class_list":{"0":"post-311021","1":"product","2":"type-product","3":"status-publish","4":"has-post-thumbnail","6":"pwb-brand-microtech-de","7":"product_cat-messer","8":"product_cat-schiesmesser","9":"product_tag-b2b-de","11":"first","12":"outofstock","13":"taxable","14":"shipping-taxable","15":"purchasable","16":"product-type-simple"},"brands":[{"id":3278,"name":"Microtech","slug":"microtech-de"}],"_links":{"self":[{"href":"https:\/\/www.moskito.cz\/de\/wp-json\/wp\/v2\/product\/311021","targetHints":{"allow":["GET"]}}],"collection":[{"href":"https:\/\/www.moskito.cz\/de\/wp-json\/wp\/v2\/product"}],"about":[{"href":"https:\/\/www.moskito.cz\/de\/wp-json\/wp\/v2\/types\/product"}],"replies":[{"embeddable":true,"href":"https:\/\/www.moskito.cz\/de\/wp-json\/wp\/v2\/comments?post=311021"}],"wp:featuredmedia":[{"embeddable":true,"href":"https:\/\/www.moskito.cz\/de\/wp-json\/wp\/v2\/media\/311025"}],"wp:attachment":[{"href":"https:\/\/www.moskito.cz\/de\/wp-json\/wp\/v2\/media?parent=311021"}],"wp:term":[{"taxonomy":"pwb-brand","embeddable":true,"href":"https:\/\/www.moskito.cz\/de\/wp-json\/wp\/v2\/pwb-brand?post=311021"},{"taxonomy":"product_brand","embeddable":true,"href":"https:\/\/www.moskito.cz\/de\/wp-json\/wp\/v2\/product_brand?post=311021"},{"taxonomy":"product_cat","embeddable":true,"href":"https:\/\/www.moskito.cz\/de\/wp-json\/wp\/v2\/product_cat?post=311021"},{"taxonomy":"product_tag","embeddable":true,"href":"https:\/\/www.moskito.cz\/de\/wp-json\/wp\/v2\/product_tag?post=311021"}],"curies":[{"name":"wp","href":"https:\/\/api.w.org\/{rel}","templated":true}]}}