{"id":311034,"date":"2023-01-22T22:21:59","date_gmt":"2024-02-06T19:23:19","guid":{"rendered":"https:\/\/www.moskito.cz\/produkt\/schiessmesser-microtech-spartan-utx-70-auto-otf-apocalyptic-249-10ap\/"},"modified":"2025-05-07T11:01:39","modified_gmt":"2025-05-07T10:01:39","slug":"schiessmesser-microtech-spartan-utx-70-auto-otf-apocalyptic-249-10ap","status":"publish","type":"product","link":"https:\/\/www.moskito.cz\/de\/produkt\/schiessmesser-microtech-spartan-utx-70-auto-otf-apocalyptic-249-10ap\/","title":{"rendered":"Schie\u00dfmesser Microtech Spartan UTX-70 AUTO OTF Apocalyptic 249-10AP"},"content":{"rendered":"<p>Schie\u00dfmesser <strong>Microtech<\/strong> Spartan UTX-70 AUTO OTF Apocalyptic 249-10AP.<\/p>\n<p><strong>Der Microtech<\/strong> UTX-70 ist die perfekte Kombination aus kompakter Gr\u00f6\u00dfe und gro\u00dfartiger Leistung.  Der UTX-70 ist 70 % so gro\u00df wie der Ultratech und wird aus denselben Materialien, auf denselben Maschinen und mit demselben Einfallsreichtum wie sein Vorg\u00e4nger hergestellt. Das UTX-70 ist das perfekte Messer f\u00fcr alle Situationen, egal welche Schneidaufgabe Sie haben, es f\u00fcgt sich nahtlos in Ihren Lebensstil ein. Dank des schnellen \u00d6ffnens und Schlie\u00dfens mit einer Hand ist die Arbeit in Sekundenschnelle erledigt. <strong>F\u00fcr den UTX-70<\/strong> stehen viele Optionen zur Verf\u00fcgung, darunter einschneidige, zweischneidige oder Tanto-Klingenstile. Es sind auch eine Aluminium-Oberplatte, eine schwarze Karbonfaserplatte oder eine Platin-Kohlefaser-Oberplatte erh\u00e4ltlich. Ausgestattet mit einem doppelseitigen Taschenclip und kompakter Gr\u00f6\u00dfe ist es die perfekte Wahl f\u00fcr den t\u00e4glichen Gebrauch und Transport.<\/p>\n<p>Spezifikationen<br \/>\nAktion: Doppelte Aktion \u2013 automatisches Ausl\u00f6sen\/automatischer R\u00fcckzug<br \/>\nDicke: 0,2 cm<br \/>\nKlingenl\u00e4nge: 6 cm<br \/>\nKlingenstil: Doppelschneidiger Spartan-Dolch<br \/>\nChassis: 6061-T6 AL-Legierung, Mil-Spec-Hartbeschichtung, eloxiert<br \/>\nGriffst\u00e4rke: 0,77 cm<br \/>\nGesamtl\u00e4nge: 14 cm<br \/>\nTaschenclip: Vollharter Edelstahl 301<br \/>\nStandard-Obermaterial: 6061-T6 AL-Legierung<br \/>\nAbzug: Edelstahl 303<br \/>\nGewicht: 1,2 Unzen.<br \/>\nStahl: M390<br \/>\nHergestellt in den USA<\/p>\n<p><iframe title=\"Microtech Combat Troodon Torture Test\" width=\"800\" height=\"450\" src=\"https:\/\/www.youtube.com\/embed\/xE9TeOFYEjg?feature=oembed\" frameborder=\"0\" allow=\"accelerometer; autoplay; clipboard-write; encrypted-media; gyroscope; picture-in-picture; web-share\" allowfullscreen><\/iframe><\/p>\n<p>&nbsp;<\/p>\n<p>&nbsp;<\/p>\n<p>&nbsp;<\/p>\n","protected":false},"excerpt":{"rendered":"<p>Im Laufe der Jahre hat <strong>Microtech\u00ae Knives<\/strong> Messer mit Leidenschaft und K\u00f6nnen gef\u00fcllt, um nahezu Kunstwerke zu schaffen, die den Gipfel der Funktionalit\u00e4t darstellen. Alle Teile werden in den USA hergestellt.<br \/>\n<strong>F\u00fcr alle Microtech-Messer gilt eine lebenslange Garantie.<\/strong><\/p>\n","protected":false},"featured_media":311035,"comment_status":"open","ping_status":"closed","template":"","meta":[],"pwb-brand":[3278],"product_brand":[],"product_cat":[3285,3343],"product_tag":[3669],"class_list":{"0":"post-311034","1":"product","2":"type-product","3":"status-publish","4":"has-post-thumbnail","6":"pwb-brand-microtech-de","7":"product_cat-messer","8":"product_cat-schiesmesser","9":"product_tag-b2b-de","11":"first","12":"outofstock","13":"taxable","14":"shipping-taxable","15":"purchasable","16":"product-type-simple"},"brands":[{"id":3278,"name":"Microtech","slug":"microtech-de"}],"_links":{"self":[{"href":"https:\/\/www.moskito.cz\/de\/wp-json\/wp\/v2\/product\/311034","targetHints":{"allow":["GET"]}}],"collection":[{"href":"https:\/\/www.moskito.cz\/de\/wp-json\/wp\/v2\/product"}],"about":[{"href":"https:\/\/www.moskito.cz\/de\/wp-json\/wp\/v2\/types\/product"}],"replies":[{"embeddable":true,"href":"https:\/\/www.moskito.cz\/de\/wp-json\/wp\/v2\/comments?post=311034"}],"wp:featuredmedia":[{"embeddable":true,"href":"https:\/\/www.moskito.cz\/de\/wp-json\/wp\/v2\/media\/311035"}],"wp:attachment":[{"href":"https:\/\/www.moskito.cz\/de\/wp-json\/wp\/v2\/media?parent=311034"}],"wp:term":[{"taxonomy":"pwb-brand","embeddable":true,"href":"https:\/\/www.moskito.cz\/de\/wp-json\/wp\/v2\/pwb-brand?post=311034"},{"taxonomy":"product_brand","embeddable":true,"href":"https:\/\/www.moskito.cz\/de\/wp-json\/wp\/v2\/product_brand?post=311034"},{"taxonomy":"product_cat","embeddable":true,"href":"https:\/\/www.moskito.cz\/de\/wp-json\/wp\/v2\/product_cat?post=311034"},{"taxonomy":"product_tag","embeddable":true,"href":"https:\/\/www.moskito.cz\/de\/wp-json\/wp\/v2\/product_tag?post=311034"}],"curies":[{"name":"wp","href":"https:\/\/api.w.org\/{rel}","templated":true}]}}