{"id":311129,"date":"2022-12-18T10:18:14","date_gmt":"2024-02-06T19:28:30","guid":{"rendered":"https:\/\/www.moskito.cz\/produkt\/schiessmesser-microtech-ultratech-violet-otf-stonewash-122-10vi\/"},"modified":"2025-05-07T11:01:44","modified_gmt":"2025-05-07T10:01:44","slug":"schiessmesser-microtech-ultratech-violet-otf-stonewash-122-10vi","status":"publish","type":"product","link":"https:\/\/www.moskito.cz\/de\/produkt\/schiessmesser-microtech-ultratech-violet-otf-stonewash-122-10vi\/","title":{"rendered":"Schie\u00dfmesser Microtech Ultratech Violet OTF Stonewash 122-10VI"},"content":{"rendered":"<p>Schie\u00dfmesser <strong>Microtech<\/strong> Ultratech Violet OTF Stonewash 122-10VI.<\/p>\n<p>Als Flaggschiffmodell der OTF-Linie von <strong>Microtech<\/strong> setzt Ultratech\u00ae den Standard f\u00fcr die OTF-Technologie. Durch die patentierte Technologie kann die Abzugsfeder sowohl in der offenen als auch in der geschlossenen Position ruhen, wodurch der Verschlei\u00df der internen Z\u00fcndmechanismen drastisch reduziert wird. Der geformte Geh\u00e4usegriff sorgt f\u00fcr ein leichteres und ergonomischeres Gef\u00fchl und verf\u00fcgt \u00fcber eine glatte, flache Oberfl\u00e4che. <strong>Das Microtech<\/strong> Ultratech ist das erste automatische OTF-Messer (von vorne) von <strong>Microtech<\/strong> Knives. Es verf\u00fcgt \u00fcber eine Klinge mit verschiedenen Oberfl\u00e4chen und Klingenstilen. Der Ultratech verf\u00fcgt \u00fcber einen glatten Griff aus eloxiertem 6061-T6-Aluminium mit Taschenclip, Glasbrecher und Edelstahlbeschl\u00e4gen. Doppelt wirkender Schiebedaumen f\u00fcr automatisches Ausfahren und Zur\u00fcckziehen.<\/p>\n<p>Gesamtl\u00e4nge: 20,92 cm<br \/>\nKlingenl\u00e4nge: 8,42 cm<br \/>\nSchnittkante: 7,8 cm<br \/>\nKlingenst\u00e4rke: 0,32 cm<br \/>\nKlingenmaterial: B\u00f6hler M390<br \/>\nEins\u00e4tze: Flach<br \/>\nRandtyp: Uni<br \/>\n Griffl\u00e4nge: 12,5 cm<br \/>\n Griffst\u00e4rke: 1,17 cm<br \/>\n Griffmaterial: Aluminium<br \/>\n Gewicht: 3,37 Unzen.<br \/>\nBenutzer: Rechte Hand<br \/>\nTaschenclip: Tip-Down<br \/>\nMessertyp: Double-Action OTF Automatic<br \/>\n\u00d6ffner: Daumenschieber<br \/>\nMarke: Microtech<br \/>\nModell: Ultratech<br \/>\nHerkunftsland: USA<br \/>\nBeste Verwendung: T\u00e4glich<\/p>\n<p><iframe title=\"Microtech Combat Troodon Torture Test\" width=\"800\" height=\"450\" src=\"https:\/\/www.youtube.com\/embed\/xE9TeOFYEjg?feature=oembed\" frameborder=\"0\" allow=\"accelerometer; autoplay; clipboard-write; encrypted-media; gyroscope; picture-in-picture; web-share\" allowfullscreen><\/iframe><\/p>\n<p>&nbsp;<\/p>\n<p>&nbsp;<\/p>\n","protected":false},"excerpt":{"rendered":"<p><strong>Im Laufe der Jahre hat Microtech\u00ae Knives Messer mit Leidenschaft und K\u00f6nnen geschaffen, um nahezu Kunstwerke zu schaffen, die den Gipfel der Funktionalit\u00e4t darstellen. Alle Teile werden in den USA hergestellt.<\/strong><br \/>\n <strong>F\u00fcr alle Microtech-Messer gilt eine lebenslange Garantie.<\/strong><\/p>\n<p> <strong>Kostenloser Versand.<\/strong><\/p>\n","protected":false},"featured_media":349693,"comment_status":"open","ping_status":"closed","template":"","meta":[],"pwb-brand":[3278],"product_brand":[],"product_cat":[3285,3343],"product_tag":[3669],"class_list":{"0":"post-311129","1":"product","2":"type-product","3":"status-publish","4":"has-post-thumbnail","6":"pwb-brand-microtech-de","7":"product_cat-messer","8":"product_cat-schiesmesser","9":"product_tag-b2b-de","11":"first","12":"instock","13":"taxable","14":"shipping-taxable","15":"purchasable","16":"product-type-simple"},"brands":[{"id":3278,"name":"Microtech","slug":"microtech-de"}],"_links":{"self":[{"href":"https:\/\/www.moskito.cz\/de\/wp-json\/wp\/v2\/product\/311129","targetHints":{"allow":["GET"]}}],"collection":[{"href":"https:\/\/www.moskito.cz\/de\/wp-json\/wp\/v2\/product"}],"about":[{"href":"https:\/\/www.moskito.cz\/de\/wp-json\/wp\/v2\/types\/product"}],"replies":[{"embeddable":true,"href":"https:\/\/www.moskito.cz\/de\/wp-json\/wp\/v2\/comments?post=311129"}],"wp:featuredmedia":[{"embeddable":true,"href":"https:\/\/www.moskito.cz\/de\/wp-json\/wp\/v2\/media\/349693"}],"wp:attachment":[{"href":"https:\/\/www.moskito.cz\/de\/wp-json\/wp\/v2\/media?parent=311129"}],"wp:term":[{"taxonomy":"pwb-brand","embeddable":true,"href":"https:\/\/www.moskito.cz\/de\/wp-json\/wp\/v2\/pwb-brand?post=311129"},{"taxonomy":"product_brand","embeddable":true,"href":"https:\/\/www.moskito.cz\/de\/wp-json\/wp\/v2\/product_brand?post=311129"},{"taxonomy":"product_cat","embeddable":true,"href":"https:\/\/www.moskito.cz\/de\/wp-json\/wp\/v2\/product_cat?post=311129"},{"taxonomy":"product_tag","embeddable":true,"href":"https:\/\/www.moskito.cz\/de\/wp-json\/wp\/v2\/product_tag?post=311129"}],"curies":[{"name":"wp","href":"https:\/\/api.w.org\/{rel}","templated":true}]}}