{"id":311172,"date":"2023-01-17T22:15:02","date_gmt":"2024-02-06T19:28:32","guid":{"rendered":"https:\/\/www.moskito.cz\/produkt\/schiessmesser-microtech-703-1od-hera-s-e-od-gruen\/"},"modified":"2025-05-07T11:01:45","modified_gmt":"2025-05-07T10:01:45","slug":"schiessmesser-microtech-703-1od-hera-s-e-od-gruen","status":"publish","type":"product","link":"https:\/\/www.moskito.cz\/de\/produkt\/schiessmesser-microtech-703-1od-hera-s-e-od-gruen\/","title":{"rendered":"Schie\u00dfmesser Microtech 703-1OD Hera S\/E OD Gr\u00fcn"},"content":{"rendered":"<p>Schie\u00dfmesser <strong>Microtech<\/strong> 703-1OD Hera S\/E OD Gr\u00fcn.<\/p>\n<p>Das Hera ist ein wundersch\u00f6nes Double-Action-Frontauto mit einer Rahmenform, die lose an das Troodon-Design angelehnt ist. Es ist jedoch ergonomischer, mit maschinell bearbeiteten Stellen an den Enden f\u00fcr besseren Halt und, unserer Meinung nach, f\u00fcr ein verbessertes Aussehen. Alles an diesem Design schreit sowohl nach Raffinesse als auch nach Funktionalit\u00e4t. Es ist eines der besten Allround-Automatik-OTF-Designs in einem extrem \u00fcberf\u00fcllten Bereich und hat genau die richtige Gr\u00f6\u00dfe f\u00fcr den t\u00e4glichen Gebrauch.<\/p>\n<p>Verschlussmesser mit doppelt wirkender automatischer Front\u00f6ffnung.<\/p>\n<p>L\u00e4nge geschlossen 11,3 cm.<\/p>\n<p>Klinge aus M390-Stahl.<\/p>\n<p>Klingenl\u00e4nge 7,62 cm.<\/p>\n<p>Griffmaterial: OD gr\u00fcnes Aluminium<\/p>\n<p>Klingenfinish: Schwarz<\/p>\n<p>Klingenst\u00e4rke 3 mm.<\/p>\n<p>Unterlegscheiben aus Aluminium.<\/p>\n<p>Gewicht 90g.<\/p>\n<p>Hergestellt in den USA<\/p>\n<p><iframe title=\"Microtech Combat Troodon Torture Test\" width=\"800\" height=\"450\" src=\"https:\/\/www.youtube.com\/embed\/xE9TeOFYEjg?feature=oembed\" frameborder=\"0\" allow=\"accelerometer; autoplay; clipboard-write; encrypted-media; gyroscope; picture-in-picture; web-share\" allowfullscreen><\/iframe><\/p>\n<p>&nbsp;<\/p>\n","protected":false},"excerpt":{"rendered":"<p>Im Laufe der Jahre hat <strong>Microtech\u00ae<\/strong> Knives Messer mit Leidenschaft und K\u00f6nnen gef\u00fcllt, um nahezu Kunstwerke zu schaffen, die den Gipfel der Funktionalit\u00e4t darstellen. Alle Teile werden in den USA hergestellt.<br \/>\n<strong>Alle Microtech-Messer haben eine lebenslange Garantie (mindestens 80.000 Zyklen, \u00d6ffnen und Schlie\u00dfen).<\/strong><\/p>\n<p><strong>Kostenloser Transport.<\/strong><\/p>\n","protected":false},"featured_media":311186,"comment_status":"open","ping_status":"closed","template":"","meta":[],"pwb-brand":[3278],"product_brand":[],"product_cat":[3285,3343],"product_tag":[3669],"class_list":{"0":"post-311172","1":"product","2":"type-product","3":"status-publish","4":"has-post-thumbnail","6":"pwb-brand-microtech-de","7":"product_cat-messer","8":"product_cat-schiesmesser","9":"product_tag-b2b-de","11":"first","12":"instock","13":"taxable","14":"shipping-taxable","15":"purchasable","16":"product-type-simple"},"brands":[{"id":3278,"name":"Microtech","slug":"microtech-de"}],"_links":{"self":[{"href":"https:\/\/www.moskito.cz\/de\/wp-json\/wp\/v2\/product\/311172","targetHints":{"allow":["GET"]}}],"collection":[{"href":"https:\/\/www.moskito.cz\/de\/wp-json\/wp\/v2\/product"}],"about":[{"href":"https:\/\/www.moskito.cz\/de\/wp-json\/wp\/v2\/types\/product"}],"replies":[{"embeddable":true,"href":"https:\/\/www.moskito.cz\/de\/wp-json\/wp\/v2\/comments?post=311172"}],"wp:featuredmedia":[{"embeddable":true,"href":"https:\/\/www.moskito.cz\/de\/wp-json\/wp\/v2\/media\/311186"}],"wp:attachment":[{"href":"https:\/\/www.moskito.cz\/de\/wp-json\/wp\/v2\/media?parent=311172"}],"wp:term":[{"taxonomy":"pwb-brand","embeddable":true,"href":"https:\/\/www.moskito.cz\/de\/wp-json\/wp\/v2\/pwb-brand?post=311172"},{"taxonomy":"product_brand","embeddable":true,"href":"https:\/\/www.moskito.cz\/de\/wp-json\/wp\/v2\/product_brand?post=311172"},{"taxonomy":"product_cat","embeddable":true,"href":"https:\/\/www.moskito.cz\/de\/wp-json\/wp\/v2\/product_cat?post=311172"},{"taxonomy":"product_tag","embeddable":true,"href":"https:\/\/www.moskito.cz\/de\/wp-json\/wp\/v2\/product_tag?post=311172"}],"curies":[{"name":"wp","href":"https:\/\/api.w.org\/{rel}","templated":true}]}}