{"id":311207,"date":"2022-11-20T21:23:17","date_gmt":"2024-02-06T19:28:35","guid":{"rendered":"https:\/\/www.moskito.cz\/produkt\/schiessmesser-microtech-spartan-ultratech-auto-otf-bronze-apocalyptic-223-13apod\/"},"modified":"2025-05-07T11:01:46","modified_gmt":"2025-05-07T10:01:46","slug":"schiessmesser-microtech-spartan-ultratech-auto-otf-bronze-apocalyptic-223-13apod","status":"publish","type":"product","link":"https:\/\/www.moskito.cz\/de\/produkt\/schiessmesser-microtech-spartan-ultratech-auto-otf-bronze-apocalyptic-223-13apod\/","title":{"rendered":"Schie\u00dfmesser Microtech Spartan Ultratech AUTO OTF Bronze Apocalyptic 223-13APOD"},"content":{"rendered":"<p>Schie\u00dfmesser <strong>Microtech<\/strong> Spartan Ultratech AUTO OTF Bronze Apocalyptic 223-13APOD.<\/p>\n<p>Ultratech wird f\u00fcr immer den Standard f\u00fcr alle Frontmesser setzen. Das Ultratech ist das urspr\u00fcngliche Double-Action-Frontmesser von Microtech und bildete die Basis der gesamten OTF-Linie. Im Laufe der Jahre wurde es mehrfach modifiziert und ist jedes Mal effizienter und zuverl\u00e4ssiger geworden. Die Ultratech-Feder bleibt immer in der \u201eRuhe\u201c-Position, au\u00dfer im gedehnten Zustand. Dadurch wird sichergestellt, dass die zusammengedr\u00fcckte Feder nicht erm\u00fcdet und der Benutzer sicherstellt, dass das Messer beim Abfeuern effektiv funktioniert. Das geringe Gewicht, das \u00d6ffnen und Schlie\u00dfen mit einer Hand, die schlanke Form und die scharfe zweischneidige Tanto-Klinge machen es zu einem einzigartigen Messer, das nur bei Microtech erh\u00e4ltlich ist.<\/p>\n<p>Spezifikationen :<br \/>\nAutomatisches \u00d6ffnen\/Schlie\u00dfen \u2013 Front\u00f6ffnung<br \/>\nAktion: Doppelte Aktion \u2013 Automatisches Feuern\/Einfahren<br \/>\nGesamtl\u00e4nge: 22 cm<br \/>\nKlingenl\u00e4nge: 8,6 cm<br \/>\nKlingenstil: Spartan Double Edge Tanto, Bronze Apocalyptic<br \/>\nGriffmaterial: 6061-T6-Aluminium mit OD Green Mil-Spec-Hartanodisierung<br \/>\nMaterial des Taschenclips: 301 Edelstahl<br \/>\nStandard-Obermaterial: 6061-T6 AL-Legierung<br \/>\nAbzug: 303 Edelstahl<br \/>\nFensterbrecher<br \/>\nHergestellt in den USA<\/p>\n<p><iframe title=\"Microtech Combat Troodon Torture Test\" width=\"800\" height=\"450\" src=\"https:\/\/www.youtube.com\/embed\/xE9TeOFYEjg?feature=oembed\" frameborder=\"0\" allow=\"accelerometer; autoplay; clipboard-write; encrypted-media; gyroscope; picture-in-picture; web-share\" allowfullscreen><\/iframe><\/p>\n<p>&nbsp;<\/p>\n","protected":false},"excerpt":{"rendered":"<p>Im Laufe der Jahre hat <strong>Microtech\u00ae Knives<\/strong> Messer mit Leidenschaft und K\u00f6nnen gef\u00fcllt, um nahezu Kunstwerke zu schaffen, die den Gipfel der Funktionalit\u00e4t darstellen. Alle Teile werden in den USA hergestellt.<br \/>\n<strong>F\u00fcr alle Microtech-Messer gilt eine lebenslange Garantie.<\/strong><\/p>\n<p><strong>Kostenloser Transport.<\/strong><\/p>\n","protected":false},"featured_media":311214,"comment_status":"open","ping_status":"closed","template":"","meta":[],"pwb-brand":[3278],"product_brand":[],"product_cat":[3285,3343],"product_tag":[3669],"class_list":{"0":"post-311207","1":"product","2":"type-product","3":"status-publish","4":"has-post-thumbnail","6":"pwb-brand-microtech-de","7":"product_cat-messer","8":"product_cat-schiesmesser","9":"product_tag-b2b-de","11":"first","12":"instock","13":"taxable","14":"shipping-taxable","15":"purchasable","16":"product-type-simple"},"brands":[{"id":3278,"name":"Microtech","slug":"microtech-de"}],"_links":{"self":[{"href":"https:\/\/www.moskito.cz\/de\/wp-json\/wp\/v2\/product\/311207","targetHints":{"allow":["GET"]}}],"collection":[{"href":"https:\/\/www.moskito.cz\/de\/wp-json\/wp\/v2\/product"}],"about":[{"href":"https:\/\/www.moskito.cz\/de\/wp-json\/wp\/v2\/types\/product"}],"replies":[{"embeddable":true,"href":"https:\/\/www.moskito.cz\/de\/wp-json\/wp\/v2\/comments?post=311207"}],"wp:featuredmedia":[{"embeddable":true,"href":"https:\/\/www.moskito.cz\/de\/wp-json\/wp\/v2\/media\/311214"}],"wp:attachment":[{"href":"https:\/\/www.moskito.cz\/de\/wp-json\/wp\/v2\/media?parent=311207"}],"wp:term":[{"taxonomy":"pwb-brand","embeddable":true,"href":"https:\/\/www.moskito.cz\/de\/wp-json\/wp\/v2\/pwb-brand?post=311207"},{"taxonomy":"product_brand","embeddable":true,"href":"https:\/\/www.moskito.cz\/de\/wp-json\/wp\/v2\/product_brand?post=311207"},{"taxonomy":"product_cat","embeddable":true,"href":"https:\/\/www.moskito.cz\/de\/wp-json\/wp\/v2\/product_cat?post=311207"},{"taxonomy":"product_tag","embeddable":true,"href":"https:\/\/www.moskito.cz\/de\/wp-json\/wp\/v2\/product_tag?post=311207"}],"curies":[{"name":"wp","href":"https:\/\/api.w.org\/{rel}","templated":true}]}}