{"id":311248,"date":"2022-11-19T10:14:25","date_gmt":"2024-02-06T19:28:37","guid":{"rendered":"https:\/\/www.moskito.cz\/produkt\/schiessmesser-microtech-exocet-otf-geldklammer-cerakote-od-gruen-157-1cod\/"},"modified":"2025-05-07T12:49:31","modified_gmt":"2025-05-07T11:49:31","slug":"schiessmesser-microtech-exocet-otf-geldklammer-cerakote-od-gruen-157-1cod","status":"publish","type":"product","link":"https:\/\/www.moskito.cz\/de\/produkt\/schiessmesser-microtech-exocet-otf-geldklammer-cerakote-od-gruen-157-1cod\/","title":{"rendered":"Schie\u00dfmesser Microtech Exocet OTF Geldklammer Cerakote OD Gr\u00fcn 157-1COD"},"content":{"rendered":"<p>Schie\u00dfmesser <strong>Microtech<\/strong> Exocet OTF Geldklammer Cerakote OD Gr\u00fcn 157-1COD.<\/p>\n<p>Microtech Exocet D\/E Cerakote OD Green Griff Cerakote Od Green Standardklinge Cali Legal OTF Geldklammer 157-1CTA<\/p>\n<p>Das brandneue Microtech Exocet ist ein sehr cooles kleines, aber robustes OTF-Messer. Es ist praktisch und n\u00fctzlich und verf\u00fcgt \u00fcber eine breite, in Kalifornien zugelassene Doppeldolchklinge und einen gro\u00dfen Taschenclip. Der Taschenclip eignet sich hervorragend als Geldklammer und ist somit das perfekte Messer f\u00fcr den t\u00e4glichen Gebrauch. Dieses innovative Design von Microtech ist die erste Geldscheinklammer, die \u00fcber ein hochwertiges Out The Front-Automatikmesser verf\u00fcgt.<\/p>\n<p>Dieses Modell verf\u00fcgt \u00fcber eine Waage mit einem Griff aus Cerakote OD Green 6061-T6 Aluminium. Cerakote OD Green M390 zweischneidige Dolchklinge aus rostfreiem Stahl. Cerakote OD Green-Hardware und Taschen-\/Geldklammer. Die Klinge ist mit dem Microtech-Logo und Modellinformationen versehen. Der Taschenclip tr\u00e4gt das Microtech-Logo, die Seriennummer und das Herstellungsdatum.<\/p>\n<p>Aluminiumgriff<br \/>\n Dolchklinge aus Stahl CTS-204P.<br \/>\n Ein-Daumen-Steuerung<br \/>\n Ein doppelseitiger Taschenclip, der als Geldclip fungiert.<\/p>\n<p>Klingenl\u00e4nge: 5 cm<br \/>\n Gesamtl\u00e4nge des Messers: 13,5 cm<br \/>\n Klingenst\u00e4rke: 0,15 cm<\/p>\n<p><iframe title=\"Microtech Combat Troodon Torture Test\" width=\"800\" height=\"450\" src=\"https:\/\/www.youtube.com\/embed\/xE9TeOFYEjg?feature=oembed\" frameborder=\"0\" allow=\"accelerometer; autoplay; clipboard-write; encrypted-media; gyroscope; picture-in-picture; web-share\" allowfullscreen><\/iframe><\/p>\n<p>&nbsp;<\/p>\n","protected":false},"excerpt":{"rendered":"<p>Im Laufe der Jahre hat <strong>Microtech\u00ae<\/strong> Knives Leidenschaft und K\u00f6nnen in die Herstellung von Messern einflie\u00dfen lassen und dabei beinahe Kunstwerke geschaffen, die den Gipfel der Funktionalit\u00e4t darstellen. Es verschiebt weiterhin die Grenzen und verbessert sie. Alle Teile werden in den USA hergestellt.<br \/>\n<strong>F\u00fcr alle Microtech-Messer gilt eine lebenslange Garantie.<\/strong><\/p>\n<p><strong>Kostenloser Versand.<\/strong><\/p>\n","protected":false},"featured_media":311256,"comment_status":"open","ping_status":"closed","template":"","meta":[],"pwb-brand":[3278],"product_brand":[],"product_cat":[3285,3343],"product_tag":[3669],"class_list":{"0":"post-311248","1":"product","2":"type-product","3":"status-publish","4":"has-post-thumbnail","6":"pwb-brand-microtech-de","7":"product_cat-messer","8":"product_cat-schiesmesser","9":"product_tag-b2b-de","11":"first","12":"outofstock","13":"taxable","14":"shipping-taxable","15":"purchasable","16":"product-type-simple"},"brands":[{"id":3278,"name":"Microtech","slug":"microtech-de"}],"_links":{"self":[{"href":"https:\/\/www.moskito.cz\/de\/wp-json\/wp\/v2\/product\/311248","targetHints":{"allow":["GET"]}}],"collection":[{"href":"https:\/\/www.moskito.cz\/de\/wp-json\/wp\/v2\/product"}],"about":[{"href":"https:\/\/www.moskito.cz\/de\/wp-json\/wp\/v2\/types\/product"}],"replies":[{"embeddable":true,"href":"https:\/\/www.moskito.cz\/de\/wp-json\/wp\/v2\/comments?post=311248"}],"wp:featuredmedia":[{"embeddable":true,"href":"https:\/\/www.moskito.cz\/de\/wp-json\/wp\/v2\/media\/311256"}],"wp:attachment":[{"href":"https:\/\/www.moskito.cz\/de\/wp-json\/wp\/v2\/media?parent=311248"}],"wp:term":[{"taxonomy":"pwb-brand","embeddable":true,"href":"https:\/\/www.moskito.cz\/de\/wp-json\/wp\/v2\/pwb-brand?post=311248"},{"taxonomy":"product_brand","embeddable":true,"href":"https:\/\/www.moskito.cz\/de\/wp-json\/wp\/v2\/product_brand?post=311248"},{"taxonomy":"product_cat","embeddable":true,"href":"https:\/\/www.moskito.cz\/de\/wp-json\/wp\/v2\/product_cat?post=311248"},{"taxonomy":"product_tag","embeddable":true,"href":"https:\/\/www.moskito.cz\/de\/wp-json\/wp\/v2\/product_tag?post=311248"}],"curies":[{"name":"wp","href":"https:\/\/api.w.org\/{rel}","templated":true}]}}