{"id":311289,"date":"2022-11-14T22:47:53","date_gmt":"2024-02-06T19:28:59","guid":{"rendered":"https:\/\/www.moskito.cz\/produkt\/schiessmesser-microtech-molon-labe-122-13mls\/"},"modified":"2025-05-07T11:01:48","modified_gmt":"2025-05-07T10:01:48","slug":"schiessmesser-microtech-molon-labe-122-13mls","status":"publish","type":"product","link":"https:\/\/www.moskito.cz\/de\/produkt\/schiessmesser-microtech-molon-labe-122-13mls\/","title":{"rendered":"Schie\u00dfmesser Microtech Molon Labe 122-13MLS"},"content":{"rendered":"<p>Schie\u00dfmesser <strong>Microtech<\/strong> Molon Labe 122-13MLS.<\/p>\n<p>Als Flaggschiffmodell der Microtech\u00ae OTF-Reihe setzt Ultratech\u00ae den Standard f\u00fcr Out-The-Front-Technologie. Das patentierte Design erm\u00f6glicht, dass die Abzugsfeder sowohl in der offenen als auch in der geschlossenen Position ruht, wodurch der Verschlei\u00df der internen Abzugsmechanismen erheblich reduziert wird. Der geformte Geh\u00e4usegriff sorgt f\u00fcr ein leichteres und ergonomischeres Gef\u00fchl und verf\u00fcgt \u00fcber eine glatte, flache Oberfl\u00e4che.<\/p>\n<p>Gesamtl\u00e4nge: 22 cm<\/p>\n<p>Klingenl\u00e4nge: 8,6 cm<\/p>\n<p>Klingenstil: Zweischneidiger Dolch<\/p>\n<p>Schleifbl\u00e4tter: Hohlschleifer<\/p>\n<p>Stahlklingen: Premium-Edelstahl (M390, 204P, ELMAX, XHP)<\/p>\n<p>Klingenoberfl\u00e4che: Schwere Stonewash-Bronze<\/p>\n<p>Griffmaterial: Aluminium. Gewicht: 3,30 Unzen<\/p>\n<p>Taschenclip: Edelstahl, doppelseitig<\/p>\n<p>Verriegelungsmechanismus: Vorne<\/p>\n<p>\u00d6ffnungsmechanismus: Automatisch. Herkunftsland: USA<\/p>\n<p><iframe title=\"Microtech Combat Troodon Torture Test\" width=\"800\" height=\"450\" src=\"https:\/\/www.youtube.com\/embed\/xE9TeOFYEjg?feature=oembed\" frameborder=\"0\" allow=\"accelerometer; autoplay; clipboard-write; encrypted-media; gyroscope; picture-in-picture; web-share\" allowfullscreen><\/iframe><\/p>\n<p>&nbsp;<\/p>\n","protected":false},"excerpt":{"rendered":"<p>Im Laufe der Jahre hat <strong>Microtech\u00ae Knives<\/strong> Messer mit Leidenschaft und K\u00f6nnen gef\u00fcllt, um nahezu Kunstwerke zu schaffen, die den Gipfel der Funktionalit\u00e4t darstellen. Alle Teile werden in den USA hergestellt.<br \/>\n<strong>F\u00fcr alle Microtech-Messer gilt eine lebenslange Garantie.<\/strong><\/p>\n","protected":false},"featured_media":311296,"comment_status":"open","ping_status":"closed","template":"","meta":[],"pwb-brand":[3278],"product_brand":[],"product_cat":[3285,3343],"product_tag":[3669],"class_list":{"0":"post-311289","1":"product","2":"type-product","3":"status-publish","4":"has-post-thumbnail","6":"pwb-brand-microtech-de","7":"product_cat-messer","8":"product_cat-schiesmesser","9":"product_tag-b2b-de","11":"first","12":"outofstock","13":"taxable","14":"shipping-taxable","15":"purchasable","16":"product-type-simple"},"brands":[{"id":3278,"name":"Microtech","slug":"microtech-de"}],"_links":{"self":[{"href":"https:\/\/www.moskito.cz\/de\/wp-json\/wp\/v2\/product\/311289","targetHints":{"allow":["GET"]}}],"collection":[{"href":"https:\/\/www.moskito.cz\/de\/wp-json\/wp\/v2\/product"}],"about":[{"href":"https:\/\/www.moskito.cz\/de\/wp-json\/wp\/v2\/types\/product"}],"replies":[{"embeddable":true,"href":"https:\/\/www.moskito.cz\/de\/wp-json\/wp\/v2\/comments?post=311289"}],"wp:featuredmedia":[{"embeddable":true,"href":"https:\/\/www.moskito.cz\/de\/wp-json\/wp\/v2\/media\/311296"}],"wp:attachment":[{"href":"https:\/\/www.moskito.cz\/de\/wp-json\/wp\/v2\/media?parent=311289"}],"wp:term":[{"taxonomy":"pwb-brand","embeddable":true,"href":"https:\/\/www.moskito.cz\/de\/wp-json\/wp\/v2\/pwb-brand?post=311289"},{"taxonomy":"product_brand","embeddable":true,"href":"https:\/\/www.moskito.cz\/de\/wp-json\/wp\/v2\/product_brand?post=311289"},{"taxonomy":"product_cat","embeddable":true,"href":"https:\/\/www.moskito.cz\/de\/wp-json\/wp\/v2\/product_cat?post=311289"},{"taxonomy":"product_tag","embeddable":true,"href":"https:\/\/www.moskito.cz\/de\/wp-json\/wp\/v2\/product_tag?post=311289"}],"curies":[{"name":"wp","href":"https:\/\/api.w.org\/{rel}","templated":true}]}}