{"id":311303,"date":"2022-11-16T21:26:03","date_gmt":"2024-02-06T19:29:00","guid":{"rendered":"https:\/\/www.moskito.cz\/produkt\/microtech-signature-series-makora-stonewashed-206-11s-schiessmesser\/"},"modified":"2025-05-07T11:01:48","modified_gmt":"2025-05-07T10:01:48","slug":"microtech-signature-series-makora-stonewashed-206-11s-schiessmesser","status":"publish","type":"product","link":"https:\/\/www.moskito.cz\/de\/produkt\/microtech-signature-series-makora-stonewashed-206-11s-schiessmesser\/","title":{"rendered":"Microtech Signature Series Makora Stonewashed 206-11S Schie\u00dfmesser"},"content":{"rendered":"<p><strong>Microtech<\/strong> Signature Series Makora Stonewashed 206-11S Schie\u00dfmesser.<\/p>\n<p>Das Makora-Konzept entwickelte sich aus dem ber\u00fchmten Microtech-Ultratech-Design. Es ist seit mehreren Jahren praxiserprobt und bew\u00e4hrt. Dieses Design umfasst viele Funktionen, die von Benutzern angefordert und spezifiziert wurden, die dieses hochwirksame Tool jedem anderen vorziehen. Die Makora-Feder bleibt immer in der \u201eRuhe\u201c-Position, au\u00dfer im ausgefahrenen Zustand. Die komprimierte Feder erm\u00fcdet nicht, wenn das Messer nicht verwendet wird. Dies gibt dem Benutzer die Gewissheit, dass das Messer funktioniert, wenn die Entriegelung gedr\u00fcckt wird. Zu den weiteren Merkmalen geh\u00f6ren schnelles und effizientes \u00d6ffnen und Schlie\u00dfen mit einer Hand, eine hochwertige Stahlklinge, ein doppelseitiger Taschenclip und manipulationssichere Schrauben.<\/p>\n<p>Gesamtl\u00e4nge: 9,44\u2033 (239,7125 mm)<br \/>\nGeschlossene L\u00e4nge: 6,19\u2033 (157,15 mm)<br \/>\nKlingenl\u00e4nge: 3,25\u2033 (82,55 mm)<br \/>\nKlingenst\u00e4rke: 0,125\u2033 (3,175 mm)<br \/>\nOberfl\u00e4chenbehandlung der Klinge: Stonewash<\/p>\n<p>Klingenstil: Doppelschneidiger Dolch<\/p>\n<p>Griffmaterial: schwarzes Aluminium<br \/>\nTaschenclip: Tip-Down<br \/>\nGewicht: 3,4 oz (96,39 g)<\/p>\n<p><iframe title=\"Microtech Combat Troodon Torture Test\" width=\"800\" height=\"450\" src=\"https:\/\/www.youtube.com\/embed\/xE9TeOFYEjg?feature=oembed\" frameborder=\"0\" allow=\"accelerometer; autoplay; clipboard-write; encrypted-media; gyroscope; picture-in-picture; web-share\" allowfullscreen><\/iframe><\/p>\n<p>&nbsp;<\/p>\n","protected":false},"excerpt":{"rendered":"<p>Im Laufe der Jahre hat <strong>Microtech\u00ae Knives<\/strong> Messer mit Leidenschaft und K\u00f6nnen gef\u00fcllt, um nahezu Kunstwerke zu schaffen, die den Gipfel der Funktionalit\u00e4t darstellen. Alle Teile werden in den USA hergestellt.<br \/>\n<strong>F\u00fcr alle Microtech-Messer gilt eine lebenslange Garantie.<\/strong><\/p>\n<p><strong>Kostenloser Transport.<\/strong><\/p>\n","protected":false},"featured_media":311306,"comment_status":"open","ping_status":"closed","template":"","meta":[],"pwb-brand":[3278],"product_brand":[],"product_cat":[3285,3343],"product_tag":[3669],"class_list":{"0":"post-311303","1":"product","2":"type-product","3":"status-publish","4":"has-post-thumbnail","6":"pwb-brand-microtech-de","7":"product_cat-messer","8":"product_cat-schiesmesser","9":"product_tag-b2b-de","11":"first","12":"outofstock","13":"taxable","14":"shipping-taxable","15":"purchasable","16":"product-type-simple"},"brands":[{"id":3278,"name":"Microtech","slug":"microtech-de"}],"_links":{"self":[{"href":"https:\/\/www.moskito.cz\/de\/wp-json\/wp\/v2\/product\/311303","targetHints":{"allow":["GET"]}}],"collection":[{"href":"https:\/\/www.moskito.cz\/de\/wp-json\/wp\/v2\/product"}],"about":[{"href":"https:\/\/www.moskito.cz\/de\/wp-json\/wp\/v2\/types\/product"}],"replies":[{"embeddable":true,"href":"https:\/\/www.moskito.cz\/de\/wp-json\/wp\/v2\/comments?post=311303"}],"wp:featuredmedia":[{"embeddable":true,"href":"https:\/\/www.moskito.cz\/de\/wp-json\/wp\/v2\/media\/311306"}],"wp:attachment":[{"href":"https:\/\/www.moskito.cz\/de\/wp-json\/wp\/v2\/media?parent=311303"}],"wp:term":[{"taxonomy":"pwb-brand","embeddable":true,"href":"https:\/\/www.moskito.cz\/de\/wp-json\/wp\/v2\/pwb-brand?post=311303"},{"taxonomy":"product_brand","embeddable":true,"href":"https:\/\/www.moskito.cz\/de\/wp-json\/wp\/v2\/product_brand?post=311303"},{"taxonomy":"product_cat","embeddable":true,"href":"https:\/\/www.moskito.cz\/de\/wp-json\/wp\/v2\/product_cat?post=311303"},{"taxonomy":"product_tag","embeddable":true,"href":"https:\/\/www.moskito.cz\/de\/wp-json\/wp\/v2\/product_tag?post=311303"}],"curies":[{"name":"wp","href":"https:\/\/api.w.org\/{rel}","templated":true}]}}