{"id":311343,"date":"2022-11-14T22:24:07","date_gmt":"2024-02-06T19:29:04","guid":{"rendered":"https:\/\/www.moskito.cz\/produkt\/schiessmesser-microtech-ultratech-automatisches-otf-bajonett-120-2ocs\/"},"modified":"2025-05-07T11:01:49","modified_gmt":"2025-05-07T10:01:49","slug":"schiessmesser-microtech-ultratech-automatisches-otf-bajonett-120-2ocs","status":"publish","type":"product","link":"https:\/\/www.moskito.cz\/de\/produkt\/schiessmesser-microtech-ultratech-automatisches-otf-bajonett-120-2ocs\/","title":{"rendered":"Schie\u00dfmesser Microtech Ultratech Automatisches OTF-Bajonett 120-2OCS"},"content":{"rendered":"<p>Schie\u00dfmesser <strong>Microtech<\/strong> Ultratech Automatisches OTF-Bajonett 120-2OCS.<\/p>\n<p>Sie lieben das Aussehen einer zweischneidigen Klinge, lieben aber die Benutzerfreundlichkeit einer einschneidigen oder Tanto-Klinge?<\/p>\n<p>Jetzt k\u00f6nnen Sie mit der Bajonettklinge von Microtech Knives \u201eIhren Kuchen haben und ihn auch anschneiden\u201c.<br \/>\nDas Beste an einer Bajonettklinge ist ihre Sch\u00e4rfe auf beiden Seiten, aber Ihre Oberkante ist zu 3\/4 scharf und bietet Platz f\u00fcr Ihren Daumen, um auf dem anderen 1\/4 der L\u00e4nge auszuruhen.<br \/>\nDieses OTF Automatic Ultratech verf\u00fcgt \u00fcber einen Griff aus 6061-T6-Aluminium mit Cerakote. Es ist mit einer Cerakoted-Bajonettklinge ausgestattet, perfekt f\u00fcr jeden Einsatz.<\/p>\n<p>Gesamtl\u00e4nge: 22 cm<br \/>\nKlingenl\u00e4nge: 8,6 cm Bajonett, gezahnt, Cerakote Camo, teilweise gezahnt<br \/>\nGewicht: 3,6 Unzen<br \/>\nClip: Spitze nach unten, rechts\/links<br \/>\n\u00d6ffner: Automatischer Daumenvorschub OTF, Double Action, Automatisch<br \/>\nSignature-Serie<br \/>\nHergestellt in den USA<br \/>\nModell: 120-2OCS<\/p>\n<p><iframe title=\"Microtech Combat Troodon Torture Test\" width=\"800\" height=\"450\" src=\"https:\/\/www.youtube.com\/embed\/xE9TeOFYEjg?feature=oembed\" frameborder=\"0\" allow=\"accelerometer; autoplay; clipboard-write; encrypted-media; gyroscope; picture-in-picture; web-share\" allowfullscreen><\/iframe><\/p>\n<p>&nbsp;<\/p>\n","protected":false},"excerpt":{"rendered":"<p>Im Laufe der Jahre hat <strong>Microtech\u00ae Knives<\/strong> Messer mit Leidenschaft und K\u00f6nnen gef\u00fcllt, um nahezu Kunstwerke zu schaffen, die den Gipfel der Funktionalit\u00e4t darstellen. Alle Teile werden in den USA hergestellt.<br \/>\n<strong>F\u00fcr alle Microtech-Messer gilt eine lebenslange Garantie.<\/strong><\/p>\n","protected":false},"featured_media":311344,"comment_status":"open","ping_status":"closed","template":"","meta":[],"pwb-brand":[3278],"product_brand":[],"product_cat":[3285,3343],"product_tag":[3669],"class_list":{"0":"post-311343","1":"product","2":"type-product","3":"status-publish","4":"has-post-thumbnail","6":"pwb-brand-microtech-de","7":"product_cat-messer","8":"product_cat-schiesmesser","9":"product_tag-b2b-de","11":"first","12":"instock","13":"taxable","14":"shipping-taxable","15":"purchasable","16":"product-type-simple"},"brands":[{"id":3278,"name":"Microtech","slug":"microtech-de"}],"_links":{"self":[{"href":"https:\/\/www.moskito.cz\/de\/wp-json\/wp\/v2\/product\/311343","targetHints":{"allow":["GET"]}}],"collection":[{"href":"https:\/\/www.moskito.cz\/de\/wp-json\/wp\/v2\/product"}],"about":[{"href":"https:\/\/www.moskito.cz\/de\/wp-json\/wp\/v2\/types\/product"}],"replies":[{"embeddable":true,"href":"https:\/\/www.moskito.cz\/de\/wp-json\/wp\/v2\/comments?post=311343"}],"wp:featuredmedia":[{"embeddable":true,"href":"https:\/\/www.moskito.cz\/de\/wp-json\/wp\/v2\/media\/311344"}],"wp:attachment":[{"href":"https:\/\/www.moskito.cz\/de\/wp-json\/wp\/v2\/media?parent=311343"}],"wp:term":[{"taxonomy":"pwb-brand","embeddable":true,"href":"https:\/\/www.moskito.cz\/de\/wp-json\/wp\/v2\/pwb-brand?post=311343"},{"taxonomy":"product_brand","embeddable":true,"href":"https:\/\/www.moskito.cz\/de\/wp-json\/wp\/v2\/product_brand?post=311343"},{"taxonomy":"product_cat","embeddable":true,"href":"https:\/\/www.moskito.cz\/de\/wp-json\/wp\/v2\/product_cat?post=311343"},{"taxonomy":"product_tag","embeddable":true,"href":"https:\/\/www.moskito.cz\/de\/wp-json\/wp\/v2\/product_tag?post=311343"}],"curies":[{"name":"wp","href":"https:\/\/api.w.org\/{rel}","templated":true}]}}