{"id":311350,"date":"2022-10-30T13:55:51","date_gmt":"2024-02-06T19:30:15","guid":{"rendered":"https:\/\/www.moskito.cz\/produkt\/schiessmesser-microtech-marfione-custom-knives-mini-halo-iii-hochglanzpoliert-m390\/"},"modified":"2025-05-07T11:01:50","modified_gmt":"2025-05-07T10:01:50","slug":"schiessmesser-microtech-marfione-custom-knives-mini-halo-iii-hochglanzpoliert-m390","status":"publish","type":"product","link":"https:\/\/www.moskito.cz\/de\/produkt\/schiessmesser-microtech-marfione-custom-knives-mini-halo-iii-hochglanzpoliert-m390\/","title":{"rendered":"Schie\u00dfmesser Microtech Marfione Custom Knives Mini Halo III hochglanzpoliert M390"},"content":{"rendered":"<p>Schie\u00dfmesser <strong>Microtech Marfione<\/strong> Custom Knives Mini Halo III hochglanzpoliert M390.<\/p>\n<p>Marfione Custom Knives Mini Halo III OTF AUTO 2,0&#8243; hochglanzpolierte M390 Tanto-Klinge, Double Vapor Blast-Edelstahlgriffe, Perlmuttknopf mit schwarzer Lippe, kundenspezifisches Kohlefasergeh\u00e4use \u2013 535-MCK<\/p>\n<p><strong>Ma\u00dfgeschneidertes Marfione-Messer.<\/strong><br \/>\nTony Marfiones Halo Automatic ist die Klasse der OTF-Welt und verf\u00fcgt \u00fcber eine der st\u00e4rksten Schussklingen, die wir je gesehen haben. Der Knopf feuert die Klinge blitzschnell ab und entriegelt die Klinge. Wenn Sie also an der Lasche am stumpfen Ende des Messers ziehen, f\u00e4hrt die Klinge leicht in den Griff zur\u00fcck und feuert erneut. Dieses Mini Halo III OTF verf\u00fcgt \u00fcber eine hochglanzpolierte, sterngeschliffene M390-Tantoklinge, einen doppelt ged\u00e4mpften Edelstahlgriff, passende Hardware, einen Perlmuttknopf mit schwarzen Lippen und wird in einem eigenen Kohlefasergeh\u00e4use mit Echtheitszertifikat aus Metall geliefert. Dies ist ein absolut erstaunliches Sammlerst\u00fcck und gibt Ihnen wirklich einen Eindruck davon, wie sch\u00f6n Frontautos sein k\u00f6nnen, insbesondere solche, die so klein sind.<\/p>\n<p>Spezifikationen<br \/>\nKlingenl\u00e4nge: 5 cm<br \/>\nGesamtl\u00e4nge: 11,62 cm<br \/>\nKlingenmaterial: Edelstahl M390<br \/>\nKlingenst\u00e4rke: 0,18 cm<br \/>\nKlingenstil: Tanto<br \/>\nKlingenschliff: Hohl, Sterngitter<br \/>\nOberfl\u00e4chenbehandlung der Klinge: Spiegelpolitur<br \/>\nGriffmaterial: Double Vapour Blast Edelstahl<br \/>\nGriffst\u00e4rke: 0,53 cm<br \/>\nVerschlussmechanismus: Perlmuttknopf mit schwarzer Lippe<br \/>\nTaschenclip: Keine<br \/>\nGeh\u00e4usematerial: Ma\u00dfgeschneidertes Kohlefasergeh\u00e4use<br \/>\nGewicht: 1,0 Unzen.<br \/>\nDesigner: Tony und Sean Marfione<br \/>\nHandgefertigt in den USA<\/p>\n<p><iframe title=\"Microtech Combat Troodon Torture Test\" width=\"800\" height=\"450\" src=\"https:\/\/www.youtube.com\/embed\/xE9TeOFYEjg?feature=oembed\" frameborder=\"0\" allow=\"accelerometer; autoplay; clipboard-write; encrypted-media; gyroscope; picture-in-picture; web-share\" allowfullscreen><\/iframe><\/p>\n<p>&nbsp;<\/p>\n","protected":false},"excerpt":{"rendered":"<p><strong>Das Marfione-Messer<\/strong> <strong>ist ein erstaunliches Sammlerst\u00fcck mit hohem Sammlerwert.<\/strong> <\/p>\n","protected":false},"featured_media":311351,"comment_status":"open","ping_status":"closed","template":"","meta":[],"pwb-brand":[3278],"product_brand":[],"product_cat":[3285,3343],"product_tag":[3669],"class_list":{"0":"post-311350","1":"product","2":"type-product","3":"status-publish","4":"has-post-thumbnail","6":"pwb-brand-microtech-de","7":"product_cat-messer","8":"product_cat-schiesmesser","9":"product_tag-b2b-de","11":"first","12":"instock","13":"taxable","14":"shipping-taxable","15":"purchasable","16":"product-type-simple"},"brands":[{"id":3278,"name":"Microtech","slug":"microtech-de"}],"_links":{"self":[{"href":"https:\/\/www.moskito.cz\/de\/wp-json\/wp\/v2\/product\/311350","targetHints":{"allow":["GET"]}}],"collection":[{"href":"https:\/\/www.moskito.cz\/de\/wp-json\/wp\/v2\/product"}],"about":[{"href":"https:\/\/www.moskito.cz\/de\/wp-json\/wp\/v2\/types\/product"}],"replies":[{"embeddable":true,"href":"https:\/\/www.moskito.cz\/de\/wp-json\/wp\/v2\/comments?post=311350"}],"wp:featuredmedia":[{"embeddable":true,"href":"https:\/\/www.moskito.cz\/de\/wp-json\/wp\/v2\/media\/311351"}],"wp:attachment":[{"href":"https:\/\/www.moskito.cz\/de\/wp-json\/wp\/v2\/media?parent=311350"}],"wp:term":[{"taxonomy":"pwb-brand","embeddable":true,"href":"https:\/\/www.moskito.cz\/de\/wp-json\/wp\/v2\/pwb-brand?post=311350"},{"taxonomy":"product_brand","embeddable":true,"href":"https:\/\/www.moskito.cz\/de\/wp-json\/wp\/v2\/product_brand?post=311350"},{"taxonomy":"product_cat","embeddable":true,"href":"https:\/\/www.moskito.cz\/de\/wp-json\/wp\/v2\/product_cat?post=311350"},{"taxonomy":"product_tag","embeddable":true,"href":"https:\/\/www.moskito.cz\/de\/wp-json\/wp\/v2\/product_tag?post=311350"}],"curies":[{"name":"wp","href":"https:\/\/api.w.org\/{rel}","templated":true}]}}