{"id":311381,"date":"2022-10-23T11:13:53","date_gmt":"2024-02-06T19:34:12","guid":{"rendered":"https:\/\/www.moskito.cz\/produkt\/heretic-knives-custom-roc-otf-auto-baker-forge-tiger-gomai-damascus-hawkbill-blade-schiessmesser\/"},"modified":"2025-05-07T11:01:51","modified_gmt":"2025-05-07T10:01:51","slug":"heretic-knives-custom-roc-otf-auto-baker-forge-tiger-gomai-damascus-hawkbill-blade-schiessmesser","status":"publish","type":"product","link":"https:\/\/www.moskito.cz\/de\/produkt\/heretic-knives-custom-roc-otf-auto-baker-forge-tiger-gomai-damascus-hawkbill-blade-schiessmesser\/","title":{"rendered":"Heretic Knives Custom Roc OTF AUTO Baker Forge Tiger GoMai Damascus Hawkbill Blade Schie\u00dfmesser"},"content":{"rendered":"<p><strong>Heretic Knives<\/strong> Custom Roc OTF AUTO Baker Forge Tiger GoMai Damascus Hawkbill Blade Schie\u00dfmesser.<\/p>\n<p>Der Roc von <strong>Heretic Knives<\/strong> passt genau in den Sweet Spot der Heretic-Reihe. Der Roc hat f\u00fcr die meisten von uns die perfekte Gr\u00f6\u00dfe, genau auf Augenh\u00f6he mit dem ber\u00fchmten Microtech Ultratech. Dieses Messer wird zu 100 % in den USA hergestellt und zusammengebaut und verf\u00fcgt \u00fcber eine lebenslange Garantie, sodass Sie sicher sein k\u00f6nnen, dass dieses OTF lange h\u00e4lt. Es verf\u00fcgt \u00fcber die seidenweiche Einhand-Passform und den Zug, der in der Heretic OTF-Linie Standard ist. Dieses Modell verf\u00fcgt \u00fcber eine etwas l\u00e4ngere Klinge als drei Zoll, eine integrierte Fangriemen\u00f6se, einen tiefen Trageclip und eine wirklich hochwertige \u00c4sthetik. Durch sein schlankes Profil und seine leichte Beschaffenheit l\u00e4sst es sich leicht in der Hand tragen und ist jederzeit einsatzbereit. Die Action macht s\u00fcchtig, die Ergonomie stimmt und die Verarbeitungsqualit\u00e4t ist erstklassig. Sie werden nicht entt\u00e4uscht sein.<\/p>\n<p>Dies ist ein Sondermodell, das wir auf der USN GXIII Show 2022 erworben haben, und einer der hochwertigsten und sch\u00f6nsten OTF-Falken, die wir je besessen haben. Wenn dies ein Hinweis darauf ist, was von Heretic Knives kommen wird, dann sind wir auf jeden Fall gespannt auf die Zukunft.<\/p>\n<p>Spezifikationen<br \/>\nKlingenl\u00e4nge: 8 cm<br \/>\nSchnittkante: 7,5 cm<br \/>\nL\u00e4nge geschlossen: 11,75 cm<br \/>\nGesamtl\u00e4nge: 19,37 cm<br \/>\nKlingenmaterial: Baker Forge Tiger GoMai Damast<br \/>\nKlingenst\u00e4rke: 0,35 cm<br \/>\nKlingenstil: Hawkbill<br \/>\nKlingenschliff: Flach<br \/>\nKlingenoberfl\u00e4che: Kupfers\u00e4ure\u00e4tzung<br \/>\nGriffmaterial: Schwarzes Aluminium mit FatCarbon-Schlangenleder-Messing- und Kupfereins\u00e4tzen<br \/>\nGriffst\u00e4rke: 1,125 cm<br \/>\nVerriegelungsmechanismus: Schiebend<br \/>\nTaschenclip: Titanium Deep Carry (nach unten klappen, rechts tragen)<br \/>\nGewicht: 4,16 Unzen.<br \/>\nDesigner: Tony Marfione Jr.<br \/>\nHergestellt in den USA<\/p>\n<p><iframe title=\"Microtech Combat Troodon Torture Test\" width=\"800\" height=\"450\" src=\"https:\/\/www.youtube.com\/embed\/xE9TeOFYEjg?feature=oembed\" frameborder=\"0\" allow=\"accelerometer; autoplay; clipboard-write; encrypted-media; gyroscope; picture-in-picture; web-share\" allowfullscreen><\/iframe><\/p>\n<p>&nbsp;<\/p>\n","protected":false},"excerpt":{"rendered":"<p>Dies ist <strong>ein Sondermodell<\/strong> , das wir auf der USN GXIII Show 2022 erworben haben.<\/p>\n","protected":false},"featured_media":311391,"comment_status":"open","ping_status":"closed","template":"","meta":[],"pwb-brand":[3665],"product_brand":[],"product_cat":[3285,3343],"product_tag":[3669],"class_list":{"0":"post-311381","1":"product","2":"type-product","3":"status-publish","4":"has-post-thumbnail","6":"pwb-brand-ketzermesser","7":"product_cat-messer","8":"product_cat-schiesmesser","9":"product_tag-b2b-de","11":"first","12":"outofstock","13":"taxable","14":"shipping-taxable","15":"purchasable","16":"product-type-simple"},"brands":[{"id":3665,"name":"Ketzermesser","slug":"ketzermesser"}],"_links":{"self":[{"href":"https:\/\/www.moskito.cz\/de\/wp-json\/wp\/v2\/product\/311381","targetHints":{"allow":["GET"]}}],"collection":[{"href":"https:\/\/www.moskito.cz\/de\/wp-json\/wp\/v2\/product"}],"about":[{"href":"https:\/\/www.moskito.cz\/de\/wp-json\/wp\/v2\/types\/product"}],"replies":[{"embeddable":true,"href":"https:\/\/www.moskito.cz\/de\/wp-json\/wp\/v2\/comments?post=311381"}],"wp:featuredmedia":[{"embeddable":true,"href":"https:\/\/www.moskito.cz\/de\/wp-json\/wp\/v2\/media\/311391"}],"wp:attachment":[{"href":"https:\/\/www.moskito.cz\/de\/wp-json\/wp\/v2\/media?parent=311381"}],"wp:term":[{"taxonomy":"pwb-brand","embeddable":true,"href":"https:\/\/www.moskito.cz\/de\/wp-json\/wp\/v2\/pwb-brand?post=311381"},{"taxonomy":"product_brand","embeddable":true,"href":"https:\/\/www.moskito.cz\/de\/wp-json\/wp\/v2\/product_brand?post=311381"},{"taxonomy":"product_cat","embeddable":true,"href":"https:\/\/www.moskito.cz\/de\/wp-json\/wp\/v2\/product_cat?post=311381"},{"taxonomy":"product_tag","embeddable":true,"href":"https:\/\/www.moskito.cz\/de\/wp-json\/wp\/v2\/product_tag?post=311381"}],"curies":[{"name":"wp","href":"https:\/\/api.w.org\/{rel}","templated":true}]}}