{"id":311409,"date":"2022-10-09T11:03:30","date_gmt":"2024-02-06T19:34:14","guid":{"rendered":"https:\/\/www.moskito.cz\/produkt\/schiessmesser-microtech-troodon-roter-griff-stonewashed-klinge-138-10-rd\/"},"modified":"2025-05-07T11:01:52","modified_gmt":"2025-05-07T10:01:52","slug":"schiessmesser-microtech-troodon-roter-griff-stonewashed-klinge-138-10-rd","status":"publish","type":"product","link":"https:\/\/www.moskito.cz\/de\/produkt\/schiessmesser-microtech-troodon-roter-griff-stonewashed-klinge-138-10-rd\/","title":{"rendered":"Schie\u00dfmesser Microtech Troodon, roter Griff, Stonewashed-Klinge 138-10 RD"},"content":{"rendered":"<p>Schie\u00dfmesser <strong>Microtech<\/strong> Troodon, roter Griff, Stonewashed-Klinge 138-10 RD.<\/p>\n<p>Microtech-Messer | Troodon<br \/>\nDer Troodon ist 25 % kleiner als der Combat Troodon, verf\u00fcgt \u00fcber ein schlankes Design und einen einfacher abzufeuernden Aktionsmechanismus. Das Design richtet sich an ein breiteres Publikum, das die praktische Funktionalit\u00e4t eines OTF ben\u00f6tigt, jedoch ohne das Gewicht eines vollwertigen Combat Troodon.<\/p>\n<p>Gesamtl\u00e4nge: 7,64 Zoll (194 mm)<br \/>\nGeschlossene L\u00e4nge: 4,57&#8243; (116 mm)<br \/>\nKlingenl\u00e4nge: 3,08 Zoll (78 mm)<br \/>\nSchneidenl\u00e4nge: 2,96 Zoll (75 mm)<br \/>\nKlingenst\u00e4rke: 0,079 Zoll (2 mm)<br \/>\nOberfl\u00e4chenbehandlung der Klinge: Stonewashed<br \/>\nRandstil: einfarbig<br \/>\nGriffmaterial: Rotes Aluminium<br \/>\nGriffst\u00e4rke: 0,4 Zoll (10 mm)<br \/>\nTaschenclip: Tip-Down<br \/>\nGewicht: 2,8 Unzen (79,38 g)<br \/>\nHersteller Ref. #: 138-10RD<br \/>\nHerkunftsland: USA<\/p>\n<p><iframe title=\"Microtech Combat Troodon Torture Test\" width=\"800\" height=\"450\" src=\"https:\/\/www.youtube.com\/embed\/xE9TeOFYEjg?feature=oembed\" frameborder=\"0\" allow=\"accelerometer; autoplay; clipboard-write; encrypted-media; gyroscope; picture-in-picture; web-share\" allowfullscreen><\/iframe><\/p>\n<p>&nbsp;<\/p>\n","protected":false},"excerpt":{"rendered":"<p>Im Laufe der Jahre hat <strong>Microtech\u00ae Knives<\/strong> Messer mit Leidenschaft und K\u00f6nnen gef\u00fcllt, um nahezu Kunstwerke zu schaffen, die den Gipfel der Funktionalit\u00e4t darstellen. Alle Teile werden in den USA hergestellt.<br \/>\n<strong>F\u00fcr alle Microtech-Messer gilt eine lebenslange Garantie.<\/strong><\/p>\n<p><strong>Kostenloser Transport.<\/strong><\/p>\n","protected":false},"featured_media":311422,"comment_status":"open","ping_status":"closed","template":"","meta":[],"pwb-brand":[3278],"product_brand":[],"product_cat":[3285,3343],"product_tag":[3669],"class_list":{"0":"post-311409","1":"product","2":"type-product","3":"status-publish","4":"has-post-thumbnail","6":"pwb-brand-microtech-de","7":"product_cat-messer","8":"product_cat-schiesmesser","9":"product_tag-b2b-de","11":"first","12":"outofstock","13":"taxable","14":"shipping-taxable","15":"purchasable","16":"product-type-simple"},"brands":[{"id":3278,"name":"Microtech","slug":"microtech-de"}],"_links":{"self":[{"href":"https:\/\/www.moskito.cz\/de\/wp-json\/wp\/v2\/product\/311409","targetHints":{"allow":["GET"]}}],"collection":[{"href":"https:\/\/www.moskito.cz\/de\/wp-json\/wp\/v2\/product"}],"about":[{"href":"https:\/\/www.moskito.cz\/de\/wp-json\/wp\/v2\/types\/product"}],"replies":[{"embeddable":true,"href":"https:\/\/www.moskito.cz\/de\/wp-json\/wp\/v2\/comments?post=311409"}],"wp:featuredmedia":[{"embeddable":true,"href":"https:\/\/www.moskito.cz\/de\/wp-json\/wp\/v2\/media\/311422"}],"wp:attachment":[{"href":"https:\/\/www.moskito.cz\/de\/wp-json\/wp\/v2\/media?parent=311409"}],"wp:term":[{"taxonomy":"pwb-brand","embeddable":true,"href":"https:\/\/www.moskito.cz\/de\/wp-json\/wp\/v2\/pwb-brand?post=311409"},{"taxonomy":"product_brand","embeddable":true,"href":"https:\/\/www.moskito.cz\/de\/wp-json\/wp\/v2\/product_brand?post=311409"},{"taxonomy":"product_cat","embeddable":true,"href":"https:\/\/www.moskito.cz\/de\/wp-json\/wp\/v2\/product_cat?post=311409"},{"taxonomy":"product_tag","embeddable":true,"href":"https:\/\/www.moskito.cz\/de\/wp-json\/wp\/v2\/product_tag?post=311409"}],"curies":[{"name":"wp","href":"https:\/\/api.w.org\/{rel}","templated":true}]}}