{"id":311486,"date":"2022-10-20T21:01:23","date_gmt":"2024-02-06T19:34:32","guid":{"rendered":"https:\/\/www.moskito.cz\/produkt\/heretic-knives-manticore-e-schwarzes-bowie-schiessmesser-h026b-6a-pucf\/"},"modified":"2025-05-07T11:01:54","modified_gmt":"2025-05-07T10:01:54","slug":"heretic-knives-manticore-e-schwarzes-bowie-schiessmesser-h026b-6a-pucf","status":"publish","type":"product","link":"https:\/\/www.moskito.cz\/de\/produkt\/heretic-knives-manticore-e-schwarzes-bowie-schiessmesser-h026b-6a-pucf\/","title":{"rendered":"Heretic Knives Manticore E Schwarzes Bowie-Schie\u00dfmesser H026B-6A-PUCF"},"content":{"rendered":"<p><strong>Heretic Knives<\/strong> Manticore E Schwarzes Bowie-Schie\u00dfmesser H026B-6A-PUCF.<\/p>\n<p>Das Manticore E von Heretic Knives passt genau in die Manticore-Reihe und liegt in der Gr\u00f6\u00dfe genau zwischen den S- und Genau auf Augenh\u00f6he mit dem ber\u00fchmten Microtech Ultratech. Dieses Messer wird zu 100 % in den USA hergestellt und zusammengebaut und verf\u00fcgt \u00fcber eine lebenslange Garantie, sodass Sie sicher sein k\u00f6nnen, dass dieses OTF lange h\u00e4lt. Es verf\u00fcgt \u00fcber eine seidenweiche, einh\u00e4ndige Passform und Zugkraft, die im gesamten Manticore-Sortiment Standard ist. Die E-Variante verf\u00fcgt \u00fcber eine ideale 3-Zoll-Klinge, eine integrierte Fangriemen\u00f6se, einen Glasbrecher aus geh\u00e4rtetem Stahl und eine tiefe Schnalle. Durch sein schlankes Profil und seine leichte Beschaffenheit l\u00e4sst es sich leicht in der Hand tragen und ist jederzeit einsatzbereit. Die Action macht s\u00fcchtig, die Ergonomie stimmt und die Verarbeitungsqualit\u00e4t ist erstklassig. Sie werden nicht entt\u00e4uscht sein.<\/p>\n<p>Spezifikationen<br \/>\nKlingenl\u00e4nge: 7,62 cm<br \/>\nGesamtl\u00e4nge: 19,37<br \/>\nKlingenmaterial: Elmax-Edelstahl<br \/>\nKlingenst\u00e4rke: 0,31 cm<br \/>\nKlingenstil: Bowie<br \/>\nKlingenschliff: Flach<br \/>\nKlingenfinish: Schwarz DLC<br \/>\nGriffmaterial: Purple CamoCarbon und Aluminium<br \/>\nVerriegelungsmechanismus: Schiebend<br \/>\nTaschenclip: Schwarzes DLC-Titan (nach unten klappen, rechts tragen)<br \/>\nGewicht: 3,30 Unzen.<br \/>\nDesigner: Tony Marfione Jr.<br \/>\nHergestellt in den USA<\/p>\n<p><iframe title=\"Microtech Combat Troodon Torture Test\" width=\"800\" height=\"450\" src=\"https:\/\/www.youtube.com\/embed\/xE9TeOFYEjg?feature=oembed\" frameborder=\"0\" allow=\"accelerometer; autoplay; clipboard-write; encrypted-media; gyroscope; picture-in-picture; web-share\" allowfullscreen><\/iframe><\/p>\n<p>&nbsp;<\/p>\n","protected":false},"excerpt":{"rendered":"<p>Alle unsere Messer werden in den USA hergestellt und das wird auch so bleiben. Wenn Sie eines unserer Messer kaufen, k\u00f6nnen Sie darauf vertrauen, dass Ihr Werkzeug von einem amerikanischen Unternehmen unterst\u00fctzt wird. Unsere Messer werden in kleinen Chargen hergestellt, um sicherzustellen, dass Sie ein Qualit\u00e4tsmesser erhalten, dem nicht die Aufmerksamkeit geschenkt wird, die anderen massenproduzierten Messern nicht zuteil wird.<\/p>\n<p><strong>Kostenloser Transport.<\/strong><\/p>\n","protected":false},"featured_media":311517,"comment_status":"open","ping_status":"closed","template":"","meta":[],"pwb-brand":[3665],"product_brand":[],"product_cat":[3285,3343],"product_tag":[3669],"class_list":{"0":"post-311486","1":"product","2":"type-product","3":"status-publish","4":"has-post-thumbnail","6":"pwb-brand-ketzermesser","7":"product_cat-messer","8":"product_cat-schiesmesser","9":"product_tag-b2b-de","11":"first","12":"instock","13":"taxable","14":"shipping-taxable","15":"purchasable","16":"product-type-simple"},"brands":[{"id":3665,"name":"Ketzermesser","slug":"ketzermesser"}],"_links":{"self":[{"href":"https:\/\/www.moskito.cz\/de\/wp-json\/wp\/v2\/product\/311486","targetHints":{"allow":["GET"]}}],"collection":[{"href":"https:\/\/www.moskito.cz\/de\/wp-json\/wp\/v2\/product"}],"about":[{"href":"https:\/\/www.moskito.cz\/de\/wp-json\/wp\/v2\/types\/product"}],"replies":[{"embeddable":true,"href":"https:\/\/www.moskito.cz\/de\/wp-json\/wp\/v2\/comments?post=311486"}],"wp:featuredmedia":[{"embeddable":true,"href":"https:\/\/www.moskito.cz\/de\/wp-json\/wp\/v2\/media\/311517"}],"wp:attachment":[{"href":"https:\/\/www.moskito.cz\/de\/wp-json\/wp\/v2\/media?parent=311486"}],"wp:term":[{"taxonomy":"pwb-brand","embeddable":true,"href":"https:\/\/www.moskito.cz\/de\/wp-json\/wp\/v2\/pwb-brand?post=311486"},{"taxonomy":"product_brand","embeddable":true,"href":"https:\/\/www.moskito.cz\/de\/wp-json\/wp\/v2\/product_brand?post=311486"},{"taxonomy":"product_cat","embeddable":true,"href":"https:\/\/www.moskito.cz\/de\/wp-json\/wp\/v2\/product_cat?post=311486"},{"taxonomy":"product_tag","embeddable":true,"href":"https:\/\/www.moskito.cz\/de\/wp-json\/wp\/v2\/product_tag?post=311486"}],"curies":[{"name":"wp","href":"https:\/\/api.w.org\/{rel}","templated":true}]}}