{"id":311510,"date":"2022-10-30T18:00:19","date_gmt":"2024-02-06T19:34:33","guid":{"rendered":"https:\/\/www.moskito.cz\/produkt\/microtech-marfione-halo-iii-mini-blued-nebula-damascus-abalone-schiessmesser\/"},"modified":"2025-05-07T11:01:54","modified_gmt":"2025-05-07T10:01:54","slug":"microtech-marfione-halo-iii-mini-blued-nebula-damascus-abalone-schiessmesser","status":"publish","type":"product","link":"https:\/\/www.moskito.cz\/de\/produkt\/microtech-marfione-halo-iii-mini-blued-nebula-damascus-abalone-schiessmesser\/","title":{"rendered":"Microtech Marfione HALO III Mini Blued Nebula Damascus Abalone Schie\u00dfmesser"},"content":{"rendered":"<p><strong>Microtech Marfione<\/strong> HALO III Mini Blued Nebula Damascus Abalone Schie\u00dfmesser.<\/p>\n<p>Tony Marfiones Halo Automatic ist die Klasse der OTF-Welt und verf\u00fcgt \u00fcber eine der st\u00e4rksten Schussklingen, die wir je gesehen haben. Der Knopf feuert die Klinge blitzschnell ab und entriegelt die Klinge. Wenn Sie also an der Lasche am stumpfen Ende des Messers ziehen, f\u00e4hrt die Klinge leicht in den Griff zur\u00fcck und feuert erneut.<\/p>\n<p>Dieses Mini Halo III OTF verf\u00fcgt \u00fcber eine hei\u00dfe blaue Bertie Reitveld Dragon Skin Damascus Tanto-Klinge, einen schwarzen Aluminiumgriff, einen Einf\u00fchrknopf und einen Ladegriff aus Abalone, doppelt ged\u00e4mpfte Hardware und wird in einem eigenen Kohlefasergeh\u00e4use mit Echtheitszertifikat aus Metall geliefert. Dies ist ein absolut erstaunliches Sammlerst\u00fcck und gibt Ihnen wirklich einen Eindruck davon, wie sch\u00f6n Frontautos sein k\u00f6nnen, insbesondere solche, die so klein sind.<\/p>\n<p>Spezifikationen<br \/>\nKlingenl\u00e4nge: 5 cm<br \/>\nGesamtl\u00e4nge: 11,62 cm<br \/>\nKlingenmaterialien: Damaststahl mit hei\u00dfem blauem Licht<br \/>\nKlingenst\u00e4rke: 0,18 cm<br \/>\nKlingenstil: Tanto<br \/>\nKlingenschliff: Hohl, Sterngitter<br \/>\nGriffmaterial: Hartanodisiertes Aluminium 6061-T6 mit Abalone-Einsatz<br \/>\nGriffst\u00e4rke: 0,53 cm<br \/>\nVerriegelungsmechanismus: Knopf<br \/>\nTaschenclip: Keine<br \/>\nGeh\u00e4usematerial: Ma\u00dfgeschneidertes Kohlefasergeh\u00e4use<br \/>\nGewicht: 0,5 Unzen.<br \/>\nDesigner: Tony und Sean Marfione<br \/>\nHandgefertigt in den USA<\/p>\n<p><iframe title=\"Microtech Combat Troodon Torture Test\" width=\"800\" height=\"450\" src=\"https:\/\/www.youtube.com\/embed\/xE9TeOFYEjg?feature=oembed\" frameborder=\"0\" allow=\"accelerometer; autoplay; clipboard-write; encrypted-media; gyroscope; picture-in-picture; web-share\" allowfullscreen><\/iframe><\/p>\n<p>&nbsp;<\/p>\n","protected":false},"excerpt":{"rendered":"<p><strong>Das Marfione-Messer<\/strong> <strong>ist ein erstaunliches Sammlerst\u00fcck mit hohem Sammlerwert.<\/strong> <\/p>\n","protected":false},"featured_media":311540,"comment_status":"open","ping_status":"closed","template":"","meta":[],"pwb-brand":[3278],"product_brand":[],"product_cat":[3420,3285,3343],"product_tag":[3669],"class_list":{"0":"post-311510","1":"product","2":"type-product","3":"status-publish","4":"has-post-thumbnail","6":"pwb-brand-microtech-de","7":"product_cat-damaszenermesser","8":"product_cat-messer","9":"product_cat-schiesmesser","10":"product_tag-b2b-de","12":"first","13":"instock","14":"taxable","15":"shipping-taxable","16":"purchasable","17":"product-type-simple"},"brands":[{"id":3278,"name":"Microtech","slug":"microtech-de"}],"_links":{"self":[{"href":"https:\/\/www.moskito.cz\/de\/wp-json\/wp\/v2\/product\/311510","targetHints":{"allow":["GET"]}}],"collection":[{"href":"https:\/\/www.moskito.cz\/de\/wp-json\/wp\/v2\/product"}],"about":[{"href":"https:\/\/www.moskito.cz\/de\/wp-json\/wp\/v2\/types\/product"}],"replies":[{"embeddable":true,"href":"https:\/\/www.moskito.cz\/de\/wp-json\/wp\/v2\/comments?post=311510"}],"wp:featuredmedia":[{"embeddable":true,"href":"https:\/\/www.moskito.cz\/de\/wp-json\/wp\/v2\/media\/311540"}],"wp:attachment":[{"href":"https:\/\/www.moskito.cz\/de\/wp-json\/wp\/v2\/media?parent=311510"}],"wp:term":[{"taxonomy":"pwb-brand","embeddable":true,"href":"https:\/\/www.moskito.cz\/de\/wp-json\/wp\/v2\/pwb-brand?post=311510"},{"taxonomy":"product_brand","embeddable":true,"href":"https:\/\/www.moskito.cz\/de\/wp-json\/wp\/v2\/product_brand?post=311510"},{"taxonomy":"product_cat","embeddable":true,"href":"https:\/\/www.moskito.cz\/de\/wp-json\/wp\/v2\/product_cat?post=311510"},{"taxonomy":"product_tag","embeddable":true,"href":"https:\/\/www.moskito.cz\/de\/wp-json\/wp\/v2\/product_tag?post=311510"}],"curies":[{"name":"wp","href":"https:\/\/api.w.org\/{rel}","templated":true}]}}