{"id":311522,"date":"2022-10-09T13:50:45","date_gmt":"2024-02-06T19:34:34","guid":{"rendered":"https:\/\/www.moskito.cz\/produkt\/schiessmesser-microtech-troodon-double-edge-138-4-tq\/"},"modified":"2025-05-07T11:01:55","modified_gmt":"2025-05-07T10:01:55","slug":"schiessmesser-microtech-troodon-double-edge-138-4-tq","status":"publish","type":"product","link":"https:\/\/www.moskito.cz\/de\/produkt\/schiessmesser-microtech-troodon-double-edge-138-4-tq\/","title":{"rendered":"Schie\u00dfmesser Microtech Troodon Double Edge 138-4 TQ"},"content":{"rendered":"<p>Schie\u00dfmesser <strong>Microtech<\/strong> Troodon Double Edge 138-4 TQ<\/p>\n<p>Dieses nach dem Dinosaurier Troodon (troh-o-don) benannte Messer l\u00e4utet eine neue \u00c4ra der Microtech-Messer ein. Troodon bedeutet auf Griechisch \u201eZahnwunde\u201c. Zu den neuen Verbesserungen geh\u00f6ren ein neuer schlanker Griff, eine konturierte Form und radikale Designelemente sowie ein ausgekl\u00fcgelter interner Mechanismus, der die Betriebsfunktionalit\u00e4t und Zuverl\u00e4ssigkeit verbessert. Troodon kombiniert neue Spitzentechnologie mit dem Gef\u00fchl klassischer Microtech. Dieses Projekt wurde pers\u00f6nlich von Anthony Marfione geleitet und bestand aus einer internen Zusammenarbeit des Microtech-Teams. Der Troodon war 2006 das Flaggschiff der gesamten Produktlinie von Microtech.<\/p>\n<p>Gesamtl\u00e4nge: 7,64\u2033 (194mm)<br \/>\nGeschlossene L\u00e4nge: 4,57\u2033 (116 mm)<br \/>\nKlingenl\u00e4nge: 3,08\u2033 (78mm)<br \/>\nSchneidenl\u00e4nge: 2,96\u2033 (75mm)<br \/>\nKlingenst\u00e4rke: 0,079\u2033 (2mm)<br \/>\nRandstil: einfarbig<br \/>\nGriffst\u00e4rke: 0,4\u2033 (10 mm)<br \/>\nTaschenclip: Tip-Down<br \/>\nGewicht: 2,8 Unzen (79,38 g)<br \/>\nHerkunftsland: USA<\/p>\n<p><iframe title=\"Microtech Combat Troodon Torture Test\" width=\"800\" height=\"450\" src=\"https:\/\/www.youtube.com\/embed\/xE9TeOFYEjg?feature=oembed\" frameborder=\"0\" allow=\"accelerometer; autoplay; clipboard-write; encrypted-media; gyroscope; picture-in-picture; web-share\" allowfullscreen><\/iframe><\/p>\n<p>&nbsp;<\/p>\n","protected":false},"excerpt":{"rendered":"<p>Im Laufe der Jahre hat <strong>Microtech\u00ae Knives<\/strong> Messer mit Leidenschaft und K\u00f6nnen gef\u00fcllt, um nahezu Kunstwerke zu schaffen, die den Gipfel der Funktionalit\u00e4t darstellen. Alle Teile werden in den USA hergestellt.<br \/>\n<strong>F\u00fcr alle Microtech-Messer gilt eine lebenslange Garantie.<\/strong><\/p>\n<p><strong>Kostenloser Transport.<\/strong><\/p>\n","protected":false},"featured_media":311532,"comment_status":"open","ping_status":"closed","template":"","meta":[],"pwb-brand":[3278],"product_brand":[],"product_cat":[3285,3343],"product_tag":[3669],"class_list":{"0":"post-311522","1":"product","2":"type-product","3":"status-publish","4":"has-post-thumbnail","6":"pwb-brand-microtech-de","7":"product_cat-messer","8":"product_cat-schiesmesser","9":"product_tag-b2b-de","11":"first","12":"instock","13":"taxable","14":"shipping-taxable","15":"purchasable","16":"product-type-simple"},"brands":[{"id":3278,"name":"Microtech","slug":"microtech-de"}],"_links":{"self":[{"href":"https:\/\/www.moskito.cz\/de\/wp-json\/wp\/v2\/product\/311522","targetHints":{"allow":["GET"]}}],"collection":[{"href":"https:\/\/www.moskito.cz\/de\/wp-json\/wp\/v2\/product"}],"about":[{"href":"https:\/\/www.moskito.cz\/de\/wp-json\/wp\/v2\/types\/product"}],"replies":[{"embeddable":true,"href":"https:\/\/www.moskito.cz\/de\/wp-json\/wp\/v2\/comments?post=311522"}],"wp:featuredmedia":[{"embeddable":true,"href":"https:\/\/www.moskito.cz\/de\/wp-json\/wp\/v2\/media\/311532"}],"wp:attachment":[{"href":"https:\/\/www.moskito.cz\/de\/wp-json\/wp\/v2\/media?parent=311522"}],"wp:term":[{"taxonomy":"pwb-brand","embeddable":true,"href":"https:\/\/www.moskito.cz\/de\/wp-json\/wp\/v2\/pwb-brand?post=311522"},{"taxonomy":"product_brand","embeddable":true,"href":"https:\/\/www.moskito.cz\/de\/wp-json\/wp\/v2\/product_brand?post=311522"},{"taxonomy":"product_cat","embeddable":true,"href":"https:\/\/www.moskito.cz\/de\/wp-json\/wp\/v2\/product_cat?post=311522"},{"taxonomy":"product_tag","embeddable":true,"href":"https:\/\/www.moskito.cz\/de\/wp-json\/wp\/v2\/product_tag?post=311522"}],"curies":[{"name":"wp","href":"https:\/\/api.w.org\/{rel}","templated":true}]}}