{"id":311550,"date":"2022-10-09T10:26:46","date_gmt":"2024-02-06T19:34:35","guid":{"rendered":"https:\/\/www.moskito.cz\/produkt\/schiessmesser-microtech-utx-85-black-tanto-combo-blade-233-2-tq\/"},"modified":"2025-05-07T11:01:55","modified_gmt":"2025-05-07T10:01:55","slug":"schiessmesser-microtech-utx-85-black-tanto-combo-blade-233-2-tq","status":"publish","type":"product","link":"https:\/\/www.moskito.cz\/de\/produkt\/schiessmesser-microtech-utx-85-black-tanto-combo-blade-233-2-tq\/","title":{"rendered":"Schie\u00dfmesser Microtech UTX-85 Black Tanto Combo Blade 233-2 TQ"},"content":{"rendered":"<p>Schie\u00dfmesser <strong>Microtech<\/strong> UTX-85 Black Tanto Combo Blade 233-2 TQ.<\/p>\n<p>Das Microtech UTX-85 OTF-Messer ist die perfekte Kombination aus kompakter Gr\u00f6\u00dfe und gro\u00dfartiger Leistung. Mit einer Gr\u00f6\u00dfe von 85 % Ultratech wird der Microtech UTX-85 aus denselben Materialien, auf denselben Maschinen und mit demselben Einfallsreichtum wie sein Vorg\u00e4nger hergestellt. Das Microtech UTX-85 ist das perfekte Messer f\u00fcr alle Situationen \u2013 egal welche Aufgabe Sie schneiden; es wird sich nahtlos in Ihren Lebensstil einf\u00fcgen. Dank des schnellen \u00d6ffnens und Schlie\u00dfens mit einer Hand ist die Arbeit in Sekundenschnelle erledigt. Ausgestattet mit einem doppelseitigen Taschenclip und kompakter Gr\u00f6\u00dfe ist es die perfekte Wahl f\u00fcr den t\u00e4glichen Gebrauch und Transport.<\/p>\n<p>Gesamtl\u00e4nge: 18,75 cm<br \/>\nKlingenl\u00e4nge: 7,81 cm<br \/>\nSchnittkante: 7,17 cm<br \/>\nKlingenst\u00e4rke: 0,32 cm<br \/>\nKlingenmaterial: B\u00f6hler M390<br \/>\nGriffl\u00e4nge: 10,92 cm<br \/>\nGriffst\u00e4rke: 1,17 cm<br \/>\nGriffmaterial: Aluminium<br \/>\nGewicht: 3,06 Unzen.<br \/>\nBenutzer: Rechte Hand<br \/>\nTaschenclip: Tip-Down<br \/>\nMessertyp: Double-Action OTF Automatic<br \/>\n\u00d6ffner: Daumenschieber<br \/>\nMarke: Microtech<br \/>\nModell: UTX-85<br \/>\nHerkunftsland: USA<br \/>\nBeste Verwendung: Taktisch<\/p>\n<p><iframe title=\"Microtech Combat Troodon Torture Test\" width=\"800\" height=\"450\" src=\"https:\/\/www.youtube.com\/embed\/xE9TeOFYEjg?feature=oembed\" frameborder=\"0\" allow=\"accelerometer; autoplay; clipboard-write; encrypted-media; gyroscope; picture-in-picture; web-share\" allowfullscreen><\/iframe><\/p>\n<p>&nbsp;<\/p>\n","protected":false},"excerpt":{"rendered":"<p>Im Laufe der Jahre hat <strong>Microtech\u00ae<\/strong> Knives Messer mit Leidenschaft und K\u00f6nnen gef\u00fcllt, um nahezu Kunstwerke zu schaffen, die den Gipfel der Funktionalit\u00e4t darstellen. Alle Teile werden in den USA hergestellt.<br \/>\n<strong>Alle Microtech-Messer haben eine lebenslange Garantie (mindestens 80.000 Zyklen, \u00d6ffnen und Schlie\u00dfen).<\/strong><\/p>\n","protected":false},"featured_media":311562,"comment_status":"open","ping_status":"closed","template":"","meta":[],"pwb-brand":[3278],"product_brand":[],"product_cat":[3285,3343],"product_tag":[3669],"class_list":{"0":"post-311550","1":"product","2":"type-product","3":"status-publish","4":"has-post-thumbnail","6":"pwb-brand-microtech-de","7":"product_cat-messer","8":"product_cat-schiesmesser","9":"product_tag-b2b-de","11":"first","12":"instock","13":"taxable","14":"shipping-taxable","15":"purchasable","16":"product-type-simple"},"brands":[{"id":3278,"name":"Microtech","slug":"microtech-de"}],"_links":{"self":[{"href":"https:\/\/www.moskito.cz\/de\/wp-json\/wp\/v2\/product\/311550","targetHints":{"allow":["GET"]}}],"collection":[{"href":"https:\/\/www.moskito.cz\/de\/wp-json\/wp\/v2\/product"}],"about":[{"href":"https:\/\/www.moskito.cz\/de\/wp-json\/wp\/v2\/types\/product"}],"replies":[{"embeddable":true,"href":"https:\/\/www.moskito.cz\/de\/wp-json\/wp\/v2\/comments?post=311550"}],"wp:featuredmedia":[{"embeddable":true,"href":"https:\/\/www.moskito.cz\/de\/wp-json\/wp\/v2\/media\/311562"}],"wp:attachment":[{"href":"https:\/\/www.moskito.cz\/de\/wp-json\/wp\/v2\/media?parent=311550"}],"wp:term":[{"taxonomy":"pwb-brand","embeddable":true,"href":"https:\/\/www.moskito.cz\/de\/wp-json\/wp\/v2\/pwb-brand?post=311550"},{"taxonomy":"product_brand","embeddable":true,"href":"https:\/\/www.moskito.cz\/de\/wp-json\/wp\/v2\/product_brand?post=311550"},{"taxonomy":"product_cat","embeddable":true,"href":"https:\/\/www.moskito.cz\/de\/wp-json\/wp\/v2\/product_cat?post=311550"},{"taxonomy":"product_tag","embeddable":true,"href":"https:\/\/www.moskito.cz\/de\/wp-json\/wp\/v2\/product_tag?post=311550"}],"curies":[{"name":"wp","href":"https:\/\/api.w.org\/{rel}","templated":true}]}}