{"id":311582,"date":"2022-10-09T21:09:27","date_gmt":"2022-10-09T20:09:27","guid":{"rendered":"https:\/\/www.moskito.cz\/produkt\/schiessmesser-microtech-stonewashed-utx-70-148-10-od\/"},"modified":"2025-09-26T07:50:05","modified_gmt":"2025-09-26T06:50:05","slug":"schiessmesser-microtech-stonewashed-utx-70-148-10-od","status":"publish","type":"product","link":"https:\/\/www.moskito.cz\/de\/produkt\/schiessmesser-microtech-stonewashed-utx-70-148-10-od\/","title":{"rendered":"Schie\u00dfmesser Microtech Stonewashed UTX-70 148-10 OD"},"content":{"rendered":"<p>Schie\u00dfmesser <strong>Microtech<\/strong> Stonewashed UTX-70 148-10 OD.<\/p>\n<p>Der UTX-70 ist die perfekte Kombination aus kompakter Gr\u00f6\u00dfe und gro\u00dfartiger Leistung. Der UTX-70 ist 70 % so gro\u00df wie der Ultratech und wird aus denselben Materialien, auf denselben Maschinen und mit demselben Einfallsreichtum wie sein Vorg\u00e4nger hergestellt. Das UTX-70 ist das perfekte Messer f\u00fcr alle Situationen, egal welche Schneidaufgabe Sie haben, es f\u00fcgt sich nahtlos in Ihren Lebensstil ein. Dank des schnellen \u00d6ffnens und Schlie\u00dfens mit einer Hand ist die Arbeit in Sekundenschnelle erledigt. F\u00fcr den UTX-70 stehen viele Optionen zur Verf\u00fcgung, wie zum Beispiel: Einzel-, Doppel- oder Tanto-Klinge. Es sind auch eine Aluminium-Oberplatte, eine schwarze Karbonfaserplatte oder eine Platin-Kohlefaser-Oberplatte erh\u00e4ltlich. Ausgestattet mit einem doppelseitigen Taschenclip und kompakter Gr\u00f6\u00dfe ist es die perfekte Wahl f\u00fcr den t\u00e4glichen Gebrauch und Transport.<\/p>\n<p>Gesamtl\u00e4nge: 14,07 cm<br \/>\nKlingenl\u00e4nge: 6,02 cm<br \/>\nKlingenst\u00e4rke: 0,2 cm<br \/>\nKlingenmaterial: B\u00f6hler M390<br \/>\nH\u00e4rte: 59-60 \u00b0 RC<br \/>\nKlingenstil: Drop Point<br \/>\nEins\u00e4tze: Flach<br \/>\nKantenart: glatt<br \/>\n Griffl\u00e4nge: 8,05 cm<br \/>\n Griffst\u00e4rke: 0,8 cm<br \/>\n Griffmaterial: Aluminium<br \/>\n Gewicht: 1,24 oz.<br \/>\nBenutzer: Rechte Hand<br \/>\nTaschenclip: Tip-Down<br \/>\nMessertyp: Double-Action OTF Automatic<br \/>\n\u00d6ffner: Daumenschieber<br \/>\nMarke: Microtech<br \/>\nModell: UTX-70<br \/>\nHerkunftsland: USA<br \/>\nBeste Verwendung: allt\u00e4gliches Tragen, taktisch<\/p>\n<p><iframe title=\"Microtech Combat Troodon Torture Test\" width=\"800\" height=\"450\" src=\"https:\/\/www.youtube.com\/embed\/xE9TeOFYEjg?feature=oembed\" frameborder=\"0\" allow=\"accelerometer; autoplay; clipboard-write; encrypted-media; gyroscope; picture-in-picture; web-share\" allowfullscreen><\/iframe><\/p>\n<p>&nbsp;<\/p>\n","protected":false},"excerpt":{"rendered":"<p>Im Laufe der Jahre hat <strong>Microtech\u00ae Knives<\/strong> Leidenschaft und K\u00f6nnen in die Herstellung von Messern einflie\u00dfen lassen und dabei beinahe Kunstwerke geschaffen, die den Gipfel der Funktionalit\u00e4t darstellen. Alle Teile werden in den USA hergestellt.<br \/>\n <strong>F\u00fcr alle Messer von Microtech gilt eine lebenslange Garantie.<\/strong><\/p>\n<p> <strong>Kostenloser Versand.<\/strong><\/p>\n","protected":false},"featured_media":311587,"comment_status":"open","ping_status":"closed","template":"","meta":[],"pwb-brand":[3278],"product_brand":[],"product_cat":[3343,3285],"product_tag":[3669],"class_list":{"0":"post-311582","1":"product","2":"type-product","3":"status-publish","4":"has-post-thumbnail","6":"pwb-brand-microtech-de","7":"product_cat-schiesmesser","8":"product_cat-messer","9":"product_tag-b2b-de","11":"first","12":"outofstock","13":"taxable","14":"shipping-taxable","15":"purchasable","16":"product-type-simple"},"brands":[{"id":3278,"name":"Microtech","slug":"microtech-de"}],"_links":{"self":[{"href":"https:\/\/www.moskito.cz\/de\/wp-json\/wp\/v2\/product\/311582","targetHints":{"allow":["GET"]}}],"collection":[{"href":"https:\/\/www.moskito.cz\/de\/wp-json\/wp\/v2\/product"}],"about":[{"href":"https:\/\/www.moskito.cz\/de\/wp-json\/wp\/v2\/types\/product"}],"replies":[{"embeddable":true,"href":"https:\/\/www.moskito.cz\/de\/wp-json\/wp\/v2\/comments?post=311582"}],"wp:featuredmedia":[{"embeddable":true,"href":"https:\/\/www.moskito.cz\/de\/wp-json\/wp\/v2\/media\/311587"}],"wp:attachment":[{"href":"https:\/\/www.moskito.cz\/de\/wp-json\/wp\/v2\/media?parent=311582"}],"wp:term":[{"taxonomy":"pwb-brand","embeddable":true,"href":"https:\/\/www.moskito.cz\/de\/wp-json\/wp\/v2\/pwb-brand?post=311582"},{"taxonomy":"product_brand","embeddable":true,"href":"https:\/\/www.moskito.cz\/de\/wp-json\/wp\/v2\/product_brand?post=311582"},{"taxonomy":"product_cat","embeddable":true,"href":"https:\/\/www.moskito.cz\/de\/wp-json\/wp\/v2\/product_cat?post=311582"},{"taxonomy":"product_tag","embeddable":true,"href":"https:\/\/www.moskito.cz\/de\/wp-json\/wp\/v2\/product_tag?post=311582"}],"curies":[{"name":"wp","href":"https:\/\/api.w.org\/{rel}","templated":true}]}}