{"id":311585,"date":"2022-10-09T16:58:21","date_gmt":"2024-02-06T19:34:37","guid":{"rendered":"https:\/\/www.moskito.cz\/produkt\/schiessmesser-microtech-utx-70-149-12-tq\/"},"modified":"2025-05-07T11:01:57","modified_gmt":"2025-05-07T10:01:57","slug":"schiessmesser-microtech-utx-70-149-12-tq","status":"publish","type":"product","link":"https:\/\/www.moskito.cz\/de\/produkt\/schiessmesser-microtech-utx-70-149-12-tq\/","title":{"rendered":"Schie\u00dfmesser Microtech UTX-70 149-12 TQ"},"content":{"rendered":"<p>Schie\u00dfmesser <strong>Microtech<\/strong> UTX-70 149-12 TQ.<\/p>\n<p>Dieses UTX-70 verf\u00fcgt \u00fcber eine Stonewash-Tantoklinge mit einem t\u00fcrkis eloxierten 6061-T6-Aluminiumgriff. Beschl\u00e4ge im Used-Look, Daumenschieber und Taschenclip runden die elegante Sammler\u00e4sthetik ab.<\/p>\n<p>Wenn Sie auf der Suche nach einem \u00e4u\u00dferst kompakten und versteckbaren OTF-Messer sind, ist das UTX-70 die perfekte Wahl. Mit 70 % der Gr\u00f6\u00dfe des klassischen Ultratech-Modells von Microtech verf\u00fcgt das UTX-70-Messer \u00fcber das legend\u00e4re Design und die Double-Action-Leistung seines gr\u00f6\u00dferen Geschwisters und bietet gleichzeitig un\u00fcbertroffenen Tragekomfort im Alltag.<\/p>\n<p>Die Klingenentfaltung erfolgt beim UTX-70 \u2013 wie bei jedem Microtech D\/A-Automatikmesser \u2013 durch Vorw\u00e4rtsschieben des Ausl\u00f6seknopfes. Es erfordert festen Druck, wodurch die M\u00f6glichkeit eines versehentlichen Schusses ausgeschlossen ist. Um die Klinge zu schlie\u00dfen, ziehen Sie einfach den Ausl\u00f6seknopf zur\u00fcck. Die Aktion ist vorhersehbar schnell und pr\u00e4zise, \u200b\u200bein Markenzeichen von Microtech-Messern.<\/p>\n<p>Gesamtl\u00e4nge: 14,07 cm<br \/>\nKlingenl\u00e4nge: 6,02 cm<br \/>\nKlingenst\u00e4rke: 0,2 cm<br \/>\nKlingenmaterial: B\u00f6hler M390<br \/>\nH\u00e4rte: 59-60 \u00b0 RC<br \/>\nKlingenstil: Drop Point<br \/>\nRandtyp: Uni<br \/>\nGriffl\u00e4nge: 8,05 cm<br \/>\nGriffst\u00e4rke: 0,8 cm<br \/>\nGriffmaterial: Aluminium<br \/>\nGewicht: 1,24 Unzen.<br \/>\nBenutzer: Rechte Hand<br \/>\nTaschenclip: Tip-Down<br \/>\nMessertyp: Double-Action OTF Automatic<br \/>\n\u00d6ffner: Daumenschieber<br \/>\nMarke: Microtech<br \/>\nModell: UTX-70<br \/>\nHerkunftsland: USA<br \/>\nBeste Verwendung: allt\u00e4gliches Tragen, taktisch.<\/p>\n<p><iframe title=\"Microtech Combat Troodon Torture Test\" width=\"800\" height=\"450\" src=\"https:\/\/www.youtube.com\/embed\/xE9TeOFYEjg?feature=oembed\" frameborder=\"0\" allow=\"accelerometer; autoplay; clipboard-write; encrypted-media; gyroscope; picture-in-picture; web-share\" allowfullscreen><\/iframe><\/p>\n<p>&nbsp;<\/p>\n","protected":false},"excerpt":{"rendered":"<p>Im Laufe der Jahre hat <strong>Microtech\u00ae Knives<\/strong> Messer mit Leidenschaft und K\u00f6nnen gef\u00fcllt, um nahezu Kunstwerke zu schaffen, die den Gipfel der Funktionalit\u00e4t darstellen. Alle Teile werden in den USA hergestellt.<br \/>\n<strong>F\u00fcr alle Microtech-Messer gilt eine lebenslange Garantie.<\/strong><\/p>\n","protected":false},"featured_media":311609,"comment_status":"open","ping_status":"closed","template":"","meta":[],"pwb-brand":[3278],"product_brand":[],"product_cat":[3285,3343],"product_tag":[3669],"class_list":{"0":"post-311585","1":"product","2":"type-product","3":"status-publish","4":"has-post-thumbnail","6":"pwb-brand-microtech-de","7":"product_cat-messer","8":"product_cat-schiesmesser","9":"product_tag-b2b-de","11":"first","12":"instock","13":"taxable","14":"shipping-taxable","15":"purchasable","16":"product-type-simple"},"brands":[{"id":3278,"name":"Microtech","slug":"microtech-de"}],"_links":{"self":[{"href":"https:\/\/www.moskito.cz\/de\/wp-json\/wp\/v2\/product\/311585","targetHints":{"allow":["GET"]}}],"collection":[{"href":"https:\/\/www.moskito.cz\/de\/wp-json\/wp\/v2\/product"}],"about":[{"href":"https:\/\/www.moskito.cz\/de\/wp-json\/wp\/v2\/types\/product"}],"replies":[{"embeddable":true,"href":"https:\/\/www.moskito.cz\/de\/wp-json\/wp\/v2\/comments?post=311585"}],"wp:featuredmedia":[{"embeddable":true,"href":"https:\/\/www.moskito.cz\/de\/wp-json\/wp\/v2\/media\/311609"}],"wp:attachment":[{"href":"https:\/\/www.moskito.cz\/de\/wp-json\/wp\/v2\/media?parent=311585"}],"wp:term":[{"taxonomy":"pwb-brand","embeddable":true,"href":"https:\/\/www.moskito.cz\/de\/wp-json\/wp\/v2\/pwb-brand?post=311585"},{"taxonomy":"product_brand","embeddable":true,"href":"https:\/\/www.moskito.cz\/de\/wp-json\/wp\/v2\/product_brand?post=311585"},{"taxonomy":"product_cat","embeddable":true,"href":"https:\/\/www.moskito.cz\/de\/wp-json\/wp\/v2\/product_cat?post=311585"},{"taxonomy":"product_tag","embeddable":true,"href":"https:\/\/www.moskito.cz\/de\/wp-json\/wp\/v2\/product_tag?post=311585"}],"curies":[{"name":"wp","href":"https:\/\/api.w.org\/{rel}","templated":true}]}}