{"id":311613,"date":"2022-10-19T22:19:02","date_gmt":"2022-10-19T21:19:02","guid":{"rendered":"https:\/\/www.moskito.cz\/produkt\/verschlussmesser-microtech-marfione-custom-knives-matrix-r-flipper-365-mck\/"},"modified":"2025-05-07T11:01:57","modified_gmt":"2025-05-07T10:01:57","slug":"verschlussmesser-microtech-marfione-custom-knives-matrix-r-flipper-365-mck","status":"publish","type":"product","link":"https:\/\/www.moskito.cz\/de\/produkt\/verschlussmesser-microtech-marfione-custom-knives-matrix-r-flipper-365-mck\/","title":{"rendered":"Verschlussmesser Microtech Marfione Custom Knives Matrix R Flipper 365-MCK"},"content":{"rendered":"<p>Verschlussmesser <strong>Microtech Marfione<\/strong> Custom Knives Matrix R Flipper 365-MCK.<\/p>\n<p>Mit dem Marfione Custom Matrix R erhalten Sie Top-Materialien, pr\u00e4zise Verarbeitung, hervorragende Ergonomie sowie Passform und Verarbeitung. Es liegt gut ergonomisch in der Hand und hat ein perfekt ausgewogenes Design. Die Form der Klinge ist ausgezeichnet \u2013 sie bietet viel Bauch zum Schneiden, eine gut verst\u00e4rkte Spitze zum Stechen und eine M\u00f6glichkeit, zus\u00e4tzlich zur Flossenlasche auch den Daumenschlitz zu \u00f6ffnen. Der gro\u00dfe Schlitz in der Klinge reduziert das Gewicht drastisch auf ein f\u00fcr seine beeindruckende Gr\u00f6\u00dfe sehr handliches Ma\u00df. Es passt alles gut zusammen, sieht pers\u00f6nlich gro\u00dfartig aus und wir sind sicher, dass Sie beeindruckt sein werden.<\/p>\n<p>Die Gr\u00f6\u00dfe ist ideal, wenn Sie eine gr\u00f6\u00dfere EDC-Klinge bevorzugen, die sich problemlos in eine taktische Rolle einf\u00fcgen l\u00e4sst. Der Griff besteht aus wundersch\u00f6n bearbeitetem Titan mit einer beliebten elektrisch geladenen ge\u00e4tzten Oberfl\u00e4che, die Tony derzeit Galactic Acid nennt. Es wird mit einem bronzenen Titan-Glasbrecher am hinteren Ende und einem aufwendig gefr\u00e4sten passenden Backspacer mit einer kleinen Fangriemen\u00f6se geliefert. Die Klinge aus rostfreiem M390-Stahl bietet Ihnen die M\u00f6glichkeit, zum \u00d6ffnen der Klinge einen Flipper-Mechanismus oder eine Blutrille zu verwenden, und beide funktionieren gleich gut. Es ist ein Messer, das Sie jeden Tag tragen m\u00f6chten und das mit Sicherheit in k\u00fcrzester Zeit zu einem Favoriten in der Sammlung wird. Inklusive Echtheitszertifikat aus Metall, ma\u00dfgeschneidertem Nylon-Rei\u00dfverschlussbeutel sowie Meadow Viper Spartan-Perle und Umh\u00e4ngeband.<\/p>\n<p>Spezifikationen<br \/>\nKlingenl\u00e4nge: 9,375 cm<br \/>\nGesamtl\u00e4nge: 23,43 cm<br \/>\nKlingenmaterial: Edelstahl M390<br \/>\nKlingenst\u00e4rke: 0,41 cm<br \/>\nKlingenstil: Drop Point<br \/>\nKlingenschliff: Hohl<br \/>\nKlingenoberfl\u00e4che: Spiegel<br \/>\nGriffmaterial: Galaktisches Titan<br \/>\nVerriegelungsmechanismus: Rahmenschloss<br \/>\nStiftbaugruppe: Lager<br \/>\nTaschenclip: Bronze-Titan (faltbar, rechter Verschlei\u00df)<br \/>\nGeh\u00e4usematerial: Nylon mit Rei\u00dfverschluss<br \/>\nGewicht: 6,84 Unzen.<br \/>\nDesigner: Tony Marfione<br \/>\nBeschl\u00e4ge aus bronzefarbenem Titan<br \/>\nHandgefertigt in den USA<\/p>\n<p><iframe title=\"Microtech Combat Troodon Torture Test\" width=\"800\" height=\"450\" src=\"https:\/\/www.youtube.com\/embed\/xE9TeOFYEjg?feature=oembed\" frameborder=\"0\" allow=\"accelerometer; autoplay; clipboard-write; encrypted-media; gyroscope; picture-in-picture; web-share\" allowfullscreen><\/iframe><\/p>\n<p>&nbsp;<\/p>\n","protected":false},"excerpt":{"rendered":"<p>Mit Marfione Custom <strong>Matrix R<\/strong> erhalten Sie Top-Materialien, pr\u00e4zise Verarbeitung,<\/p>\n","protected":false},"featured_media":311636,"comment_status":"open","ping_status":"closed","template":"","meta":[],"pwb-brand":[3278],"product_brand":[],"product_cat":[3303,3285],"product_tag":[3669],"class_list":{"0":"post-311613","1":"product","2":"type-product","3":"status-publish","4":"has-post-thumbnail","6":"pwb-brand-microtech-de","7":"product_cat-schliesmesser","8":"product_cat-messer","9":"product_tag-b2b-de","11":"first","12":"instock","13":"taxable","14":"shipping-taxable","15":"purchasable","16":"product-type-simple"},"brands":[{"id":3278,"name":"Microtech","slug":"microtech-de"}],"_links":{"self":[{"href":"https:\/\/www.moskito.cz\/de\/wp-json\/wp\/v2\/product\/311613","targetHints":{"allow":["GET"]}}],"collection":[{"href":"https:\/\/www.moskito.cz\/de\/wp-json\/wp\/v2\/product"}],"about":[{"href":"https:\/\/www.moskito.cz\/de\/wp-json\/wp\/v2\/types\/product"}],"replies":[{"embeddable":true,"href":"https:\/\/www.moskito.cz\/de\/wp-json\/wp\/v2\/comments?post=311613"}],"wp:featuredmedia":[{"embeddable":true,"href":"https:\/\/www.moskito.cz\/de\/wp-json\/wp\/v2\/media\/311636"}],"wp:attachment":[{"href":"https:\/\/www.moskito.cz\/de\/wp-json\/wp\/v2\/media?parent=311613"}],"wp:term":[{"taxonomy":"pwb-brand","embeddable":true,"href":"https:\/\/www.moskito.cz\/de\/wp-json\/wp\/v2\/pwb-brand?post=311613"},{"taxonomy":"product_brand","embeddable":true,"href":"https:\/\/www.moskito.cz\/de\/wp-json\/wp\/v2\/product_brand?post=311613"},{"taxonomy":"product_cat","embeddable":true,"href":"https:\/\/www.moskito.cz\/de\/wp-json\/wp\/v2\/product_cat?post=311613"},{"taxonomy":"product_tag","embeddable":true,"href":"https:\/\/www.moskito.cz\/de\/wp-json\/wp\/v2\/product_tag?post=311613"}],"curies":[{"name":"wp","href":"https:\/\/api.w.org\/{rel}","templated":true}]}}