{"id":311644,"date":"2022-10-09T12:53:03","date_gmt":"2022-10-09T11:53:03","guid":{"rendered":"https:\/\/www.moskito.cz\/produkt\/schiessmesser-microtech-hera-source-zweifarbige-drop-point-klinge-mit-goldenen-akzenten-703-1-tsos\/"},"modified":"2025-11-11T20:41:40","modified_gmt":"2025-11-11T19:41:40","slug":"schiessmesser-microtech-hera-source-zweifarbige-drop-point-klinge-mit-goldenen-akzenten-703-1-tsos","status":"publish","type":"product","link":"https:\/\/www.moskito.cz\/de\/produkt\/schiessmesser-microtech-hera-source-zweifarbige-drop-point-klinge-mit-goldenen-akzenten-703-1-tsos\/","title":{"rendered":"Schie\u00dfmesser Microtech Hera &#8218;Source&#8216; zweifarbige Drop-Point-Klinge mit goldenen Akzenten 703-1 TSOS"},"content":{"rendered":"<p><strong>Microtech<\/strong> Hera \u201eSource\u201c zweifarbige Drop-Point-Klinge mit goldenen Akzenten 703-1 TSOS Schie\u00dfmesser.<\/p>\n<p>Das Hera ist ein wundersch\u00f6nes Double-Action-Frontauto mit einer Rahmenform, die lose an das Troodon-Design angelehnt ist. Es ist jedoch ergonomischer, mit maschinell bearbeiteten Stellen an den Enden f\u00fcr besseren Halt und, unserer Meinung nach, f\u00fcr ein verbessertes Aussehen. Alles an diesem Design schreit sowohl nach Raffinesse als auch nach Funktionalit\u00e4t. Es ist eines der besten Allround-Automatik-OTF-Designs in einem extrem \u00fcberf\u00fcllten Bereich und hat genau die richtige Gr\u00f6\u00dfe f\u00fcr den t\u00e4glichen Gebrauch.<\/p>\n<p>Spezifikationen<br \/>\nKlingenl\u00e4nge: 8 cm<br \/>\nGesamtl\u00e4nge: 19 cm<br \/>\nKlingenmaterial: Der Klingenstahl f\u00fcr dieses Jahr wird Bohler M390 sein \u2013 Klingen k\u00f6nnen auch CTS-204P oder Elmax sein, solange der Vorrat reicht (Informationen von Microtech)<br \/>\nKlingenstil: Doppelschneidiger Dolch<br \/>\nKlingenschliff: Flach<br \/>\nKlingenoberfl\u00e4che: Schwarz zweifarbig mit goldenen Akzenten<br \/>\nGriffmaterial: eloxiertes Flugzeugaluminium<br \/>\nVerriegelungsmechanismus: Daumenschieber<br \/>\nTaschenclip: Titan (klappbar, rechts)<br \/>\nDesigner: Tony und Sean Marfione<br \/>\nHergestellt in den USA<\/p>\n<p><iframe title=\"Microtech Combat Troodon Torture Test\" width=\"800\" height=\"450\" src=\"https:\/\/www.youtube.com\/embed\/xE9TeOFYEjg?feature=oembed\" frameborder=\"0\" allow=\"accelerometer; autoplay; clipboard-write; encrypted-media; gyroscope; picture-in-picture; web-share\" allowfullscreen><\/iframe><\/p>\n<p>&nbsp;<\/p>\n","protected":false},"excerpt":{"rendered":"<p>Im Laufe der Jahre hat <strong>Microtech\u00ae<\/strong> Knives Messer mit Leidenschaft und K\u00f6nnen gef\u00fcllt, um nahezu Kunstwerke zu schaffen, die den Gipfel der Funktionalit\u00e4t darstellen. Alle Teile werden in den USA hergestellt.<br \/>\n<strong>Alle Microtech-Messer haben eine lebenslange Garantie (mindestens 80.000 Zyklen, \u00d6ffnen und Schlie\u00dfen).<\/strong><\/p>\n<p><strong>Kostenloser Transport.<\/strong><\/p>\n","protected":false},"featured_media":311659,"comment_status":"open","ping_status":"closed","template":"","meta":[],"pwb-brand":[3278],"product_brand":[],"product_cat":[3343,3285],"product_tag":[3669],"class_list":{"0":"post-311644","1":"product","2":"type-product","3":"status-publish","4":"has-post-thumbnail","6":"pwb-brand-microtech-de","7":"product_cat-schiesmesser","8":"product_cat-messer","9":"product_tag-b2b-de","11":"first","12":"instock","13":"taxable","14":"shipping-taxable","15":"purchasable","16":"product-type-simple"},"brands":[{"id":3278,"name":"Microtech","slug":"microtech-de"}],"_links":{"self":[{"href":"https:\/\/www.moskito.cz\/de\/wp-json\/wp\/v2\/product\/311644","targetHints":{"allow":["GET"]}}],"collection":[{"href":"https:\/\/www.moskito.cz\/de\/wp-json\/wp\/v2\/product"}],"about":[{"href":"https:\/\/www.moskito.cz\/de\/wp-json\/wp\/v2\/types\/product"}],"replies":[{"embeddable":true,"href":"https:\/\/www.moskito.cz\/de\/wp-json\/wp\/v2\/comments?post=311644"}],"wp:featuredmedia":[{"embeddable":true,"href":"https:\/\/www.moskito.cz\/de\/wp-json\/wp\/v2\/media\/311659"}],"wp:attachment":[{"href":"https:\/\/www.moskito.cz\/de\/wp-json\/wp\/v2\/media?parent=311644"}],"wp:term":[{"taxonomy":"pwb-brand","embeddable":true,"href":"https:\/\/www.moskito.cz\/de\/wp-json\/wp\/v2\/pwb-brand?post=311644"},{"taxonomy":"product_brand","embeddable":true,"href":"https:\/\/www.moskito.cz\/de\/wp-json\/wp\/v2\/product_brand?post=311644"},{"taxonomy":"product_cat","embeddable":true,"href":"https:\/\/www.moskito.cz\/de\/wp-json\/wp\/v2\/product_cat?post=311644"},{"taxonomy":"product_tag","embeddable":true,"href":"https:\/\/www.moskito.cz\/de\/wp-json\/wp\/v2\/product_tag?post=311644"}],"curies":[{"name":"wp","href":"https:\/\/api.w.org\/{rel}","templated":true}]}}