{"id":311686,"date":"2022-10-07T19:46:43","date_gmt":"2024-02-06T19:34:54","guid":{"rendered":"https:\/\/www.moskito.cz\/produkt\/schiessmesser-microtech-troodon-140-1-cta\/"},"modified":"2025-05-07T11:01:59","modified_gmt":"2025-05-07T10:01:59","slug":"schiessmesser-microtech-troodon-140-1-cta","status":"publish","type":"product","link":"https:\/\/www.moskito.cz\/de\/produkt\/schiessmesser-microtech-troodon-140-1-cta\/","title":{"rendered":"Schie\u00dfmesser Microtech Troodon 140-1 CTA"},"content":{"rendered":"<p>Schie\u00dfmesser <strong>Microtech<\/strong> Troodon 140-1 CTA.<\/p>\n<p>Dieses nach dem Dinosaurier Troodon (troh-o-don) benannte Messer l\u00e4utet eine neue \u00c4ra der Microtech-Messer ein. Troodon bedeutet auf Griechisch \u201eZahnwunde\u201c. Zu den neuen Verbesserungen geh\u00f6ren ein neuer schlanker Griff, eine konturierte Form und radikale Designelemente sowie ein ausgekl\u00fcgelter interner Mechanismus, der die Betriebsfunktionalit\u00e4t und Zuverl\u00e4ssigkeit verbessert. Troodon kombiniert neue Spitzentechnologie mit dem Gef\u00fchl klassischer Microtech. Dieses Projekt wurde pers\u00f6nlich von Anthony Marfione geleitet und bestand aus einer internen Zusammenarbeit des Microtech-Teams. Der Troodon war 2006 das Flaggschiff der gesamten Produktlinie von Microtech.<\/p>\n<p>Gesamtl\u00e4nge: 19,2 cm<br \/>\nKlingenl\u00e4nge: 7,5 cm<br \/>\nKlingenmaterial: 204P<br \/>\nKlingenstil: Tanto<br \/>\nEins\u00e4tze: Flach<br \/>\nRandtyp: Uni<br \/>\nGriffl\u00e4nge: 10,63 cm<br \/>\nGriffst\u00e4rke: 1,12 cm<br \/>\nGriffmaterial: Aluminium<br \/>\nGewicht: 3,00 Unzen.<br \/>\nBenutzer: Rechte Hand<br \/>\nTaschenclip: Tip-Down<br \/>\nMessertyp: Automatisch<br \/>\n\u00d6ffner: Daumenschieber<br \/>\nMarke: Microtech<br \/>\nModell: Troodon<br \/>\nHerkunftsland: USA<\/p>\n<p><iframe title=\"Microtech Combat Troodon Torture Test\" width=\"800\" height=\"450\" src=\"https:\/\/www.youtube.com\/embed\/xE9TeOFYEjg?feature=oembed\" frameborder=\"0\" allow=\"accelerometer; autoplay; clipboard-write; encrypted-media; gyroscope; picture-in-picture; web-share\" allowfullscreen><\/iframe><\/p>\n<p>&nbsp;<\/p>\n","protected":false},"excerpt":{"rendered":"<p>Im Laufe der Jahre hat <strong>Microtech\u00ae<\/strong> Knives Messer mit Leidenschaft und K\u00f6nnen gef\u00fcllt, um nahezu Kunstwerke zu schaffen, die den Gipfel der Funktionalit\u00e4t darstellen. Alle Teile werden in den USA hergestellt.<br \/>\n<strong>Alle Microtech-Messer haben eine lebenslange Garantie (mindestens 80.000 Zyklen, \u00d6ffnen und Schlie\u00dfen).<\/strong><\/p>\n","protected":false},"featured_media":311687,"comment_status":"open","ping_status":"closed","template":"","meta":[],"pwb-brand":[3278],"product_brand":[],"product_cat":[3285,3343],"product_tag":[3669],"class_list":{"0":"post-311686","1":"product","2":"type-product","3":"status-publish","4":"has-post-thumbnail","6":"pwb-brand-microtech-de","7":"product_cat-messer","8":"product_cat-schiesmesser","9":"product_tag-b2b-de","11":"first","12":"instock","13":"taxable","14":"shipping-taxable","15":"purchasable","16":"product-type-simple"},"brands":[{"id":3278,"name":"Microtech","slug":"microtech-de"}],"_links":{"self":[{"href":"https:\/\/www.moskito.cz\/de\/wp-json\/wp\/v2\/product\/311686","targetHints":{"allow":["GET"]}}],"collection":[{"href":"https:\/\/www.moskito.cz\/de\/wp-json\/wp\/v2\/product"}],"about":[{"href":"https:\/\/www.moskito.cz\/de\/wp-json\/wp\/v2\/types\/product"}],"replies":[{"embeddable":true,"href":"https:\/\/www.moskito.cz\/de\/wp-json\/wp\/v2\/comments?post=311686"}],"wp:featuredmedia":[{"embeddable":true,"href":"https:\/\/www.moskito.cz\/de\/wp-json\/wp\/v2\/media\/311687"}],"wp:attachment":[{"href":"https:\/\/www.moskito.cz\/de\/wp-json\/wp\/v2\/media?parent=311686"}],"wp:term":[{"taxonomy":"pwb-brand","embeddable":true,"href":"https:\/\/www.moskito.cz\/de\/wp-json\/wp\/v2\/pwb-brand?post=311686"},{"taxonomy":"product_brand","embeddable":true,"href":"https:\/\/www.moskito.cz\/de\/wp-json\/wp\/v2\/product_brand?post=311686"},{"taxonomy":"product_cat","embeddable":true,"href":"https:\/\/www.moskito.cz\/de\/wp-json\/wp\/v2\/product_cat?post=311686"},{"taxonomy":"product_tag","embeddable":true,"href":"https:\/\/www.moskito.cz\/de\/wp-json\/wp\/v2\/product_tag?post=311686"}],"curies":[{"name":"wp","href":"https:\/\/api.w.org\/{rel}","templated":true}]}}