{"id":311697,"date":"2022-10-03T20:34:27","date_gmt":"2024-02-06T19:35:08","guid":{"rendered":"https:\/\/www.moskito.cz\/produkt\/schliessmesser-microtech-socom-bravo-261-8cfti\/"},"modified":"2025-05-07T11:01:59","modified_gmt":"2025-05-07T10:01:59","slug":"schliessmesser-microtech-socom-bravo-261-8cfti","status":"publish","type":"product","link":"https:\/\/www.moskito.cz\/de\/produkt\/schliessmesser-microtech-socom-bravo-261-8cfti\/","title":{"rendered":"Schlie\u00dfmesser Microtech Socom Bravo 261-8CFTI"},"content":{"rendered":"<p>Schlie\u00dfmesser <strong>Microtech<\/strong> Socom Bravo 261-8CFTI.<\/p>\n<p>Das Microtech Socom Bravo Titanium Carbon Klappmesser ist in jeder Hinsicht ein Juwel unter den Klappmessern. Bei der Erf\u00fcllung der Schneidfunktion des Messers steht hochwertiges Klingenmaterial (M390) im Vordergrund. Sammeln Sie dieses SRPS-Material III. Generation tr\u00e4gt Brennholz in den Wald, aber es ist Nein. 1 unter den Klingenmaterialien im Moment. Die Form der Klinge (neu konzipierter Drop Point) mit ausgepr\u00e4gter Unterdruckrille (\u201eBlutrille\u201c) geht Hand in Hand mit dem Material. Die Stonewash-Klinge ist auf beiden Seiten mit \u00d6ffnungsstiften ausgestattet, das Messer ist jedoch f\u00fcr \u201eRechtsh\u00e4nder\u201c gedacht. Das Schleifen sowohl der Facette als auch der Spitze ist Handarbeit und erf\u00fcllt die Schneid- und Eindringfunktionen vollst\u00e4ndig. Die Lagerung der Klinge im Keramiklager und im Geh\u00e4use aus Berylliumbronze weist auch nach rauer Handhabung kein sichtbares Spiel auf (die Lagerung des Geh\u00e4uses ist vermutlich eingepresst \u2013 eine \u00dcberlappung von zehn Mikrometern!). Der Griff ist die Vereinheitlichung von strukturellem Design (Anwendung eines Werkst\u00fccks aus 3D-Titan, verst\u00e4rkt mit Carboneins\u00e4tzen, f\u00fcr ein besseres Griffgef\u00fchl), Praktikabilit\u00e4t (Aufrauung der R\u00fcckseite f\u00fcr einen einfacheren und festeren Halt des Messers beim Druckschneiden). Loch f\u00fcr Paracord-Befestigung), Ergonomie (angenehmer Griff trotz Kanten und F\u00fchrungsrille des \u00d6ffnungsdaumens) und Festigkeit (Schutz der Titanfeder des Schlosses vor dem Aufprall der Klingen). Alle genannten Eigenschaften stellen das vorgestellte Klappmesser an die Spitze der zeitgen\u00f6ssischen Messerherstellung.<\/p>\n<p>Der neue Socom Bravo von Microtech, der sich mit Rike Knives zusammengetan hat, um diese Edition zu produzieren. Dieses Modell verf\u00fcgt \u00fcber einen Griff aus gestrahltem Titan mit einer Kohlefaserschale. Es verf\u00fcgt \u00fcber eine einschneidige Klinge aus M390-Stahl mit einer einzigen Schneide. Blauer Titan-Drehkragen.<\/p>\n<p>Gesamtl\u00e4nge: 22,5 cm<br \/>\nKlingenl\u00e4nge: 10 cm<br \/>\nGriffl\u00e4nge: 12,5 cm<br \/>\nKlingenmaterial: M390<br \/>\nKlingenstil: Einzelschneide<br \/>\nFarbe: Gestrahltes Carbonfaser-Ti<br \/>\nGewicht: 5,8 Unzen.<\/p>\n<p><iframe title=\"SOCOM Bravo: Limited Edition Serrated and Signed by Anthony Marfione\" width=\"800\" height=\"450\" src=\"https:\/\/www.youtube.com\/embed\/_cp-uC2gPBM?feature=oembed\" frameborder=\"0\" allow=\"accelerometer; autoplay; clipboard-write; encrypted-media; gyroscope; picture-in-picture; web-share\" allowfullscreen><\/iframe><\/p>\n<p>&nbsp;<\/p>\n","protected":false},"excerpt":{"rendered":"<p>Im Laufe der Jahre hat Microtech\u00ae Knives Messer mit Leidenschaft und K\u00f6nnen gef\u00fcllt, um nahezu Kunstwerke zu schaffen, die den Gipfel der Funktionalit\u00e4t darstellen. Alle Teile werden in den USA hergestellt.<br \/>\n<strong>F\u00fcr alle Microtech-Messer gilt eine lebenslange Garantie.<\/strong><\/p>\n<p><strong>Kostenloser Transport.<\/strong><\/p>\n","protected":false},"featured_media":311699,"comment_status":"open","ping_status":"closed","template":"","meta":[],"pwb-brand":[3278],"product_brand":[],"product_cat":[3285,3303],"product_tag":[3669],"class_list":{"0":"post-311697","1":"product","2":"type-product","3":"status-publish","4":"has-post-thumbnail","6":"pwb-brand-microtech-de","7":"product_cat-messer","8":"product_cat-schliesmesser","9":"product_tag-b2b-de","11":"first","12":"outofstock","13":"taxable","14":"shipping-taxable","15":"purchasable","16":"product-type-simple"},"brands":[{"id":3278,"name":"Microtech","slug":"microtech-de"}],"_links":{"self":[{"href":"https:\/\/www.moskito.cz\/de\/wp-json\/wp\/v2\/product\/311697","targetHints":{"allow":["GET"]}}],"collection":[{"href":"https:\/\/www.moskito.cz\/de\/wp-json\/wp\/v2\/product"}],"about":[{"href":"https:\/\/www.moskito.cz\/de\/wp-json\/wp\/v2\/types\/product"}],"replies":[{"embeddable":true,"href":"https:\/\/www.moskito.cz\/de\/wp-json\/wp\/v2\/comments?post=311697"}],"wp:featuredmedia":[{"embeddable":true,"href":"https:\/\/www.moskito.cz\/de\/wp-json\/wp\/v2\/media\/311699"}],"wp:attachment":[{"href":"https:\/\/www.moskito.cz\/de\/wp-json\/wp\/v2\/media?parent=311697"}],"wp:term":[{"taxonomy":"pwb-brand","embeddable":true,"href":"https:\/\/www.moskito.cz\/de\/wp-json\/wp\/v2\/pwb-brand?post=311697"},{"taxonomy":"product_brand","embeddable":true,"href":"https:\/\/www.moskito.cz\/de\/wp-json\/wp\/v2\/product_brand?post=311697"},{"taxonomy":"product_cat","embeddable":true,"href":"https:\/\/www.moskito.cz\/de\/wp-json\/wp\/v2\/product_cat?post=311697"},{"taxonomy":"product_tag","embeddable":true,"href":"https:\/\/www.moskito.cz\/de\/wp-json\/wp\/v2\/product_tag?post=311697"}],"curies":[{"name":"wp","href":"https:\/\/api.w.org\/{rel}","templated":true}]}}