{"id":311708,"date":"2022-10-05T22:02:30","date_gmt":"2024-02-06T19:35:11","guid":{"rendered":"https:\/\/www.moskito.cz\/produkt\/schiessmesser-microtech-signature-series-utx-85-ii-232ii-1-ts\/"},"modified":"2025-05-07T11:01:59","modified_gmt":"2025-05-07T10:01:59","slug":"schiessmesser-microtech-signature-series-utx-85-ii-232ii-1-ts","status":"publish","type":"product","link":"https:\/\/www.moskito.cz\/de\/produkt\/schiessmesser-microtech-signature-series-utx-85-ii-232ii-1-ts\/","title":{"rendered":"Schie\u00dfmesser Microtech Signature Series UTX-85 II 232II-1 TS"},"content":{"rendered":"<p>Schie\u00dfmesser Microtech Signature Series UTX-85 II 232II-1 TS.<\/p>\n<p>Das Microtech UTX-85 OTF-Messer ist die perfekte Kombination aus kompakter Gr\u00f6\u00dfe und gro\u00dfartiger Leistung. Mit einer Gr\u00f6\u00dfe von 85 % Ultratech wird der Microtech UTX-85 aus denselben Materialien, auf denselben Maschinen und mit demselben Einfallsreichtum wie sein Vorg\u00e4nger hergestellt. Das Microtech UTX-85 ist das perfekte Messer f\u00fcr alle Situationen \u2013 egal welche Aufgabe Sie schneiden; es wird sich nahtlos in Ihren Lebensstil einf\u00fcgen. Dieser UTX-85 II verf\u00fcgt \u00fcber eine verbesserte Grifftextur f\u00fcr einen positiveren Kauf. Dank des schnellen \u00d6ffnens und Schlie\u00dfens mit einer Hand ist die Arbeit in Sekundenschnelle erledigt. Ausgestattet mit einem doppelseitigen Taschenclip und kompakter Gr\u00f6\u00dfe ist es die perfekte Wahl f\u00fcr den t\u00e4glichen Gebrauch und Transport.<\/p>\n<p>Technische Daten<br \/>\n Aktion: Doppelaktion \u2013 Automatisches Feuern\/Automatisches Einziehen<br \/>\n Dicke: 0,31 cm<br \/>\n Klingenl\u00e4nge: 7,5 cm<br \/>\n Bitte beachten Sie, dass der Klingenstahl nicht im Voraus festgelegt werden kann, da er je nach Verf\u00fcgbarkeit variieren kann (Angaben von Microtech)<br \/>\n Klingenstil: Drop Point<br \/>\n Chassis: 6061-T6 AL-Legierung, schwarz eloxiert nach Mil-Spec<br \/>\n Griffmaterial: Bearbeitetes Aluminium<br \/>\n Geschlossene L\u00e4nge: 11 cm<br \/>\n Gesamtl\u00e4nge: 18,45 cm<br \/>\n Taschenclip: 301 Edelstahl<br \/>\n Standardoberteil: 6061-T6 AL-Legierung<br \/>\n Abzug: 303 Edelstahl<br \/>\n Gewicht: 2,8 oz.<br \/>\n Hergestellt in den USA<\/p>\n<p><iframe title=\"Microtech Combat Troodon Torture Test\" width=\"800\" height=\"450\" src=\"https:\/\/www.youtube.com\/embed\/xE9TeOFYEjg?feature=oembed\" frameborder=\"0\" allow=\"accelerometer; autoplay; clipboard-write; encrypted-media; gyroscope; picture-in-picture; web-share\" allowfullscreen><\/iframe><\/p>\n<p>&nbsp;<\/p>\n","protected":false},"excerpt":{"rendered":"<p>Im Laufe der Jahre hat <strong>Microtech\u00ae Knives<\/strong> Messer mit Leidenschaft und K\u00f6nnen gef\u00fcllt, um nahezu Kunstwerke zu schaffen, die den Gipfel der Funktionalit\u00e4t darstellen. Alle Teile werden in den USA hergestellt.<br \/>\n<strong>F\u00fcr alle Microtech-Messer gilt eine lebenslange Garantie.<\/strong><\/p>\n<p><strong>Kostenloser Versand.<\/strong><\/p>\n","protected":false},"featured_media":311712,"comment_status":"open","ping_status":"closed","template":"","meta":[],"pwb-brand":[3278],"product_brand":[],"product_cat":[3285,3343],"product_tag":[3669],"class_list":{"0":"post-311708","1":"product","2":"type-product","3":"status-publish","4":"has-post-thumbnail","6":"pwb-brand-microtech-de","7":"product_cat-messer","8":"product_cat-schiesmesser","9":"product_tag-b2b-de","11":"first","12":"instock","13":"taxable","14":"shipping-taxable","15":"purchasable","16":"product-type-simple"},"brands":[{"id":3278,"name":"Microtech","slug":"microtech-de"}],"_links":{"self":[{"href":"https:\/\/www.moskito.cz\/de\/wp-json\/wp\/v2\/product\/311708","targetHints":{"allow":["GET"]}}],"collection":[{"href":"https:\/\/www.moskito.cz\/de\/wp-json\/wp\/v2\/product"}],"about":[{"href":"https:\/\/www.moskito.cz\/de\/wp-json\/wp\/v2\/types\/product"}],"replies":[{"embeddable":true,"href":"https:\/\/www.moskito.cz\/de\/wp-json\/wp\/v2\/comments?post=311708"}],"wp:featuredmedia":[{"embeddable":true,"href":"https:\/\/www.moskito.cz\/de\/wp-json\/wp\/v2\/media\/311712"}],"wp:attachment":[{"href":"https:\/\/www.moskito.cz\/de\/wp-json\/wp\/v2\/media?parent=311708"}],"wp:term":[{"taxonomy":"pwb-brand","embeddable":true,"href":"https:\/\/www.moskito.cz\/de\/wp-json\/wp\/v2\/pwb-brand?post=311708"},{"taxonomy":"product_brand","embeddable":true,"href":"https:\/\/www.moskito.cz\/de\/wp-json\/wp\/v2\/product_brand?post=311708"},{"taxonomy":"product_cat","embeddable":true,"href":"https:\/\/www.moskito.cz\/de\/wp-json\/wp\/v2\/product_cat?post=311708"},{"taxonomy":"product_tag","embeddable":true,"href":"https:\/\/www.moskito.cz\/de\/wp-json\/wp\/v2\/product_tag?post=311708"}],"curies":[{"name":"wp","href":"https:\/\/api.w.org\/{rel}","templated":true}]}}