{"id":311725,"date":"2022-10-05T20:35:21","date_gmt":"2024-02-06T19:35:17","guid":{"rendered":"https:\/\/www.moskito.cz\/produkt\/schiessmesser-microtech-utx-85-tuerkiser-griff-schwarze-klinge-231-1-tq\/"},"modified":"2025-05-07T11:02:00","modified_gmt":"2025-05-07T10:02:00","slug":"schiessmesser-microtech-utx-85-tuerkiser-griff-schwarze-klinge-231-1-tq","status":"publish","type":"product","link":"https:\/\/www.moskito.cz\/de\/produkt\/schiessmesser-microtech-utx-85-tuerkiser-griff-schwarze-klinge-231-1-tq\/","title":{"rendered":"Schie\u00dfmesser Microtech UTX-85 T\u00fcrkiser Griff, schwarze Klinge 231-1 TQ"},"content":{"rendered":"<p>Schie\u00dfmesser <strong>Microtech<\/strong> UTX-85 T\u00fcrkiser Griff, schwarze Klinge 231-1 TQ.<\/p>\n<p>Microtech-Messer | 231-1TQ UTX-85 S\/E \u2013 T\u00fcrkiser Griff \u2013 schwarze Klinge<br \/>\nDas UTX-85-Messer ist dem Ultratech nachempfunden, seine Gr\u00f6\u00dfe wurde jedoch um 85 % reduziert, sodass es die ideale Gr\u00f6\u00dfe zum Tragen hat. Der Griff ist so geformt, dass er gut in der Hand liegt.<\/p>\n<p>Gesamtl\u00e4nge: 7,21&#8243; (183 mm)<br \/>\nGeschlossene L\u00e4nge: 4,06&#8243; (103 mm)<br \/>\nKlingenl\u00e4nge: 3,08 Zoll (78 mm)<br \/>\nSchneidenl\u00e4nge: 2,96 Zoll (75 mm)<br \/>\nKlingenst\u00e4rke: 0,128 Zoll (3,23 mm)<br \/>\nKlingenstahl: Elmax, M390 oder 204P<br \/>\nKlingenfinish: Schwarz<br \/>\nKlingenstil: Drop Point<br \/>\nRandstil: einfarbig<br \/>\nGriffmaterial: t\u00fcrkisfarbenes Aluminium<br \/>\nGriffst\u00e4rke: 0,48 Zoll (12,19 mm)<br \/>\nTaschenclip: Spitze nach unten<br \/>\nGewicht: 2,9 oz (82,22 g)<br \/>\nHersteller Ref. #: 231-1TQ<br \/>\nHerkunftsland: USA<\/p>\n<p>Stahl: M390<\/p>\n<p><iframe title=\"Microtech Combat Troodon Torture Test\" width=\"800\" height=\"450\" src=\"https:\/\/www.youtube.com\/embed\/xE9TeOFYEjg?feature=oembed\" frameborder=\"0\" allow=\"accelerometer; autoplay; clipboard-write; encrypted-media; gyroscope; picture-in-picture; web-share\" allowfullscreen><\/iframe><\/p>\n","protected":false},"excerpt":{"rendered":"<p>Im Laufe der Jahre hat Microtech\u00ae Knives Messer mit Leidenschaft und K\u00f6nnen gef\u00fcllt, um nahezu Kunstwerke zu schaffen, die den Gipfel der Funktionalit\u00e4t darstellen. Alle Teile werden in den USA hergestellt.<br \/>\n<strong>F\u00fcr alle Microtech-Messer gilt eine lebenslange Garantie.<\/strong><\/p>\n<p><strong>Kostenloser Transport.<\/strong><\/p>\n","protected":false},"featured_media":311726,"comment_status":"open","ping_status":"closed","template":"","meta":[],"pwb-brand":[3278],"product_brand":[],"product_cat":[3285,3343],"product_tag":[3669],"class_list":{"0":"post-311725","1":"product","2":"type-product","3":"status-publish","4":"has-post-thumbnail","6":"pwb-brand-microtech-de","7":"product_cat-messer","8":"product_cat-schiesmesser","9":"product_tag-b2b-de","11":"first","12":"instock","13":"taxable","14":"shipping-taxable","15":"purchasable","16":"product-type-simple"},"brands":[{"id":3278,"name":"Microtech","slug":"microtech-de"}],"_links":{"self":[{"href":"https:\/\/www.moskito.cz\/de\/wp-json\/wp\/v2\/product\/311725","targetHints":{"allow":["GET"]}}],"collection":[{"href":"https:\/\/www.moskito.cz\/de\/wp-json\/wp\/v2\/product"}],"about":[{"href":"https:\/\/www.moskito.cz\/de\/wp-json\/wp\/v2\/types\/product"}],"replies":[{"embeddable":true,"href":"https:\/\/www.moskito.cz\/de\/wp-json\/wp\/v2\/comments?post=311725"}],"wp:featuredmedia":[{"embeddable":true,"href":"https:\/\/www.moskito.cz\/de\/wp-json\/wp\/v2\/media\/311726"}],"wp:attachment":[{"href":"https:\/\/www.moskito.cz\/de\/wp-json\/wp\/v2\/media?parent=311725"}],"wp:term":[{"taxonomy":"pwb-brand","embeddable":true,"href":"https:\/\/www.moskito.cz\/de\/wp-json\/wp\/v2\/pwb-brand?post=311725"},{"taxonomy":"product_brand","embeddable":true,"href":"https:\/\/www.moskito.cz\/de\/wp-json\/wp\/v2\/product_brand?post=311725"},{"taxonomy":"product_cat","embeddable":true,"href":"https:\/\/www.moskito.cz\/de\/wp-json\/wp\/v2\/product_cat?post=311725"},{"taxonomy":"product_tag","embeddable":true,"href":"https:\/\/www.moskito.cz\/de\/wp-json\/wp\/v2\/product_tag?post=311725"}],"curies":[{"name":"wp","href":"https:\/\/api.w.org\/{rel}","templated":true}]}}