{"id":311751,"date":"2022-09-30T22:23:00","date_gmt":"2024-02-06T19:37:32","guid":{"rendered":"https:\/\/www.moskito.cz\/produkt\/schiessmesser-microtech-hera-od-gruen-702-3od\/"},"modified":"2025-05-07T11:02:03","modified_gmt":"2025-05-07T10:02:03","slug":"schiessmesser-microtech-hera-od-gruen-702-3od","status":"publish","type":"product","link":"https:\/\/www.moskito.cz\/de\/produkt\/schiessmesser-microtech-hera-od-gruen-702-3od\/","title":{"rendered":"Schie\u00dfmesser Microtech Hera OD Gr\u00fcn 702-3OD"},"content":{"rendered":"<p>Schie\u00dfmesser <strong>Microtech<\/strong> Hera OD Gr\u00fcn 702-3OD.<\/p>\n<p>Das Hera ist ein wundersch\u00f6nes Double-Action-Frontauto mit einer Rahmenform, die lose an das Troodon-Design angelehnt ist. Es ist jedoch ergonomischer, mit maschinell bearbeiteten Stellen an den Enden f\u00fcr besseren Halt und, unserer Meinung nach, f\u00fcr ein verbessertes Aussehen. Alles an diesem Design schreit sowohl nach Raffinesse als auch nach Funktionalit\u00e4t. Es ist eines der besten Allround-Automatik-OTF-Designs in einem extrem \u00fcberf\u00fcllten Bereich und hat die Gr\u00f6\u00dfe, die genau einer Alltagstrage entspricht.<\/p>\n<p>Gesamtl\u00e4nge: 7,5\u2033 (190,5 mm)<br \/>\nGeschlossene L\u00e4nge: 4,5\u2033 (114,3 mm)<br \/>\nKlingenl\u00e4nge: 3\u2033 (76,2 mm)<br \/>\nKlingenst\u00e4rke: 0,079\u2033 (2mm)<br \/>\nKlingenfinish: Schwarz<br \/>\nGriffmaterial: Gr\u00fcnes Aluminium<br \/>\nTaschenclip: Tip-Down<br \/>\nHerkunftsland: USA<\/p>\n<p><iframe title=\"Microtech Combat Troodon Torture Test\" width=\"800\" height=\"450\" src=\"https:\/\/www.youtube.com\/embed\/xE9TeOFYEjg?feature=oembed\" frameborder=\"0\" allow=\"accelerometer; autoplay; clipboard-write; encrypted-media; gyroscope; picture-in-picture; web-share\" allowfullscreen><\/iframe><\/p>\n<p>&nbsp;<\/p>\n","protected":false},"excerpt":{"rendered":"<p>Im Laufe der Jahre hat <strong>Microtech\u00ae Knives<\/strong> Messer mit Leidenschaft und K\u00f6nnen gef\u00fcllt, um nahezu Kunstwerke zu schaffen, die den Gipfel der Funktionalit\u00e4t darstellen. Alle Teile werden in den USA hergestellt.<br \/>\n<strong>F\u00fcr alle Microtech-Messer gilt eine lebenslange Garantie.<\/strong><\/p>\n<p><strong>Kostenloser Transport.<\/strong><\/p>\n","protected":false},"featured_media":311752,"comment_status":"open","ping_status":"closed","template":"","meta":[],"pwb-brand":[3278],"product_brand":[],"product_cat":[3285,3343],"product_tag":[3669],"class_list":{"0":"post-311751","1":"product","2":"type-product","3":"status-publish","4":"has-post-thumbnail","6":"pwb-brand-microtech-de","7":"product_cat-messer","8":"product_cat-schiesmesser","9":"product_tag-b2b-de","11":"first","12":"instock","13":"taxable","14":"shipping-taxable","15":"purchasable","16":"product-type-simple"},"brands":[{"id":3278,"name":"Microtech","slug":"microtech-de"}],"_links":{"self":[{"href":"https:\/\/www.moskito.cz\/de\/wp-json\/wp\/v2\/product\/311751","targetHints":{"allow":["GET"]}}],"collection":[{"href":"https:\/\/www.moskito.cz\/de\/wp-json\/wp\/v2\/product"}],"about":[{"href":"https:\/\/www.moskito.cz\/de\/wp-json\/wp\/v2\/types\/product"}],"replies":[{"embeddable":true,"href":"https:\/\/www.moskito.cz\/de\/wp-json\/wp\/v2\/comments?post=311751"}],"wp:featuredmedia":[{"embeddable":true,"href":"https:\/\/www.moskito.cz\/de\/wp-json\/wp\/v2\/media\/311752"}],"wp:attachment":[{"href":"https:\/\/www.moskito.cz\/de\/wp-json\/wp\/v2\/media?parent=311751"}],"wp:term":[{"taxonomy":"pwb-brand","embeddable":true,"href":"https:\/\/www.moskito.cz\/de\/wp-json\/wp\/v2\/pwb-brand?post=311751"},{"taxonomy":"product_brand","embeddable":true,"href":"https:\/\/www.moskito.cz\/de\/wp-json\/wp\/v2\/product_brand?post=311751"},{"taxonomy":"product_cat","embeddable":true,"href":"https:\/\/www.moskito.cz\/de\/wp-json\/wp\/v2\/product_cat?post=311751"},{"taxonomy":"product_tag","embeddable":true,"href":"https:\/\/www.moskito.cz\/de\/wp-json\/wp\/v2\/product_tag?post=311751"}],"curies":[{"name":"wp","href":"https:\/\/api.w.org\/{rel}","templated":true}]}}